{"id":1755,"date":"2025-11-27T15:16:50","date_gmt":"2025-11-27T15:16:50","guid":{"rendered":"https:\/\/zsl.webwolfdesign.eu\/?page_id=1755"},"modified":"2026-04-21T14:37:03","modified_gmt":"2026-04-21T14:37:03","slug":"imprint","status":"publish","type":"page","link":"https:\/\/zsl-erlangen.de\/en\/imprint\/","title":{"rendered":"Imprint"},"content":{"rendered":"<div data-elementor-type=\"wp-page\" data-elementor-id=\"1755\" class=\"elementor elementor-1755\" data-elementor-post-type=\"page\">\n\t\t\t\t<div class=\"elementor-element elementor-element-3531bda e-con-full e-flex e-con e-child\" data-id=\"3531bda\" data-element_type=\"container\" data-e-type=\"container\">\n\t\t<div class=\"elementor-element elementor-element-3f77a37 e-flex e-con-boxed e-con e-child\" data-id=\"3f77a37\" data-element_type=\"container\" data-e-type=\"container\" data-settings=\"{&quot;background_background&quot;:&quot;classic&quot;}\">\n\t\t\t\t\t<div class=\"e-con-inner\">\n\t\t<div class=\"elementor-element elementor-element-fd0b7ae e-con-full e-flex e-con e-child\" data-id=\"fd0b7ae\" data-element_type=\"container\" data-e-type=\"container\" data-settings=\"{&quot;background_background&quot;:&quot;classic&quot;}\">\n\t\t\t\t<div class=\"elementor-element elementor-element-2c6af1d elementor-widget__width-initial elementor-widget elementor-widget-heading\" data-id=\"2c6af1d\" data-element_type=\"widget\" data-e-type=\"widget\" data-widget_type=\"heading.default\">\n\t\t\t\t\t<h2 class=\"elementor-heading-title elementor-size-default\">Imprint<\/h2>\t\t\t\t<\/div>\n\t\t\t\t<\/div>\n\t\t<div class=\"elementor-element elementor-element-c5c1d42 e-con-full e-flex e-con e-child\" data-id=\"c5c1d42\" data-element_type=\"container\" data-e-type=\"container\" data-settings=\"{&quot;background_background&quot;:&quot;classic&quot;}\">\n\t\t<div class=\"elementor-element elementor-element-6004111 e-con-full e-flex e-con e-child\" data-id=\"6004111\" data-element_type=\"container\" data-e-type=\"container\">\n\t\t\t\t<div class=\"elementor-element elementor-element-3da9374 elementor-widget elementor-widget-text-editor\" data-id=\"3da9374\" data-element_type=\"widget\" data-e-type=\"widget\" data-widget_type=\"text-editor.default\">\n\t\t\t\t\t\t\t\t\t<div class=\"row\"><p><strong>Center for Self-determined Life of the Disabled Erlangen<\/strong><\/p><p>Luitpoldstrasse 42\/44<br \/>91052 Erlangen<\/p><p>Phone: 09131 987830<br \/>E-Mail: <a href=\"mailto:briefkasten@zsl-erlangen.de\">briefkasten@zsl-erlangen.de<\/a><\/p><p><strong>Represented by:<\/strong><br \/>Executive Board - Christian Pfeuffer<br \/>Board members: Theresia Herden, Sylke Stricker, Marie Sieger, Josef Fleischmann, Samuel Faber<\/p><p><strong>Register entry:<\/strong><br \/>Registered in the register of associations.<br \/>Register court: Local court F\u00fcrth<br \/>Register number: VR 20908<\/p><p><strong>Sales tax ID: <\/strong><br \/>Sales tax identification number according to \u00a727a sales tax law:<br \/>216\/111\/70022<\/p><div class=\"col-12 col-lg-9\"><span style=\"font-family: -apple-system, BlinkMacSystemFont, 'Segoe UI', Roboto, 'Helvetica Neue', Arial, 'Noto Sans', sans-serif, 'Apple Color Emoji', 'Segoe UI Emoji', 'Segoe UI Symbol', 'Noto Color Emoji';\">Concept, design and programming:<\/span><\/div><\/div><div class=\"row\"><div class=\"col-12 col-lg-9 unterseitenText\"><p><strong>Webwolfdesign <\/strong>\u00a0| Freelance web designer<br \/><a href=\"https:\/\/webwolfdesign.de\" target=\"_blank\" rel=\"noopener\">webwolfdesign.com<\/a><\/p><p>This legal notice also applies to the following websites:<\/p><p><a href=\"https:\/\/www.teilhabeberatung-mittelfranken.de\/\" target=\"_blank\" rel=\"noopener\">Participation counseling-Mittelfranken.de<\/a><br \/>is responsible for their content:<br \/>Roman Kollar (address as above)<\/p><p><a class=\"ext\" href=\"http:\/\/froschatmung.de\/\" target=\"_blank\" rel=\"noopener noreferrer\">frogbreathing.com<\/a><br \/>is responsible for their content:<br \/>Rainer Ke\u00dfler (address as above)<\/p><p><strong>Disclaimer, limitation of liability and legal information<\/strong><\/p><p>The information on this website has been compiled and checked with the greatest possible care and to the best of our knowledge and belief. However, we assume no liability or guarantee for the accuracy, completeness and up-to-dateness of the information. The topicality and binding nature of the information cannot be guaranteed despite ongoing revisions.<\/p><p>The same applies to all other websites to which reference is made via cross-references or links for the use of third-party content in accordance with \u00a7 8 TMG. No responsibility can be accepted for linked web content, as this does not reflect our own content without our obligation to monitor and check it. For the initial linking to these Internet offers, we have checked these external contents for civil or criminal violations, at that time no such violations were recognizable.<\/p><p>The published content does not constitute binding or legal advice; legal advice is not provided. For advice and personal questions, please contact us personally.\u00a0<a href=\"https:\/\/zsl-erlangen.de\/en\/contact\/\" target=\"_blank\" rel=\"noopener\">Contact us<\/a>\u00a0to contact us and arrange an appointment.<\/p><p>Any kind of further use or reproduction of our content published here requires our written consent. If you wish to use parts or contents of our pages, please contact us.<\/p><p>We hereby expressly prohibit the use of contact data published as part of our obligation to provide a legal notice for the purpose of sending unsolicited advertising and information material. The operators of this website expressly reserve the right to take legal action in the event of the unsolicited sending of advertising information, such as spam e-mails.<\/p><\/div><\/div>\t\t\t\t\t\t\t\t<\/div>\n\t\t\t\t<\/div>\n\t\t\t\t<\/div>\n\t\t\t\t\t<\/div>\n\t\t\t\t<\/div>\n\t\t\t\t<\/div>\n\t\t\t\t<\/div>","protected":false},"excerpt":{"rendered":"<p>Impressum Zentrum f\u00fcr Selbstbestimmtes Leben Behinderter e.V. Erlangen Luitpoldstra\u00dfe 42\/4491052 Erlangen Telefon: 09131 987830E-Mail: briefkasten@zsl-erlangen.de Vertreten durch:Gesch\u00e4ftsf\u00fchrender Vorstand &#8211; Christian PfeufferVorst\u00e4nde: Theresia Herden, Sylke Stricker, Marie Sieger, Josef Fleischmann, Samuel Faber Registereintrag:Eingetragen im Vereinsregister.Registergericht: Amtsgericht F\u00fcrthRegisternummer: VR 20908 Umsatzsteuer-ID: Umsatzsteuer-Identifikationsnummer nach \u00a727a Umsatzsteuergesetz:216\/111\/70022 Konzeption, Design und Programmierung: Webwolfdesign \u00a0|\u00a0 Freiberuflicher Webdesignerwebwolfdesign.de Dieses Impressum gilt auch [&hellip;]<\/p>\n","protected":false},"author":1,"featured_media":0,"parent":0,"menu_order":0,"comment_status":"closed","ping_status":"closed","template":"","meta":{"footnotes":""},"class_list":["post-1755","page","type-page","status-publish","hentry"],"_links":{"self":[{"href":"https:\/\/zsl-erlangen.de\/en\/wp-json\/wp\/v2\/pages\/1755","targetHints":{"allow":["GET"]}}],"collection":[{"href":"https:\/\/zsl-erlangen.de\/en\/wp-json\/wp\/v2\/pages"}],"about":[{"href":"https:\/\/zsl-erlangen.de\/en\/wp-json\/wp\/v2\/types\/page"}],"author":[{"embeddable":true,"href":"https:\/\/zsl-erlangen.de\/en\/wp-json\/wp\/v2\/users\/1"}],"replies":[{"embeddable":true,"href":"https:\/\/zsl-erlangen.de\/en\/wp-json\/wp\/v2\/comments?post=1755"}],"version-history":[{"count":22,"href":"https:\/\/zsl-erlangen.de\/en\/wp-json\/wp\/v2\/pages\/1755\/revisions"}],"predecessor-version":[{"id":4568,"href":"https:\/\/zsl-erlangen.de\/en\/wp-json\/wp\/v2\/pages\/1755\/revisions\/4568"}],"wp:attachment":[{"href":"https:\/\/zsl-erlangen.de\/en\/wp-json\/wp\/v2\/media?parent=1755"}],"curies":[{"name":"wp","href":"https:\/\/api.w.org\/{rel}","templated":true}]}}