{"id":1760,"date":"2025-11-27T15:23:15","date_gmt":"2025-11-27T15:23:15","guid":{"rendered":"https:\/\/zsl.webwolfdesign.eu\/?page_id=1760"},"modified":"2026-01-25T18:59:37","modified_gmt":"2026-01-25T18:59:37","slug":"data-protection-declaration","status":"publish","type":"page","link":"https:\/\/zsl-erlangen.de\/en\/data-protection-declaration\/","title":{"rendered":"Privacy policy"},"content":{"rendered":"<div data-elementor-type=\"wp-page\" data-elementor-id=\"1760\" class=\"elementor elementor-1760\" data-elementor-post-type=\"page\">\n\t\t\t\t<div class=\"elementor-element elementor-element-69cb297 e-con-full e-flex e-con e-child\" data-id=\"69cb297\" data-element_type=\"container\" data-e-type=\"container\">\n\t\t<div class=\"elementor-element elementor-element-b74631f e-flex e-con-boxed e-con e-child\" data-id=\"b74631f\" data-element_type=\"container\" data-e-type=\"container\" data-settings=\"{&quot;background_background&quot;:&quot;classic&quot;}\">\n\t\t\t\t\t<div class=\"e-con-inner\">\n\t\t<div class=\"elementor-element elementor-element-b97cce5 e-con-full e-flex e-con e-child\" data-id=\"b97cce5\" data-element_type=\"container\" data-e-type=\"container\" data-settings=\"{&quot;background_background&quot;:&quot;classic&quot;}\">\n\t\t\t\t<div class=\"elementor-element elementor-element-ce250d8 elementor-widget__width-initial elementor-widget elementor-widget-heading\" data-id=\"ce250d8\" data-element_type=\"widget\" data-e-type=\"widget\" data-widget_type=\"heading.default\">\n\t\t\t\t\t<h2 class=\"elementor-heading-title elementor-size-default\">Privacy policy<\/h2>\t\t\t\t<\/div>\n\t\t\t\t<\/div>\n\t\t<div class=\"elementor-element elementor-element-beee77e e-con-full e-flex e-con e-child\" data-id=\"beee77e\" data-element_type=\"container\" data-e-type=\"container\" data-settings=\"{&quot;background_background&quot;:&quot;classic&quot;}\">\n\t\t<div class=\"elementor-element elementor-element-f4cd5ec e-con-full e-flex e-con e-child\" data-id=\"f4cd5ec\" data-element_type=\"container\" data-e-type=\"container\">\n\t\t\t\t<div class=\"elementor-element elementor-element-2eb5d52 elementor-widget elementor-widget-text-editor\" data-id=\"2eb5d52\" data-element_type=\"widget\" data-e-type=\"widget\" data-widget_type=\"text-editor.default\">\n\t\t\t\t\t\t\t\t\t<p>The protection of your personal data has a high priority. It is important to inform you about this. We treat your personal data confidentially and in accordance with the statutory data protection regulations and this privacy policy.<\/p><p>This privacy policy clarifies the nature, scope and purpose of the processing of personal data (hereinafter referred to as \u201edata\u201c) within our online offer and the associated websites, functions and content as well as external online presences, such as Teilhabeberatung-Mitteilfranken.de.<\/p><p>With regard to the terms used, such as \u201eprocessing\u201c, we refer to the definitions in Art. 4 of the General Data Protection Regulation (GDPR).<\/p><p><strong>Data collection on our website<\/strong><\/p><p>Who is responsible for data collection on this website?<br \/>Data processing on this website is carried out by the website operator.<br \/>You can find their contact details in the legal notice of this website.<\/p><p><strong>Types of data processed:<\/strong><\/p><ul><li>Inventory data (e.g., names, addresses).<\/li><li>Contact details (e.g., e-mail, telephone numbers).<\/li><li>Content data (e.g., text input).<\/li><li>Usage data (e.g., websites visited, interest in content, access times).<\/li><li>Meta\/communication data (e.g., device information, IP addresses).<\/li><\/ul><p>The use of our website is possible without providing personal data.<br \/>Insofar as personal data (e.g. name, address or e-mail addresses) is collected on our website, this is always done on a voluntary basis, as far as possible, as you provide it to us yourself with your knowledge. This data will not be passed on to third parties without your express consent.<\/p><p><strong>Server log files<\/strong><\/p><p>On the basis of our legitimate interests within the meaning of Art. 6 para. 1 lit. f. GDPR, we collect data about every access to the server on which this service is located (so-called server log files). The access data includes<\/p><ul><li>IP address of the requesting end device<\/li><li>Date and time of access<\/li><li>Name and URL of the retrieved file<\/li><li>Message as to whether the retrieval was successful<\/li><li>Website from which the access is made (referrer URL)<\/li><li>Search terms entered for the content of this Internet address, as well as the result for the search term<\/li><\/ul><p>This data cannot be assigned to specific persons. This data is not merged with other data sources.<br \/>The basis for data processing is Art. 6 para. 1 lit. b GDPR, which permits the processing of data for the fulfillment of a contract or pre-contractual measures.<br \/>We reserve the right to check this data retrospectively for security reasons (e.g. to clarify acts of abuse or fraud) if we become aware of specific indications of unlawful use. Data whose further retention is required for evidentiary purposes is excluded from deletion until the respective incident has been finally clarified.<\/p><p><strong>Purpose of the processing<\/strong><\/p><ul><li>Provision of the online offer, its functions and content.<\/li><li>Answering contact requests and communicating with users.<\/li><li>Safety measures.<\/li><li>Reach measurement\/marketing<\/li><\/ul><p><strong>Security<\/strong><\/p><p>This site uses SSL or TLS encryption for security reasons and to protect the transmission of content, such as messages or requests that you send to us as the site operator. You can recognize an encrypted connection by the fact that the address line of the browser changes from \u201chttp:\/\/\u201d to \u201chttps:\/\/\u201d and by the lock symbol in your browser line.<\/p><p>Whenever we collect and process personal data, it is encrypted before it is transmitted. This means that your data cannot be misused by third parties.<\/p><p>We ask you to inform yourself regularly about the content of our privacy policy. We will adapt the privacy policy as soon as changes to the data processing carried out by us make this necessary. We will inform you as soon as the changes require an act of cooperation on your part (e.g. consent) or other individual notification. Please ensure that you have the latest version.<\/p><p><strong><a class=\"word-link\" title=\"Contact form\" href=\"https:\/\/zsl-erlangen.de\/en\/contact\/\" target=\"_blank\" rel=\"noopener\">Contact form<\/a><\/strong><\/p><p>If you contact us via\u00a0<a class=\"word-link\" title=\"Contact form\" href=\"https:\/\/zsl-erlangen.de\/en\/contact\/\" target=\"_blank\" rel=\"noopener\">Contact form<\/a>\u00a0If you send us inquiries, your details from the inquiry form, including the contact details you provide there, will be stored by us for the purpose of processing the inquiry and in the event of follow-up questions. We will not pass on this data without your consent.<br \/>This also applies to your registration for writing reader opinions.<\/p><p>The processing of the data entered into the\u00a0<a class=\"word-link\" title=\"Contact form\" href=\"https:\/\/zsl-erlangen.de\/en\/contact\/\" target=\"_blank\" rel=\"noopener\">Contact form<\/a>\u00a0of the data entered is therefore based on your consent (Art. 6 para. 1 lit. a GDPR). You can revoke this consent at any time. All you need to do is send us an informal email. The legality of the data processing operations carried out until the revocation remains unaffected by the revocation.<\/p><p>The information you provided in the\u00a0<a class=\"word-link\" title=\"Contact form\" href=\"https:\/\/zsl-erlangen.de\/en\/contact\/\" target=\"_blank\" rel=\"noopener\">Contact form<\/a>\u00a0The data you enter will remain with us until you ask us to delete it, revoke your consent to storage or the purpose for data storage no longer applies (e.g. after your request has been processed). Mandatory statutory provisions - in particular retention periods - remain unaffected.<\/p><p><strong>Administration, financial accounting, office organization, contact management<\/strong><\/p><p>We process data as part of administrative tasks and the organization of our business, financial accounting and compliance with legal obligations, such as archiving. We process the same data that we process as part of the provision of our contractual services. The processing bases are Art. 6 para. 1 lit. c. GDPR, Art. 6 para. 1 lit. f. GDPR. Customers, interested parties, business partners and website visitors are affected by the processing. The purpose and our interest in the processing lies in the administration, financial accounting, office organization, archiving of data, i.e. tasks that serve to maintain our business activities, perform our tasks and provide our services. The deletion of data with regard to contractual services and contractual communication corresponds to the information specified in these processing activities.<\/p><p>We disclose or transmit data to the tax authorities, consultants such as tax advisors or auditors as well as other fee offices and payment service providers.<\/p><p>We also store information on suppliers, event organizers and other business partners on the basis of our business interests, e.g. for the purpose of contacting them at a later date. We generally store this data, most of which is company-related, permanently.<\/p><p><strong>Cooperation with processors and third parties<\/strong><\/p><p>If we disclose data to other persons and companies (processors or third parties) as part of our processing, transfer it to them or otherwise grant them access to the data, this will only be done on the basis of legal permission (e.g. if the transfer of data to third parties, such as payment service providers, is necessary for the performance of a contract pursuant to Art. 6 para. 1 lit. b GDPR), you have given your consent, a legal obligation provides for this or on the basis of our legitimate interests (e.g. when using agents, web hosts, etc.).<\/p><p>If we commission third parties with the processing of data on the basis of a so-called \u201eorder processing contract\u201c, this is done on the basis of Art. 28 GDPR.<\/p><p><strong>Transfers to third countries<\/strong><\/p><p>If we process data in a third country (i.e. outside the European Union (EU) or the European Economic Area (EEA)) or if this occurs in the context of the use of third-party services or disclosure or transfer of data to third parties, this will only take place if it is done to fulfill our (pre)contractual obligations, on the basis of your consent, on the basis of a legal obligation or on the basis of our legitimate interests. Subject to legal or contractual permissions, we only process or have the data processed in a third country if the special requirements of Art. 44 et seq. GDPR are met. This means, for example, that the processing takes place on the basis of special guarantees, such as the officially recognized determination of a level of data protection corresponding to the EU (e.g. for the USA through the \u201ePrivacy Shield\u201c) or compliance with officially recognized special contractual obligations (so-called \u201estandard contractual clauses\u201c).<\/p><p><strong>Rights of the data subjects<\/strong><\/p><p>Please contact us if you would like to find out what personal data we store about you (right of access, Art. 15 GDPR) or if you would like to have it corrected (Art. 16 GDPR) or deleted (Art. 17 GDPR). You also have the right to restrict processing (Art. 18 GDPR), the right to object to processing (Art. 21 GDPR) and the right to data portability (Art. 20 GDPR).<\/p><p>In these cases, please contact us directly.<\/p><p><strong>Right of withdrawal<\/strong><\/p><p>You have the right to withdraw your consent in accordance with Art. 7 (3) GDPR with effect for the future<\/p><p><strong>Right of objection<\/strong><\/p><p>You can object to the future processing of data concerning you at any time in accordance with Art. 21 GDPR.<\/p><p><strong>Integration of third-party services and content<\/strong><\/p><p>Other links to external providers. Insofar as there are links to websites of other providers, this data protection declaration does not apply to their content. What data the operators of external sites of other providers may collect is beyond our knowledge and influence. Information can be found in the data protection notice of the respective site.<\/p><p>On the basis of our legitimate interests (i.e. interest in the analysis, optimization and economic operation of our online offer within the meaning of Art. 6 para. 1 lit. f. GDPR), we use content or service offers from third-party providers within our online offer. GDPR), we use content or service offers from third-party providers to integrate their content and services, such as videos or fonts (hereinafter uniformly referred to as \u201ccontent\u201d).<\/p><p>This always presupposes that the third-party providers of this content are aware of the IP address of the user, as they would not be able to send the content to their browser without the IP address. The IP address is therefore required to display this content. We endeavor to only use content whose respective providers only use the IP address to deliver the content. Third-party providers may also use so-called pixel tags (invisible graphics, also known as \u201eweb beacons\u201c) for statistical or marketing purposes. Pixel tags can be used to analyze information such as visitor traffic on the pages of this website. The pseudonymous information may also be stored in cookies on the user's device and contain, among other things, technical information about the browser and operating system, referring websites, visiting time and other information about the use of our online offer, as well as being linked to such information from other sources.<\/p><p>Youtube<\/p><p>We integrate the videos of the platform \u201cYouTube\u201d of the provider Google LLC, 1600 Amphitheatre Parkway, Mountain View, CA 94043, USA.<br \/>Privacy policy:\u00a0<a class=\"ext\" href=\"https:\/\/www.google.com\/policies\/privacy\/\" target=\"_blank\" rel=\"noopener noreferrer\">https:\/\/www.google.com\/policies\/privacy\/<\/a>, Opt-Out:\u00a0<a class=\"ext\" href=\"https:\/\/adssettings.google.com\/authenticated\" target=\"_blank\" rel=\"noopener noreferrer\">https:\/\/adssettings.google.com\/authenticated<\/a>.<\/p><p>Google Fonts<\/p><p>We integrate the fonts (\u201eGoogle Fonts\u201c) of the provider Google LLC, 1600 Amphitheatre Parkway, Mountain View, CA 94043, USA.<br \/>Privacy policy:\u00a0<a class=\"ext\" href=\"https:\/\/www.google.com\/policies\/privacy\/\" target=\"_blank\" rel=\"noopener noreferrer\">https:\/\/www.google.com\/policies\/privacy\/<\/a>, Opt-Out:\u00a0<a class=\"ext\" href=\"https:\/\/adssettings.google.com\/authenticated\" target=\"_blank\" rel=\"noopener noreferrer\">https:\/\/adssettings.google.com\/authenticated<\/a>.<\/p><p>Google ReCaptcha<\/p><p>We integrate the function for recognizing bots, e.g. for entries in online forms (\u201eReCaptcha\u201c) of the provider Google LLC, 1600 Amphitheatre Parkway, Mountain View, CA 94043, USA. Privacy policy:\u00a0<a class=\"ext\" href=\"https:\/\/www.google.com\/policies\/privacy\/\" target=\"_blank\" rel=\"noopener noreferrer\">https:\/\/www.google.com\/policies\/privacy\/<\/a>, Opt-Out:\u00a0<a class=\"ext\" href=\"https:\/\/adssettings.google.com\/authenticated\" target=\"_blank\" rel=\"noopener noreferrer\">https:\/\/adssettings.google.com\/authenticated<\/a>.<\/p><p>Google Maps<\/p><p>This site uses the map service Google Maps via an API. The provider is Google Inc, 1600 Amphitheatre Parkway, Mountain View, CA 94043, USA.<\/p><p>To use the functions of Google Maps, it is necessary to save your IP address. This information is usually transferred to a Google server in the USA and stored there. The provider of this site has no influence on this data transfer.<\/p><p>The use of Google Maps is in the interest of an appealing presentation of our online offers and to make it easy to find the places we have indicated on the website. This constitutes a legitimate interest within the meaning of Art. 6 para. 1 lit. f GDPR.<\/p><p>You can find more information on the handling of user data in Google's privacy policy:\u00a0<a class=\"ext\" href=\"https:\/\/www.google.de\/intl\/de\/policies\/privacy\/\" target=\"_blank\" rel=\"noopener noreferrer\">https:\/\/www.google.de\/intl\/de\/policies\/privacy\/<\/a>.<\/p><p>Google Analytics<\/p><p>Our website uses functions of the web analysis service Google Analytics. The provider of the web analysis service is Google Inc, 1600 Amphitheatre Parkway, Mountain View, CA 94043, USA.<\/p><p>Google Analytics uses \u201ecookies.\u201c These are small text files that your web browser stores on your end device and enable website usage to be analyzed. Information generated by cookies about your use of our website is transmitted to a Google server and stored there. The server location is usually the USA.<\/p><p>Google Analytics cookies are set on the basis of Art. 6 para. 1 lit. f GDPR. As the operator of this website, we have a legitimate interest in analyzing user behavior in order to optimize our website and, if necessary, advertising.<\/p><p>IP anonymization<\/p><p>We use Google Analytics in conjunction with the IP anonymization function. It ensures that Google truncates your IP address within member states of the European Union or in other signatory states to the Agreement on the European Economic Area before transmitting it to the USA. There may be exceptional cases in which Google transmits the full IP address to a server in the USA and truncates it there. Google will use this information on our behalf for the purpose of evaluating your use of the website, compiling reports on website activity and providing us with other services relating to website activity and internet usage. The IP address transmitted by Google Analytics will not be merged with other Google data.<\/p><p>Browser plugin<\/p><p>The setting of cookies by your web browser can be prevented. However, this may restrict some functions of our website. You can also prevent the collection of data relating to your use of the website, including your IP address and subsequent processing by Google. You can do this by downloading and installing the browser plugin available via the following link:\u00a0<a href=\"https:\/\/tools.google.com\/dlpage\/gaoptout?hl=de\" target=\"_blank\" rel=\"noopener\">https:\/\/tools.google.com\/dlpage\/gaoptout?hl=de<\/a>.<\/p><p>Objection to data collection<\/p><div id=\"c228\" class=\"content-frame gridWrap frame-default frame-layout-0 frame-space-after-\"><div class=\"mainSeite\"><div id=\"c228\" class=\"frame frame-default frame-type-html frame-layout-0\"><div class=\"mainUnterseite\"><div class=\"container\"><div class=\"row\"><div class=\"col-12 col-lg-9\"><p>You can prevent the collection of your data by Google Analytics by clicking on the following link. An opt-out cookie will be set to prevent your data from being collected on future visits to this website:\u00a0<a>Deactivate Google Analytics<\/a><\/p><\/div><\/div><\/div><\/div><\/div><\/div><\/div><div id=\"c229\" class=\"content-frame gridWrap frame-default frame-layout-0 frame-space-after-\"><div class=\"mainUnterseite\"><div class=\"container\"><div class=\"row\"><div class=\"col-12 col-lg-9 unterseitenText\"><p>You can prevent the collection of your data by Google Analytics by clicking on the following link. An opt-out cookie will be set to prevent your data from being collected on future visits to this website: Deactivate Google Analytics<\/p><p>Details on how Google Analytics handles user data can be found in Google's privacy policy:\u00a0<a href=\"https:\/\/support.google.com\/analytics\/answer\/6004245?hl=de\" target=\"_blank\" rel=\"noopener\">https:\/\/support.google.com\/analytics\/answer\/6004245?hl=de<\/a>.<\/p><p>Order processing<\/p><p>We have concluded an order processing contract with Google in order to fully comply with the statutory data protection requirements.<\/p><p>Demographic characteristics in Google Analytics<\/p><p>Our website uses the \u201cdemographic characteristics\u201d function of Google Analytics. It can be used to create reports that contain statements about the age, gender and interests of site visitors. This data comes from interest-based advertising from Google and visitor data from third-party providers. It is not possible to assign the data to a specific person. You can deactivate this function at any time. This is possible via the ad settings in your Google account or by generally prohibiting the collection of your data by Google Analytics, as explained in the section \u201cObjection to data collection\u201d.<\/p><p>VGN<\/p><p>We integrate the travel form for timetable information from the provider Verkehrsverbund Gro\u00dfraum N\u00fcrnberg GmbH, Rothenburger Stra\u00dfe 9, 90443 Nuremberg.<br \/>Privacy policy:\u00a0<a class=\"ext\" href=\"https:\/\/www.vgn.de\/datenschutz\/\" target=\"_blank\" rel=\"noopener noreferrer\">https:\/\/www.vgn.de\/datenschutz\/<\/a><\/p><p><strong>Cookies<\/strong><\/p><p>Some of the Internet pages use so-called cookies. Cookies do not damage your computer and do not contain viruses. Cookies are used to make our website more user-friendly, effective and secure. Cookies are small text files that are stored on your computer and saved by your browser.<\/p><p>Most of the cookies we use are so-called \u201esession cookies\u201c. They are automatically deleted at the end of your visit. Other cookies remain stored on your end device until you delete them. These cookies enable us to recognize your browser on your next visit.<\/p><p>You can set your browser so that you are informed about the setting of cookies and only allow cookies in individual cases, exclude the acceptance of cookies for certain cases or in general and activate the automatic deletion of cookies when closing the browser. If cookies are deactivated, the functionality of this website may be restricted.<\/p><\/div><\/div><\/div><\/div><\/div>\t\t\t\t\t\t\t\t<\/div>\n\t\t\t\t<\/div>\n\t\t\t\t<\/div>\n\t\t\t\t\t<\/div>\n\t\t\t\t<\/div>\n\t\t\t\t<\/div>\n\t\t\t\t<\/div>","protected":false},"excerpt":{"rendered":"<p>Datenschutzerkl\u00e4rung Der Schutz Ihrer pers\u00f6nlichen Daten hat einen hohen Stellenwert. Es ist wichtig, Sie dar\u00fcber zu informieren. Wir behandeln Ihre personenbezogenen Daten vertraulich und entsprechend der gesetzlichen Datenschutzvorschriften sowie dieser Datenschutzerkl\u00e4rung. Diese Datenschutzerkl\u00e4rung kl\u00e4rt Sie \u00fcber die Art, den Umfang und Zweck der Verarbeitung von personenbezogenen Daten (nachfolgend kurz \u201eDaten\u201c) innerhalb unseres Onlineangebotes und der [&hellip;]<\/p>\n","protected":false},"author":1,"featured_media":0,"parent":0,"menu_order":0,"comment_status":"closed","ping_status":"closed","template":"","meta":{"footnotes":""},"class_list":["post-1760","page","type-page","status-publish","hentry"],"_links":{"self":[{"href":"https:\/\/zsl-erlangen.de\/en\/wp-json\/wp\/v2\/pages\/1760","targetHints":{"allow":["GET"]}}],"collection":[{"href":"https:\/\/zsl-erlangen.de\/en\/wp-json\/wp\/v2\/pages"}],"about":[{"href":"https:\/\/zsl-erlangen.de\/en\/wp-json\/wp\/v2\/types\/page"}],"author":[{"embeddable":true,"href":"https:\/\/zsl-erlangen.de\/en\/wp-json\/wp\/v2\/users\/1"}],"replies":[{"embeddable":true,"href":"https:\/\/zsl-erlangen.de\/en\/wp-json\/wp\/v2\/comments?post=1760"}],"version-history":[{"count":16,"href":"https:\/\/zsl-erlangen.de\/en\/wp-json\/wp\/v2\/pages\/1760\/revisions"}],"predecessor-version":[{"id":2929,"href":"https:\/\/zsl-erlangen.de\/en\/wp-json\/wp\/v2\/pages\/1760\/revisions\/2929"}],"wp:attachment":[{"href":"https:\/\/zsl-erlangen.de\/en\/wp-json\/wp\/v2\/media?parent=1760"}],"curies":[{"name":"wp","href":"https:\/\/api.w.org\/{rel}","templated":true}]}}