{"id":2778,"date":"2026-01-25T11:36:10","date_gmt":"2026-01-25T11:36:10","guid":{"rendered":"https:\/\/zsl.webwolfdesign.eu\/?page_id=2778"},"modified":"2026-05-04T13:41:08","modified_gmt":"2026-05-04T13:41:08","slug":"selebe-easy-language","status":"publish","type":"page","link":"https:\/\/zsl-erlangen.de\/en\/selebe-easy-language\/","title":{"rendered":"SeLeBe-leichte-sprache"},"content":{"rendered":"<div data-elementor-type=\"wp-page\" data-elementor-id=\"2778\" class=\"elementor elementor-2778\" data-elementor-post-type=\"page\">\n\t\t\t\t<main class=\"elementor-element elementor-element-4b1e20d e-con-full e-flex e-con e-parent\" data-id=\"4b1e20d\" data-element_type=\"container\" data-e-type=\"container\">\n\t\t<div class=\"elementor-element elementor-element-972cc32 e-con-full e-flex e-con e-child\" data-id=\"972cc32\" data-element_type=\"container\" data-e-type=\"container\" data-settings=\"{&quot;background_background&quot;:&quot;classic&quot;}\">\n\t\t\t\t<div class=\"elementor-element elementor-element-8bec262 elementor-widget elementor-widget-heading\" data-id=\"8bec262\" data-element_type=\"widget\" data-e-type=\"widget\" data-widget_type=\"heading.default\">\n\t\t\t\t\t<h2 class=\"elementor-heading-title elementor-size-default\">Page in easy language<\/h2>\t\t\t\t<\/div>\n\t\t<div class=\"elementor-element elementor-element-fa27d62 e-con-full e-flex e-con e-child\" data-id=\"fa27d62\" data-element_type=\"container\" data-e-type=\"container\">\n\t\t<div class=\"elementor-element elementor-element-b088417 e-con-full e-flex e-con e-child\" data-id=\"b088417\" data-element_type=\"container\" data-e-type=\"container\" data-settings=\"{&quot;background_background&quot;:&quot;gradient&quot;}\">\n\t\t\t\t<div class=\"elementor-element elementor-element-613c536 elementor-widget elementor-widget-text-editor\" data-id=\"613c536\" data-element_type=\"widget\" data-e-type=\"widget\" data-widget_type=\"text-editor.default\">\n\t\t\t\t\t\t\t\t\t<p>Project 2001 - 2005<\/p>\t\t\t\t\t\t\t\t<\/div>\n\t\t\t\t<div class=\"elementor-element elementor-element-fefd9f5 elementor-widget elementor-widget-heading\" data-id=\"fefd9f5\" data-element_type=\"widget\" data-e-type=\"widget\" data-widget_type=\"heading.default\">\n\t\t\t\t\t<h1 class=\"elementor-heading-title elementor-size-default\">SeLeBe<\/h1>\t\t\t\t<\/div>\n\t\t\t\t<div class=\"elementor-element elementor-element-8b224a2 elementor-widget elementor-widget-text-editor\" data-id=\"8b224a2\" data-element_type=\"widget\" data-e-type=\"widget\" data-widget_type=\"text-editor.default\">\n\t\t\t\t\t\t\t\t\t<p><strong>Self-determined life with ventilation<\/strong><\/p>\t\t\t\t\t\t\t\t<\/div>\n\t\t\t\t<\/div>\n\t\t<div class=\"elementor-element elementor-element-5eb4ea2 e-con-full e-flex e-con e-child\" data-id=\"5eb4ea2\" data-element_type=\"container\" data-e-type=\"container\">\n\t\t\t\t<div class=\"elementor-element elementor-element-999af67 elementor-widget elementor-widget-image\" data-id=\"999af67\" data-element_type=\"widget\" data-e-type=\"widget\" data-widget_type=\"image.default\">\n\t\t\t\t\t\t\t\t\t\t\t\t\t\t\t<img fetchpriority=\"high\" decoding=\"async\" width=\"1500\" height=\"630\" src=\"https:\/\/zsl-erlangen.de\/wp-content\/uploads\/2026\/01\/projekt-selebe.jpg\" class=\"attachment-full size-full wp-image-2770\" alt=\"Project-self-determined-living-with-resuscitation\" srcset=\"https:\/\/zsl-erlangen.de\/wp-content\/uploads\/2026\/01\/projekt-selebe.jpg 1500w, https:\/\/zsl-erlangen.de\/wp-content\/uploads\/2026\/01\/projekt-selebe-300x126.jpg 300w, https:\/\/zsl-erlangen.de\/wp-content\/uploads\/2026\/01\/projekt-selebe-1024x430.jpg 1024w, https:\/\/zsl-erlangen.de\/wp-content\/uploads\/2026\/01\/projekt-selebe-768x323.jpg 768w\" sizes=\"(max-width: 1500px) 100vw, 1500px\" \/>\t\t\t\t\t\t\t\t\t\t\t\t\t\t\t<\/div>\n\t\t\t\t<\/div>\n\t\t\t\t<\/div>\n\t\t<div class=\"elementor-element elementor-element-7081f62 e-flex e-con-boxed e-con e-child\" data-id=\"7081f62\" data-element_type=\"container\" data-e-type=\"container\">\n\t\t\t\t\t<div class=\"e-con-inner\">\n\t\t<div class=\"elementor-element elementor-element-2bf6269 e-con-full e-flex e-con e-child\" data-id=\"2bf6269\" data-element_type=\"container\" data-e-type=\"container\" data-settings=\"{&quot;background_background&quot;:&quot;classic&quot;}\">\n\t\t<div class=\"elementor-element elementor-element-111738b e-con-full e-flex e-con e-child\" data-id=\"111738b\" data-element_type=\"container\" data-e-type=\"container\" data-settings=\"{&quot;background_background&quot;:&quot;classic&quot;}\">\n\t\t<div class=\"elementor-element elementor-element-4bdf94c e-con-full e-flex e-con e-child\" data-id=\"4bdf94c\" data-element_type=\"container\" data-e-type=\"container\" data-settings=\"{&quot;background_background&quot;:&quot;classic&quot;}\">\n\t\t<div class=\"elementor-element elementor-element-5c87614 e-con-full e-flex e-con e-child\" data-id=\"5c87614\" data-element_type=\"container\" data-e-type=\"container\" data-settings=\"{&quot;background_background&quot;:&quot;classic&quot;}\">\n\t\t\t\t<div class=\"elementor-element elementor-element-046f3a2 elementor-widget elementor-widget-heading\" data-id=\"046f3a2\" data-element_type=\"widget\" data-e-type=\"widget\" data-widget_type=\"heading.default\">\n\t\t\t\t\t<h2 class=\"elementor-heading-title elementor-size-default\">The \"SeLeBe - Self-determined living with ventilation\" project\"<\/h2>\t\t\t\t<\/div>\n\t\t\t\t<div class=\"elementor-element elementor-element-da48079 elementor-widget elementor-widget-text-editor\" data-id=\"da48079\" data-element_type=\"widget\" data-e-type=\"widget\" data-widget_type=\"text-editor.default\">\n\t\t\t\t\t\t\t\t\t<p>Here is the text in <strong>Easy language<\/strong>:<\/p><hr \/><p>\u201eYou have to get used to a ventilator at the beginning.<br \/>When I got the device, I was not happy.<br \/>I whined a lot.<br \/>I thought: It's all over now.<\/p><p>But for me, the device was a <strong>New beginning<\/strong>.<br \/>For the first time in many years, I was able to <strong>Sleep well at night<\/strong>.<br \/>In the morning I had <strong>No headaches<\/strong> more.<br \/>I had again <strong>more power<\/strong>.<br \/>And I no longer suddenly fell asleep during the day.<\/p><p>Nocturnal ventilation is not the end.<br \/>It can be a <strong>new beginning<\/strong> be.\u201c<br \/>(June Price, 1995)<\/p><hr \/><p>At the <strong>ZSL e. V.<\/strong> advise people with disabilities.<br \/>You have your own experience.<br \/>This is called <strong>Peer counseling<\/strong>.<\/p><p>We advise you on questions and problems relating to disability.<br \/>Also <strong>Relatives<\/strong>, <strong>Care services<\/strong> and <strong>Facilities<\/strong> can come to us.<\/p><p>We work closely with <strong>Doctors<\/strong> and <strong>Specialist organizations<\/strong> together.<br \/>This is how we connect <strong>Medical knowledge<\/strong> with <strong>Experience from everyday life<\/strong>.<\/p>\t\t\t\t\t\t\t\t<\/div>\n\t\t\t\t<\/div>\n\t\t\t\t<\/div>\n\t\t\t\t<\/div>\n\t\t\t\t<\/div>\n\t\t\t\t\t<\/div>\n\t\t\t\t<\/div>\n\t\t\t\t<\/div>\n\t\t\t\t<\/main>\n\t\t\t\t<\/div>","protected":false},"excerpt":{"rendered":"<p>Seite in leichter Sprache Projekt 2001 &#8211; 2005 SeLeBe Selbstbestimmt Leben mit Beatmung Das Projekt &#8222;SeLeBe &#8211; Selbstbestimmt Leben mit Beatmung&#8220; Hier ist der Text in Leichter Sprache: \u201eAm Anfang muss man sich an ein Beatmungs-Ger\u00e4t gew\u00f6hnen.Als ich das Ger\u00e4t bekam, war ich nicht froh.Ich habe viel gejammert.Ich dachte: Jetzt ist alles vorbei. Aber das [&hellip;]<\/p>\n","protected":false},"author":1,"featured_media":0,"parent":0,"menu_order":0,"comment_status":"closed","ping_status":"closed","template":"","meta":{"footnotes":""},"class_list":["post-2778","page","type-page","status-publish","hentry"],"_links":{"self":[{"href":"https:\/\/zsl-erlangen.de\/en\/wp-json\/wp\/v2\/pages\/2778","targetHints":{"allow":["GET"]}}],"collection":[{"href":"https:\/\/zsl-erlangen.de\/en\/wp-json\/wp\/v2\/pages"}],"about":[{"href":"https:\/\/zsl-erlangen.de\/en\/wp-json\/wp\/v2\/types\/page"}],"author":[{"embeddable":true,"href":"https:\/\/zsl-erlangen.de\/en\/wp-json\/wp\/v2\/users\/1"}],"replies":[{"embeddable":true,"href":"https:\/\/zsl-erlangen.de\/en\/wp-json\/wp\/v2\/comments?post=2778"}],"version-history":[{"count":16,"href":"https:\/\/zsl-erlangen.de\/en\/wp-json\/wp\/v2\/pages\/2778\/revisions"}],"predecessor-version":[{"id":5239,"href":"https:\/\/zsl-erlangen.de\/en\/wp-json\/wp\/v2\/pages\/2778\/revisions\/5239"}],"wp:attachment":[{"href":"https:\/\/zsl-erlangen.de\/en\/wp-json\/wp\/v2\/media?parent=2778"}],"curies":[{"name":"wp","href":"https:\/\/api.w.org\/{rel}","templated":true}]}}