{"id":2885,"date":"2026-01-25T16:55:02","date_gmt":"2026-01-25T16:55:02","guid":{"rendered":"https:\/\/zsl.webwolfdesign.eu\/?page_id=2885"},"modified":"2026-04-23T11:22:41","modified_gmt":"2026-04-23T11:22:41","slug":"partner-easy-language","status":"publish","type":"page","link":"https:\/\/zsl-erlangen.de\/en\/partner-easy-language\/","title":{"rendered":"Partner-leichte-sprache"},"content":{"rendered":"<div data-elementor-type=\"wp-page\" data-elementor-id=\"2885\" class=\"elementor elementor-2885\" data-elementor-post-type=\"page\">\n\t\t\t\t<div class=\"elementor-element elementor-element-131dd3d e-con-full e-flex e-con e-parent\" data-id=\"131dd3d\" data-element_type=\"container\" data-e-type=\"container\" data-settings=\"{&quot;background_background&quot;:&quot;classic&quot;}\">\n\t\t\t\t<div class=\"elementor-element elementor-element-a953ae0 elementor-widget elementor-widget-heading\" data-id=\"a953ae0\" data-element_type=\"widget\" data-e-type=\"widget\" data-widget_type=\"heading.default\">\n\t\t\t\t\t<h2 class=\"elementor-heading-title elementor-size-default\">Page in simple language<\/h2>\t\t\t\t<\/div>\n\t\t<div class=\"elementor-element elementor-element-a7de92b e-flex e-con-boxed e-con e-child\" data-id=\"a7de92b\" data-element_type=\"container\" data-e-type=\"container\">\n\t\t\t\t\t<div class=\"e-con-inner\">\n\t\t<div class=\"elementor-element elementor-element-e12a477 e-con-full e-flex e-con e-child\" data-id=\"e12a477\" data-element_type=\"container\" data-e-type=\"container\" data-settings=\"{&quot;background_background&quot;:&quot;classic&quot;}\">\n\t\t\t\t<div class=\"elementor-element elementor-element-9df206d elementor-widget elementor-widget-heading\" data-id=\"9df206d\" data-element_type=\"widget\" data-e-type=\"widget\" data-widget_type=\"heading.default\">\n\t\t\t\t\t<h2 class=\"elementor-heading-title elementor-size-default\">Our partners<\/h2>\t\t\t\t<\/div>\n\t\t\t\t<div class=\"elementor-element elementor-element-5a87b7d elementor-widget elementor-widget-text-editor\" data-id=\"5a87b7d\" data-element_type=\"widget\" data-e-type=\"widget\" data-widget_type=\"text-editor.default\">\n\t\t\t\t\t\t\t\t\t<p>The ZSL Erlangen works closely with other organizations and partners.<br \/>This is how we strengthen <strong>Self-determination<\/strong>, <strong>Inclusion<\/strong> and <strong>equal participation<\/strong> for people with disabilities.<br \/>We collaborate on joint projects and work in networks and associations.<\/p><p>We also work together with institutions.<br \/>We advise people with disabilities and their relatives.<br \/>We also help facilities with this, <strong>Breaking down barriers<\/strong> and <strong>inclusive offers<\/strong> to create.<br \/>We also bring our experience to the public and talk to politicians and society.<\/p><p>We work together with strong partners in the area of employment.<br \/>This is how we promote <strong>Inclusive employment<\/strong>.<br \/>This includes in particular <strong>ACCESS - Inclusion in working life gGmbH<\/strong> in Erlangen.<\/p>\t\t\t\t\t\t\t\t<\/div>\n\t\t\t\t<\/div>\n\t\t<div class=\"elementor-element elementor-element-6b583de e-con-full e-flex e-con e-child\" data-id=\"6b583de\" data-element_type=\"container\" data-e-type=\"container\" data-settings=\"{&quot;background_background&quot;:&quot;classic&quot;}\">\n\t\t<div class=\"elementor-element elementor-element-4f197ca e-con-full e-flex e-con e-child\" data-id=\"4f197ca\" data-element_type=\"container\" data-e-type=\"container\">\n\t\t<div class=\"elementor-element elementor-element-652c001 e-con-full e-flex e-con e-child\" data-id=\"652c001\" data-element_type=\"container\" data-e-type=\"container\" data-settings=\"{&quot;background_background&quot;:&quot;classic&quot;}\">\n\t\t\t\t<div class=\"elementor-element elementor-element-a94d869 elementor-widget elementor-widget-image\" data-id=\"a94d869\" data-element_type=\"widget\" data-e-type=\"widget\" data-widget_type=\"image.default\">\n\t\t\t\t\t\t\t\t\t\t\t\t\t\t\t<img fetchpriority=\"high\" decoding=\"async\" width=\"1385\" height=\"524\" src=\"https:\/\/zsl-erlangen.de\/wp-content\/uploads\/2026\/01\/iu-internationale-hochschule-logo.jpg\" class=\"attachment-full size-full wp-image-2447\" alt=\"iu-international-university-logo\" srcset=\"https:\/\/zsl-erlangen.de\/wp-content\/uploads\/2026\/01\/iu-internationale-hochschule-logo.jpg 1385w, https:\/\/zsl-erlangen.de\/wp-content\/uploads\/2026\/01\/iu-internationale-hochschule-logo-300x114.jpg 300w, https:\/\/zsl-erlangen.de\/wp-content\/uploads\/2026\/01\/iu-internationale-hochschule-logo-1024x387.jpg 1024w, https:\/\/zsl-erlangen.de\/wp-content\/uploads\/2026\/01\/iu-internationale-hochschule-logo-768x291.jpg 768w\" sizes=\"(max-width: 1385px) 100vw, 1385px\" \/>\t\t\t\t\t\t\t\t\t\t\t\t\t\t\t<\/div>\n\t\t\t\t<div class=\"elementor-element elementor-element-db0bbb4 elementor-widget elementor-widget-button\" data-id=\"db0bbb4\" data-element_type=\"widget\" data-e-type=\"widget\" data-widget_type=\"button.default\">\n\t\t\t\t\t\t\t\t\t\t<a class=\"elementor-button elementor-button-link elementor-size-sm\" href=\"https:\/\/www.iu-dualesstudium.de\" target=\"_blank\">\n\t\t\t\t\t\t<span class=\"elementor-button-content-wrapper\">\n\t\t\t\t\t\t\t\t\t<span class=\"elementor-button-text\">to the website<\/span>\n\t\t\t\t\t<\/span>\n\t\t\t\t\t<\/a>\n\t\t\t\t\t\t\t\t<\/div>\n\t\t\t\t<\/div>\n\t\t<div class=\"elementor-element elementor-element-4edfd0b e-con-full e-flex e-con e-child\" data-id=\"4edfd0b\" data-element_type=\"container\" data-e-type=\"container\" data-settings=\"{&quot;background_background&quot;:&quot;classic&quot;}\">\n\t\t\t\t<div class=\"elementor-element elementor-element-7657318 elementor-widget elementor-widget-image\" data-id=\"7657318\" data-element_type=\"widget\" data-e-type=\"widget\" data-widget_type=\"image.default\">\n\t\t\t\t\t\t\t\t\t\t\t\t\t\t\t<img decoding=\"async\" width=\"1385\" height=\"524\" src=\"https:\/\/zsl-erlangen.de\/wp-content\/uploads\/2026\/01\/lebenshilfe-fuerth-logo.jpg\" class=\"attachment-full size-full wp-image-2448\" alt=\"Lebenshilfe-Fuerth-logo\" srcset=\"https:\/\/zsl-erlangen.de\/wp-content\/uploads\/2026\/01\/lebenshilfe-fuerth-logo.jpg 1385w, https:\/\/zsl-erlangen.de\/wp-content\/uploads\/2026\/01\/lebenshilfe-fuerth-logo-300x114.jpg 300w, https:\/\/zsl-erlangen.de\/wp-content\/uploads\/2026\/01\/lebenshilfe-fuerth-logo-1024x387.jpg 1024w, https:\/\/zsl-erlangen.de\/wp-content\/uploads\/2026\/01\/lebenshilfe-fuerth-logo-768x291.jpg 768w\" sizes=\"(max-width: 1385px) 100vw, 1385px\" \/>\t\t\t\t\t\t\t\t\t\t\t\t\t\t\t<\/div>\n\t\t\t\t<div class=\"elementor-element elementor-element-510a3ad elementor-widget elementor-widget-button\" data-id=\"510a3ad\" data-element_type=\"widget\" data-e-type=\"widget\" data-widget_type=\"button.default\">\n\t\t\t\t\t\t\t\t\t\t<a class=\"elementor-button elementor-button-link elementor-size-sm\" href=\"https:\/\/www.lebenshilfe-fuerth.de\/\" target=\"_blank\">\n\t\t\t\t\t\t<span class=\"elementor-button-content-wrapper\">\n\t\t\t\t\t\t\t\t\t<span class=\"elementor-button-text\">to the website<\/span>\n\t\t\t\t\t<\/span>\n\t\t\t\t\t<\/a>\n\t\t\t\t\t\t\t\t<\/div>\n\t\t\t\t<\/div>\n\t\t<div class=\"elementor-element elementor-element-875399f e-con-full e-flex e-con e-child\" data-id=\"875399f\" data-element_type=\"container\" data-e-type=\"container\" data-settings=\"{&quot;background_background&quot;:&quot;classic&quot;}\">\n\t\t\t\t<div class=\"elementor-element elementor-element-1dabd3e elementor-widget elementor-widget-image\" data-id=\"1dabd3e\" data-element_type=\"widget\" data-e-type=\"widget\" data-widget_type=\"image.default\">\n\t\t\t\t\t\t\t\t\t\t\t\t\t\t\t<img decoding=\"async\" width=\"1385\" height=\"524\" src=\"https:\/\/zsl-erlangen.de\/wp-content\/uploads\/2026\/01\/lebenshilfe-nuernberg-logo.jpg\" class=\"attachment-full size-full wp-image-2449\" alt=\"Lebenshilfe-Nuernberg-logo\" srcset=\"https:\/\/zsl-erlangen.de\/wp-content\/uploads\/2026\/01\/lebenshilfe-nuernberg-logo.jpg 1385w, https:\/\/zsl-erlangen.de\/wp-content\/uploads\/2026\/01\/lebenshilfe-nuernberg-logo-300x114.jpg 300w, https:\/\/zsl-erlangen.de\/wp-content\/uploads\/2026\/01\/lebenshilfe-nuernberg-logo-1024x387.jpg 1024w, https:\/\/zsl-erlangen.de\/wp-content\/uploads\/2026\/01\/lebenshilfe-nuernberg-logo-768x291.jpg 768w\" sizes=\"(max-width: 1385px) 100vw, 1385px\" \/>\t\t\t\t\t\t\t\t\t\t\t\t\t\t\t<\/div>\n\t\t\t\t<div class=\"elementor-element elementor-element-6cd577e elementor-widget elementor-widget-button\" data-id=\"6cd577e\" data-element_type=\"widget\" data-e-type=\"widget\" data-widget_type=\"button.default\">\n\t\t\t\t\t\t\t\t\t\t<a class=\"elementor-button elementor-button-link elementor-size-sm\" href=\"https:\/\/www.lhnbg.de\/\" target=\"_blank\">\n\t\t\t\t\t\t<span class=\"elementor-button-content-wrapper\">\n\t\t\t\t\t\t\t\t\t<span class=\"elementor-button-text\">to the website<\/span>\n\t\t\t\t\t<\/span>\n\t\t\t\t\t<\/a>\n\t\t\t\t\t\t\t\t<\/div>\n\t\t\t\t<\/div>\n\t\t\t\t<\/div>\n\t\t<div class=\"elementor-element elementor-element-fea9195 e-con-full e-flex e-con e-child\" data-id=\"fea9195\" data-element_type=\"container\" data-e-type=\"container\">\n\t\t<div class=\"elementor-element elementor-element-4f2ae20 e-con-full e-flex e-con e-child\" data-id=\"4f2ae20\" data-element_type=\"container\" data-e-type=\"container\" data-settings=\"{&quot;background_background&quot;:&quot;classic&quot;}\">\n\t\t\t\t<div class=\"elementor-element elementor-element-27b6264 elementor-widget elementor-widget-image\" data-id=\"27b6264\" data-element_type=\"widget\" data-e-type=\"widget\" data-widget_type=\"image.default\">\n\t\t\t\t\t\t\t\t\t\t\t\t\t\t\t<img loading=\"lazy\" decoding=\"async\" width=\"1385\" height=\"524\" src=\"https:\/\/zsl-erlangen.de\/wp-content\/uploads\/2026\/01\/iba-university-logo.jpg\" class=\"attachment-full size-full wp-image-2445\" alt=\"IBA-University-dual-study-Germany-wide-logo\" srcset=\"https:\/\/zsl-erlangen.de\/wp-content\/uploads\/2026\/01\/iba-university-logo.jpg 1385w, https:\/\/zsl-erlangen.de\/wp-content\/uploads\/2026\/01\/iba-university-logo-300x114.jpg 300w, https:\/\/zsl-erlangen.de\/wp-content\/uploads\/2026\/01\/iba-university-logo-1024x387.jpg 1024w, https:\/\/zsl-erlangen.de\/wp-content\/uploads\/2026\/01\/iba-university-logo-768x291.jpg 768w\" sizes=\"(max-width: 1385px) 100vw, 1385px\" \/>\t\t\t\t\t\t\t\t\t\t\t\t\t\t\t<\/div>\n\t\t\t\t<div class=\"elementor-element elementor-element-8382c32 elementor-widget elementor-widget-button\" data-id=\"8382c32\" data-element_type=\"widget\" data-e-type=\"widget\" data-widget_type=\"button.default\">\n\t\t\t\t\t\t\t\t\t\t<a class=\"elementor-button elementor-button-link elementor-size-sm\" href=\"https:\/\/www.ibadual.com\/Nuernberg\" target=\"_blank\">\n\t\t\t\t\t\t<span class=\"elementor-button-content-wrapper\">\n\t\t\t\t\t\t\t\t\t<span class=\"elementor-button-text\">to the website<\/span>\n\t\t\t\t\t<\/span>\n\t\t\t\t\t<\/a>\n\t\t\t\t\t\t\t\t<\/div>\n\t\t\t\t<\/div>\n\t\t<div class=\"elementor-element elementor-element-443732b e-con-full e-flex e-con e-child\" data-id=\"443732b\" data-element_type=\"container\" data-e-type=\"container\" data-settings=\"{&quot;background_background&quot;:&quot;classic&quot;}\">\n\t\t\t\t<div class=\"elementor-element elementor-element-7748ac0 elementor-widget elementor-widget-image\" data-id=\"7748ac0\" data-element_type=\"widget\" data-e-type=\"widget\" data-widget_type=\"image.default\">\n\t\t\t\t\t\t\t\t\t\t\t\t\t\t\t<img loading=\"lazy\" decoding=\"async\" width=\"1385\" height=\"524\" src=\"https:\/\/zsl-erlangen.de\/wp-content\/uploads\/2026\/01\/rummelsberger-diakonie-logo.jpg\" class=\"attachment-full size-full wp-image-2451\" alt=\"Rummelsberger-Diakonie logo\" srcset=\"https:\/\/zsl-erlangen.de\/wp-content\/uploads\/2026\/01\/rummelsberger-diakonie-logo.jpg 1385w, https:\/\/zsl-erlangen.de\/wp-content\/uploads\/2026\/01\/rummelsberger-diakonie-logo-300x114.jpg 300w, https:\/\/zsl-erlangen.de\/wp-content\/uploads\/2026\/01\/rummelsberger-diakonie-logo-1024x387.jpg 1024w, https:\/\/zsl-erlangen.de\/wp-content\/uploads\/2026\/01\/rummelsberger-diakonie-logo-768x291.jpg 768w\" sizes=\"(max-width: 1385px) 100vw, 1385px\" \/>\t\t\t\t\t\t\t\t\t\t\t\t\t\t\t<\/div>\n\t\t\t\t<div class=\"elementor-element elementor-element-237eea2 elementor-widget elementor-widget-button\" data-id=\"237eea2\" data-element_type=\"widget\" data-e-type=\"widget\" data-widget_type=\"button.default\">\n\t\t\t\t\t\t\t\t\t\t<a class=\"elementor-button elementor-button-link elementor-size-sm\" href=\"https:\/\/www.rummelsberger-diakonie.de\/\" target=\"_blank\">\n\t\t\t\t\t\t<span class=\"elementor-button-content-wrapper\">\n\t\t\t\t\t\t\t\t\t<span class=\"elementor-button-text\">to the website<\/span>\n\t\t\t\t\t<\/span>\n\t\t\t\t\t<\/a>\n\t\t\t\t\t\t\t\t<\/div>\n\t\t\t\t<\/div>\n\t\t<div class=\"elementor-element elementor-element-05b6812 e-con-full e-flex e-con e-child\" data-id=\"05b6812\" data-element_type=\"container\" data-e-type=\"container\" data-settings=\"{&quot;background_background&quot;:&quot;classic&quot;}\">\n\t\t\t\t<\/div>\n\t\t\t\t<\/div>\n\t\t<div class=\"elementor-element elementor-element-a9a0591 e-con-full e-flex e-con e-child\" data-id=\"a9a0591\" data-element_type=\"container\" data-e-type=\"container\">\n\t\t<div class=\"elementor-element elementor-element-3a32367 e-con-full e-flex e-con e-child\" data-id=\"3a32367\" data-element_type=\"container\" data-e-type=\"container\" data-settings=\"{&quot;background_background&quot;:&quot;classic&quot;}\">\n\t\t\t\t<div class=\"elementor-element elementor-element-9d36e6e elementor-widget elementor-widget-heading\" data-id=\"9d36e6e\" data-element_type=\"widget\" data-e-type=\"widget\" data-widget_type=\"heading.default\">\n\t\t\t\t\t<h2 class=\"elementor-heading-title elementor-size-default\">Shareholder<\/h2>\t\t\t\t<\/div>\n\t\t<div class=\"elementor-element elementor-element-22373dc e-con-full e-flex e-con e-child\" data-id=\"22373dc\" data-element_type=\"container\" data-e-type=\"container\">\n\t\t<div class=\"elementor-element elementor-element-f3304a6 e-con-full e-flex e-con e-child\" data-id=\"f3304a6\" data-element_type=\"container\" data-e-type=\"container\" data-settings=\"{&quot;background_background&quot;:&quot;classic&quot;}\">\n\t\t\t\t<div class=\"elementor-element elementor-element-2a74a59 elementor-widget elementor-widget-image\" data-id=\"2a74a59\" data-element_type=\"widget\" data-e-type=\"widget\" data-widget_type=\"image.default\">\n\t\t\t\t\t\t\t\t\t\t\t\t\t\t\t<img loading=\"lazy\" decoding=\"async\" width=\"1385\" height=\"524\" src=\"https:\/\/zsl-erlangen.de\/wp-content\/uploads\/2026\/01\/access_logo.jpg\" class=\"attachment-full size-full wp-image-2444\" alt=\"access_inclusion-in-the-labor-market-logo\" srcset=\"https:\/\/zsl-erlangen.de\/wp-content\/uploads\/2026\/01\/access_logo.jpg 1385w, https:\/\/zsl-erlangen.de\/wp-content\/uploads\/2026\/01\/access_logo-300x114.jpg 300w, https:\/\/zsl-erlangen.de\/wp-content\/uploads\/2026\/01\/access_logo-1024x387.jpg 1024w, https:\/\/zsl-erlangen.de\/wp-content\/uploads\/2026\/01\/access_logo-768x291.jpg 768w\" sizes=\"(max-width: 1385px) 100vw, 1385px\" \/>\t\t\t\t\t\t\t\t\t\t\t\t\t\t\t<\/div>\n\t\t\t\t<div class=\"elementor-element elementor-element-4c09622 elementor-widget elementor-widget-button\" data-id=\"4c09622\" data-element_type=\"widget\" data-e-type=\"widget\" data-widget_type=\"button.default\">\n\t\t\t\t\t\t\t\t\t\t<a class=\"elementor-button elementor-button-link elementor-size-sm\" href=\"https:\/\/www.access-inklusion.de\/\" target=\"_blank\">\n\t\t\t\t\t\t<span class=\"elementor-button-content-wrapper\">\n\t\t\t\t\t\t\t\t\t<span class=\"elementor-button-text\">to the website<\/span>\n\t\t\t\t\t<\/span>\n\t\t\t\t\t<\/a>\n\t\t\t\t\t\t\t\t<\/div>\n\t\t\t\t<\/div>\n\t\t<div class=\"elementor-element elementor-element-2b713d9 e-con-full e-flex e-con e-child\" data-id=\"2b713d9\" data-element_type=\"container\" data-e-type=\"container\" data-settings=\"{&quot;background_background&quot;:&quot;classic&quot;}\">\n\t\t\t\t<div class=\"elementor-element elementor-element-5cc2a27 elementor-widget elementor-widget-image\" data-id=\"5cc2a27\" data-element_type=\"widget\" data-e-type=\"widget\" data-widget_type=\"image.default\">\n\t\t\t\t\t\t\t\t\t\t\t\t\t\t\t<img loading=\"lazy\" decoding=\"async\" width=\"1385\" height=\"524\" src=\"https:\/\/zsl-erlangen.de\/wp-content\/uploads\/2026\/02\/kulturzentrum-e-werk.jpg\" class=\"attachment-full size-full wp-image-3390\" alt=\"Cultural Center-E-werk-logo\" srcset=\"https:\/\/zsl-erlangen.de\/wp-content\/uploads\/2026\/02\/kulturzentrum-e-werk.jpg 1385w, https:\/\/zsl-erlangen.de\/wp-content\/uploads\/2026\/02\/kulturzentrum-e-werk-300x114.jpg 300w, https:\/\/zsl-erlangen.de\/wp-content\/uploads\/2026\/02\/kulturzentrum-e-werk-1024x387.jpg 1024w, https:\/\/zsl-erlangen.de\/wp-content\/uploads\/2026\/02\/kulturzentrum-e-werk-768x291.jpg 768w, https:\/\/zsl-erlangen.de\/wp-content\/uploads\/2026\/02\/kulturzentrum-e-werk-18x7.jpg 18w\" sizes=\"(max-width: 1385px) 100vw, 1385px\" \/>\t\t\t\t\t\t\t\t\t\t\t\t\t\t\t<\/div>\n\t\t\t\t<div class=\"elementor-element elementor-element-3d95789 elementor-widget elementor-widget-button\" data-id=\"3d95789\" data-element_type=\"widget\" data-e-type=\"widget\" data-widget_type=\"button.default\">\n\t\t\t\t\t\t\t\t\t\t<a class=\"elementor-button elementor-button-link elementor-size-sm\" href=\"https:\/\/www.e-werk.de\/\" target=\"_blank\">\n\t\t\t\t\t\t<span class=\"elementor-button-content-wrapper\">\n\t\t\t\t\t\t\t\t\t<span class=\"elementor-button-text\">to the website<\/span>\n\t\t\t\t\t<\/span>\n\t\t\t\t\t<\/a>\n\t\t\t\t\t\t\t\t<\/div>\n\t\t\t\t<\/div>\n\t\t<div class=\"elementor-element elementor-element-85948fc e-con-full e-flex e-con e-child\" data-id=\"85948fc\" data-element_type=\"container\" data-e-type=\"container\" data-settings=\"{&quot;background_background&quot;:&quot;classic&quot;}\">\n\t\t\t\t<\/div>\n\t\t\t\t<\/div>\n\t\t\t\t<\/div>\n\t\t\t\t<\/div>\n\t\t<div class=\"elementor-element elementor-element-a1cfacd e-con-full e-flex e-con e-child\" data-id=\"a1cfacd\" data-element_type=\"container\" data-e-type=\"container\">\n\t\t<div class=\"elementor-element elementor-element-21a23ee e-con-full e-flex e-con e-child\" data-id=\"21a23ee\" data-element_type=\"container\" data-e-type=\"container\" data-settings=\"{&quot;background_background&quot;:&quot;classic&quot;}\">\n\t\t\t\t<div class=\"elementor-element elementor-element-e566d6c elementor-widget elementor-widget-heading\" data-id=\"e566d6c\" data-element_type=\"widget\" data-e-type=\"widget\" data-widget_type=\"heading.default\">\n\t\t\t\t\t<h2 class=\"elementor-heading-title elementor-size-default\">Membership in other organizations<\/h2>\t\t\t\t<\/div>\n\t\t<div class=\"elementor-element elementor-element-0cbaa77 e-con-full e-flex e-con e-child\" data-id=\"0cbaa77\" data-element_type=\"container\" data-e-type=\"container\">\n\t\t<div class=\"elementor-element elementor-element-761eef6 e-con-full e-flex e-con e-child\" data-id=\"761eef6\" data-element_type=\"container\" data-e-type=\"container\" data-settings=\"{&quot;background_background&quot;:&quot;classic&quot;}\">\n\t\t\t\t<div class=\"elementor-element elementor-element-94e96bd elementor-widget elementor-widget-image\" data-id=\"94e96bd\" data-element_type=\"widget\" data-e-type=\"widget\" data-widget_type=\"image.default\">\n\t\t\t\t\t\t\t\t\t\t\t\t\t\t\t<img loading=\"lazy\" decoding=\"async\" width=\"1385\" height=\"524\" src=\"https:\/\/zsl-erlangen.de\/wp-content\/uploads\/2026\/01\/isl-selbstbestimmt-leben-logo.jpg\" class=\"attachment-full size-full wp-image-2446\" alt=\"ISL-selbstbestimmt-leben-logo\" srcset=\"https:\/\/zsl-erlangen.de\/wp-content\/uploads\/2026\/01\/isl-selbstbestimmt-leben-logo.jpg 1385w, https:\/\/zsl-erlangen.de\/wp-content\/uploads\/2026\/01\/isl-selbstbestimmt-leben-logo-300x114.jpg 300w, https:\/\/zsl-erlangen.de\/wp-content\/uploads\/2026\/01\/isl-selbstbestimmt-leben-logo-1024x387.jpg 1024w, https:\/\/zsl-erlangen.de\/wp-content\/uploads\/2026\/01\/isl-selbstbestimmt-leben-logo-768x291.jpg 768w\" sizes=\"(max-width: 1385px) 100vw, 1385px\" \/>\t\t\t\t\t\t\t\t\t\t\t\t\t\t\t<\/div>\n\t\t\t\t<div class=\"elementor-element elementor-element-c381014 elementor-widget elementor-widget-button\" data-id=\"c381014\" data-element_type=\"widget\" data-e-type=\"widget\" data-widget_type=\"button.default\">\n\t\t\t\t\t\t\t\t\t\t<a class=\"elementor-button elementor-button-link elementor-size-sm\" href=\"https:\/\/isl-ev.de\/\" target=\"_blank\">\n\t\t\t\t\t\t<span class=\"elementor-button-content-wrapper\">\n\t\t\t\t\t\t\t\t\t<span class=\"elementor-button-text\">to the website<\/span>\n\t\t\t\t\t<\/span>\n\t\t\t\t\t<\/a>\n\t\t\t\t\t\t\t\t<\/div>\n\t\t\t\t<\/div>\n\t\t<div class=\"elementor-element elementor-element-6d582a7 e-con-full e-flex e-con e-child\" data-id=\"6d582a7\" data-element_type=\"container\" data-e-type=\"container\" data-settings=\"{&quot;background_background&quot;:&quot;classic&quot;}\">\n\t\t\t\t<div class=\"elementor-element elementor-element-d3cae64 elementor-widget elementor-widget-image\" data-id=\"d3cae64\" data-element_type=\"widget\" data-e-type=\"widget\" data-widget_type=\"image.default\">\n\t\t\t\t\t\t\t\t\t\t\t\t\t\t\t<img loading=\"lazy\" decoding=\"async\" width=\"1385\" height=\"524\" src=\"https:\/\/zsl-erlangen.de\/wp-content\/uploads\/2026\/01\/der-paritaetische-bayern-logo.jpg\" class=\"attachment-full size-full wp-image-2450\" alt=\"der-paritaetische-bayern-logo\" srcset=\"https:\/\/zsl-erlangen.de\/wp-content\/uploads\/2026\/01\/der-paritaetische-bayern-logo.jpg 1385w, https:\/\/zsl-erlangen.de\/wp-content\/uploads\/2026\/01\/der-paritaetische-bayern-logo-300x114.jpg 300w, https:\/\/zsl-erlangen.de\/wp-content\/uploads\/2026\/01\/der-paritaetische-bayern-logo-1024x387.jpg 1024w, https:\/\/zsl-erlangen.de\/wp-content\/uploads\/2026\/01\/der-paritaetische-bayern-logo-768x291.jpg 768w\" sizes=\"(max-width: 1385px) 100vw, 1385px\" \/>\t\t\t\t\t\t\t\t\t\t\t\t\t\t\t<\/div>\n\t\t\t\t<div class=\"elementor-element elementor-element-7656783 elementor-widget elementor-widget-button\" data-id=\"7656783\" data-element_type=\"widget\" data-e-type=\"widget\" data-widget_type=\"button.default\">\n\t\t\t\t\t\t\t\t\t\t<a class=\"elementor-button elementor-button-link elementor-size-sm\" href=\"https:\/\/www.paritaet-bayern.de\/\" target=\"_blank\">\n\t\t\t\t\t\t<span class=\"elementor-button-content-wrapper\">\n\t\t\t\t\t\t\t\t\t<span class=\"elementor-button-text\">to the website<\/span>\n\t\t\t\t\t<\/span>\n\t\t\t\t\t<\/a>\n\t\t\t\t\t\t\t\t<\/div>\n\t\t\t\t<\/div>\n\t\t<div class=\"elementor-element elementor-element-42a2493 e-con-full e-flex e-con e-child\" data-id=\"42a2493\" data-element_type=\"container\" data-e-type=\"container\" data-settings=\"{&quot;background_background&quot;:&quot;classic&quot;}\">\n\t\t\t\t<div class=\"elementor-element elementor-element-72d945b elementor-widget elementor-widget-image\" data-id=\"72d945b\" data-element_type=\"widget\" data-e-type=\"widget\" data-widget_type=\"image.default\">\n\t\t\t\t\t\t\t\t\t\t\t\t\t\t\t<img loading=\"lazy\" decoding=\"async\" width=\"768\" height=\"150\" src=\"https:\/\/zsl-erlangen.de\/wp-content\/uploads\/2026\/02\/allianz_gegen-rechtsextremismus-nuernberg-logo.gif\" class=\"attachment-full size-full wp-image-3385\" alt=\"Alliance_against_Right_wing_Extremism_Nuremberg_Logo\" \/>\t\t\t\t\t\t\t\t\t\t\t\t\t\t\t<\/div>\n\t\t\t\t<div class=\"elementor-element elementor-element-c4247b1 elementor-widget elementor-widget-button\" data-id=\"c4247b1\" data-element_type=\"widget\" data-e-type=\"widget\" data-widget_type=\"button.default\">\n\t\t\t\t\t\t\t\t\t\t<a class=\"elementor-button elementor-button-link elementor-size-sm\" href=\"https:\/\/www.allianz-gegen-rechtsextremismus.de\/\" target=\"_blank\">\n\t\t\t\t\t\t<span class=\"elementor-button-content-wrapper\">\n\t\t\t\t\t\t\t\t\t<span class=\"elementor-button-text\">to the website<\/span>\n\t\t\t\t\t<\/span>\n\t\t\t\t\t<\/a>\n\t\t\t\t\t\t\t\t<\/div>\n\t\t\t\t<\/div>\n\t\t\t\t<\/div>\n\t\t\t\t<\/div>\n\t\t\t\t<\/div>\n\t\t\t\t<\/div>\n\t\t\t\t\t<\/div>\n\t\t\t\t<\/div>\n\t\t\t\t<\/div>\n\t\t\t\t<\/div>","protected":false},"excerpt":{"rendered":"<p>Seite in einfacher Sprache Unsere Partner Das ZSL Erlangen arbeitet eng mit anderen Organisationen und Partnern zusammen.So st\u00e4rken wir Selbstbestimmung, Inklusion und gleiche Teilhabe f\u00fcr Menschen mit Behinderung.Wir machen Kooperationen, gemeinsame Projekte und arbeiten in Netzwerken und Verb\u00e4nden mit. Wir arbeiten auch mit Institutionen zusammen.Wir beraten Menschen mit Behinderung und ihre Angeh\u00f6rigen.Wir helfen auch Einrichtungen [&hellip;]<\/p>\n","protected":false},"author":1,"featured_media":0,"parent":0,"menu_order":0,"comment_status":"closed","ping_status":"closed","template":"","meta":{"footnotes":""},"class_list":["post-2885","page","type-page","status-publish","hentry"],"_links":{"self":[{"href":"https:\/\/zsl-erlangen.de\/en\/wp-json\/wp\/v2\/pages\/2885","targetHints":{"allow":["GET"]}}],"collection":[{"href":"https:\/\/zsl-erlangen.de\/en\/wp-json\/wp\/v2\/pages"}],"about":[{"href":"https:\/\/zsl-erlangen.de\/en\/wp-json\/wp\/v2\/types\/page"}],"author":[{"embeddable":true,"href":"https:\/\/zsl-erlangen.de\/en\/wp-json\/wp\/v2\/users\/1"}],"replies":[{"embeddable":true,"href":"https:\/\/zsl-erlangen.de\/en\/wp-json\/wp\/v2\/comments?post=2885"}],"version-history":[{"count":31,"href":"https:\/\/zsl-erlangen.de\/en\/wp-json\/wp\/v2\/pages\/2885\/revisions"}],"predecessor-version":[{"id":4817,"href":"https:\/\/zsl-erlangen.de\/en\/wp-json\/wp\/v2\/pages\/2885\/revisions\/4817"}],"wp:attachment":[{"href":"https:\/\/zsl-erlangen.de\/en\/wp-json\/wp\/v2\/media?parent=2885"}],"curies":[{"name":"wp","href":"https:\/\/api.w.org\/{rel}","templated":true}]}}