{"id":4975,"date":"2026-04-29T09:00:09","date_gmt":"2026-04-29T09:00:09","guid":{"rendered":"https:\/\/zsl.webwolfdesign.eu\/?page_id=4975"},"modified":"2026-04-29T09:26:10","modified_gmt":"2026-04-29T09:26:10","slug":"job-offer-team-leader-2","status":"publish","type":"page","link":"https:\/\/zsl-erlangen.de\/en\/job-offer-team-leader-2\/","title":{"rendered":"Stellenangebot- Assistenz Anita"},"content":{"rendered":"<div data-elementor-type=\"wp-page\" data-elementor-id=\"4975\" class=\"elementor elementor-4975\" data-elementor-post-type=\"page\">\n\t\t\t\t<div class=\"elementor-element elementor-element-5897030 e-con-full e-flex e-con e-parent\" data-id=\"5897030\" data-element_type=\"container\" data-e-type=\"container\" data-settings=\"{&quot;background_background&quot;:&quot;classic&quot;}\">\n\t\t<div class=\"elementor-element elementor-element-e70512f e-flex e-con-boxed e-con e-child\" data-id=\"e70512f\" data-element_type=\"container\" data-e-type=\"container\">\n\t\t\t\t\t<div class=\"e-con-inner\">\n\t\t<div class=\"elementor-element elementor-element-588dc43 e-con-full e-flex e-con e-child\" data-id=\"588dc43\" data-element_type=\"container\" data-e-type=\"container\" data-settings=\"{&quot;background_background&quot;:&quot;classic&quot;}\">\n\t\t\t\t<div class=\"elementor-element elementor-element-677444f elementor-widget elementor-widget-text-editor\" data-id=\"677444f\" data-element_type=\"widget\" data-e-type=\"widget\" data-widget_type=\"text-editor.default\">\n\t\t\t\t\t\t\t\t\t<div class=\"row\"><div class=\"col-12 col-lg-9\"><div class=\"row\"><div class=\"col-12 col-lg-9\"><h2><strong><span style=\"color: #750000;\">Assistance Anita<\/span><\/strong><\/h2><\/div><\/div><div class=\"row\"><div class=\"col-12 col-lg-9 unterseitenText\"><p>I, Anita 58 years old and paraplegic for 40 years, am looking for reinforcement for my team.<\/p><p>After many years of self-employment, I moved to ZSL e.V. together with my team. Since our move in June 2025, we have been able to get to know very reliable and competent managers.<\/p><p>I am dependent on assistance around the clock. The daily 24 hours are currently divided into 2 shifts. The day shift is from 08:00 - 20:00 and the night shift is from 20:00 - 08.00.<\/p><p>I am a friendly and open person who enjoys interacting with lots of people. In our team, we work with the kinaesthetic technique, which is very gentle on the back and does not require much effort.<\/p><p>I would like to strengthen my existing team with women who have both feet on the ground, are open, friendly, funny and very reliable - just like my whole team.<\/p><p>We are a harmonious, well-balanced team that looks forward to welcoming new colleagues. Our motto is \u201eone for all and all for one\u201c. Some experience in nursing would also be very welcome but is not essential.<\/p><p><strong>Are you interested?<\/strong><\/p><p><span style=\"font-family: -apple-system, BlinkMacSystemFont, 'Segoe UI', Roboto, 'Helvetica Neue', Arial, 'Noto Sans', sans-serif, 'Apple Color Emoji', 'Segoe UI Emoji', 'Segoe UI Symbol', 'Noto Color Emoji';\">We look forward to receiving your application. Please send your application documents via the online application form or by e-mail to: <\/span><strong style=\"font-family: -apple-system, BlinkMacSystemFont, 'Segoe UI', Roboto, 'Helvetica Neue', Arial, 'Noto Sans', sans-serif, 'Apple Color Emoji', 'Segoe UI Emoji', 'Segoe UI Symbol', 'Noto Color Emoji';\"><a href=\"mailto:bewerbung@zsl-erlangen.de\" target=\"_blank\" rel=\"noopener\">bewerbung@zsl-erlangen.de<\/a><\/strong><\/p><\/div><\/div><\/div><\/div><div class=\"row\"><div class=\"col-12 col-lg-9 unterseitenText\"><p><strong>If you have any questions, you can also contact our nursing service manager Jutta Becker on 09131\/98783-20.<\/strong><\/p><\/div><\/div>\t\t\t\t\t\t\t\t<\/div>\n\t\t\t\t<div class=\"elementor-element elementor-element-2b03a43 elementor-align-left elementor-widget elementor-widget-button\" data-id=\"2b03a43\" data-element_type=\"widget\" data-e-type=\"widget\" data-widget_type=\"button.default\">\n\t\t\t\t\t\t\t\t\t\t<a class=\"elementor-button elementor-button-link elementor-size-sm\" href=\"https:\/\/zsl-erlangen.de\/en\/application-form\/\">\n\t\t\t\t\t\t<span class=\"elementor-button-content-wrapper\">\n\t\t\t\t\t\t\t\t\t<span class=\"elementor-button-text\">to the online application form<\/span>\n\t\t\t\t\t<\/span>\n\t\t\t\t\t<\/a>\n\t\t\t\t\t\t\t\t<\/div>\n\t\t\t\t<\/div>\n\t\t\t\t\t<\/div>\n\t\t\t\t<\/div>\n\t\t\t\t<\/div>\n\t\t\t\t<\/div>","protected":false},"excerpt":{"rendered":"<p>Assistenz Anita Ich, Anita 58 Jahre und seit 40 Jahren querschnittsgel\u00e4hmt, suche Verst\u00e4rkung f\u00fcr mein Team. Nach langj\u00e4hriger Selbstst\u00e4ndigkeit bin ich gemeinsam mit meinem Team zum ZSL e.V. gewechselt. Seit unserem Wechsel im Juni 2025 haben wir sehr zuverl\u00e4ssige und kompetente Vorgesetzte kennenlernen d\u00fcrfen. Ich bin rund um die Uhr auf Assistenz angewiesen. Die t\u00e4glichen [&hellip;]<\/p>\n","protected":false},"author":1,"featured_media":0,"parent":0,"menu_order":0,"comment_status":"closed","ping_status":"closed","template":"","meta":{"footnotes":""},"class_list":["post-4975","page","type-page","status-publish","hentry"],"_links":{"self":[{"href":"https:\/\/zsl-erlangen.de\/en\/wp-json\/wp\/v2\/pages\/4975","targetHints":{"allow":["GET"]}}],"collection":[{"href":"https:\/\/zsl-erlangen.de\/en\/wp-json\/wp\/v2\/pages"}],"about":[{"href":"https:\/\/zsl-erlangen.de\/en\/wp-json\/wp\/v2\/types\/page"}],"author":[{"embeddable":true,"href":"https:\/\/zsl-erlangen.de\/en\/wp-json\/wp\/v2\/users\/1"}],"replies":[{"embeddable":true,"href":"https:\/\/zsl-erlangen.de\/en\/wp-json\/wp\/v2\/comments?post=4975"}],"version-history":[{"count":10,"href":"https:\/\/zsl-erlangen.de\/en\/wp-json\/wp\/v2\/pages\/4975\/revisions"}],"predecessor-version":[{"id":5006,"href":"https:\/\/zsl-erlangen.de\/en\/wp-json\/wp\/v2\/pages\/4975\/revisions\/5006"}],"wp:attachment":[{"href":"https:\/\/zsl-erlangen.de\/en\/wp-json\/wp\/v2\/media?parent=4975"}],"curies":[{"name":"wp","href":"https:\/\/api.w.org\/{rel}","templated":true}]}}