{"id":4983,"date":"2026-04-29T09:07:22","date_gmt":"2026-04-29T09:07:22","guid":{"rendered":"https:\/\/zsl.webwolfdesign.eu\/?page_id=4983"},"modified":"2026-04-29T09:23:51","modified_gmt":"2026-04-29T09:23:51","slug":"job-offer-assistance-team-rene","status":"publish","type":"page","link":"https:\/\/zsl-erlangen.de\/en\/job-offer-assistance-team-rene\/","title":{"rendered":"Stellenangebot &#8211; Assistenzteam Rene"},"content":{"rendered":"<div data-elementor-type=\"wp-page\" data-elementor-id=\"4983\" class=\"elementor elementor-4983\" data-elementor-post-type=\"page\">\n\t\t\t\t<div class=\"elementor-element elementor-element-5897030 e-con-full e-flex e-con e-parent\" data-id=\"5897030\" data-element_type=\"container\" data-e-type=\"container\" data-settings=\"{&quot;background_background&quot;:&quot;classic&quot;}\">\n\t\t<div class=\"elementor-element elementor-element-e70512f e-flex e-con-boxed e-con e-child\" data-id=\"e70512f\" data-element_type=\"container\" data-e-type=\"container\">\n\t\t\t\t\t<div class=\"e-con-inner\">\n\t\t<div class=\"elementor-element elementor-element-588dc43 e-con-full e-flex e-con e-child\" data-id=\"588dc43\" data-element_type=\"container\" data-e-type=\"container\" data-settings=\"{&quot;background_background&quot;:&quot;classic&quot;}\">\n\t\t\t\t<div class=\"elementor-element elementor-element-677444f elementor-widget elementor-widget-text-editor\" data-id=\"677444f\" data-element_type=\"widget\" data-e-type=\"widget\" data-widget_type=\"text-editor.default\">\n\t\t\t\t\t\t\t\t\t<div class=\"row\"><div class=\"col-12 col-lg-9\"><div class=\"row\"><div class=\"col-12 col-lg-9\"><div class=\"row\"><div class=\"col-12 col-lg-9\"><h2><strong><span style=\"color: #7d0000;\">Assistance team Rene<\/span><\/strong><\/h2><\/div><\/div><div class=\"row\"><div class=\"col-12 col-lg-9 unterseitenText\"><div class=\"bildoben\"><p><img fetchpriority=\"high\" decoding=\"async\" src=\"https:\/\/www.zsl-erlangen.de\/fileadmin\/admin\/Redaktion\/Verein\/Foto_Homepage_Stellensuche__Rene_Hamper.jpg\" alt=\"\" width=\"605\" height=\"518\" \/><\/p><div class=\"bildunterschrift\">\u00a0<\/div><\/div><p>Hey,<\/p><p>I am Rene, 39 years old, live in Herzogenaurach and am paraplegic from C4. I live independently in my own four walls and am now looking for support for my team of assistants.<\/p><p>I am adventurous and have my own car. It is an advantage here, and very important to me, that you have a valid driver's license.  When the weather is nice, I like to spend time in the fresh air in my garden.<\/p><p>You are employed by an assistance organization that takes care of all organizational matters such as contracts, billing, etc.<\/p><p>I need support with all care, household chores, accompaniment to outings and appointments and assistance with any activities.<\/p><p>As I live with assistance around the clock, the shift times are fixed.<\/p><p>If you are looking for a job, I would be very happy to hear from you and get to know you personally.<\/p><p>Experience in care or assistance is great, but not a must. Reliability, openness and relaxed, respectful interaction are important to me.<\/p><p><strong>Are you interested?<\/strong><\/p><\/div><\/div><\/div><\/div><\/div><\/div><div class=\"row\"><div class=\"col-12 col-lg-9 unterseitenText\"><p>We look forward to receiving your application. Please send your application documents via the online application form or by e-mail to: <strong><a href=\"mailto:bewerbung@zsl-erlangen.de\" target=\"_blank\" rel=\"noopener\">bewerbung@zsl-erlangen.de<\/a><\/strong><\/p><p><strong>If you have any questions, you can also contact our nursing service manager Jutta Becker on 09131\/98783-20.<\/strong><\/p><\/div><\/div>\t\t\t\t\t\t\t\t<\/div>\n\t\t\t\t<div class=\"elementor-element elementor-element-2b03a43 elementor-align-left elementor-widget elementor-widget-button\" data-id=\"2b03a43\" data-element_type=\"widget\" data-e-type=\"widget\" data-widget_type=\"button.default\">\n\t\t\t\t\t\t\t\t\t\t<a class=\"elementor-button elementor-button-link elementor-size-sm\" href=\"https:\/\/zsl-erlangen.de\/en\/application-form\/\">\n\t\t\t\t\t\t<span class=\"elementor-button-content-wrapper\">\n\t\t\t\t\t\t\t\t\t<span class=\"elementor-button-text\">to the online application form<\/span>\n\t\t\t\t\t<\/span>\n\t\t\t\t\t<\/a>\n\t\t\t\t\t\t\t\t<\/div>\n\t\t\t\t<\/div>\n\t\t\t\t\t<\/div>\n\t\t\t\t<\/div>\n\t\t\t\t<\/div>\n\t\t\t\t<\/div>","protected":false},"excerpt":{"rendered":"<p>Assistenzteam Rene \u00a0 Hey, ich bin Rene, 39 Jahre alt, lebe in Herzogenaurach und bin ab C4 querschnittgel\u00e4hmt. Ich wohne selbstst\u00e4ndig in meinen eigenen vier W\u00e4nden und suche ab sofort Unterst\u00fctzung f\u00fcr mein Assistententeam. Ich bin unternehmungslustig und besitze ein eigenes Auto. Hier ist es zum Vorteil, und mir sehr wichtig, dass du eine g\u00fcltige [&hellip;]<\/p>\n","protected":false},"author":1,"featured_media":0,"parent":0,"menu_order":0,"comment_status":"closed","ping_status":"closed","template":"","meta":{"footnotes":""},"class_list":["post-4983","page","type-page","status-publish","hentry"],"_links":{"self":[{"href":"https:\/\/zsl-erlangen.de\/en\/wp-json\/wp\/v2\/pages\/4983","targetHints":{"allow":["GET"]}}],"collection":[{"href":"https:\/\/zsl-erlangen.de\/en\/wp-json\/wp\/v2\/pages"}],"about":[{"href":"https:\/\/zsl-erlangen.de\/en\/wp-json\/wp\/v2\/types\/page"}],"author":[{"embeddable":true,"href":"https:\/\/zsl-erlangen.de\/en\/wp-json\/wp\/v2\/users\/1"}],"replies":[{"embeddable":true,"href":"https:\/\/zsl-erlangen.de\/en\/wp-json\/wp\/v2\/comments?post=4983"}],"version-history":[{"count":7,"href":"https:\/\/zsl-erlangen.de\/en\/wp-json\/wp\/v2\/pages\/4983\/revisions"}],"predecessor-version":[{"id":5003,"href":"https:\/\/zsl-erlangen.de\/en\/wp-json\/wp\/v2\/pages\/4983\/revisions\/5003"}],"wp:attachment":[{"href":"https:\/\/zsl-erlangen.de\/en\/wp-json\/wp\/v2\/media?parent=4983"}],"curies":[{"name":"wp","href":"https:\/\/api.w.org\/{rel}","templated":true}]}}