{"id":4993,"date":"2026-04-29T09:17:36","date_gmt":"2026-04-29T09:17:36","guid":{"rendered":"https:\/\/zsl.webwolfdesign.eu\/?page_id=4993"},"modified":"2026-04-29T10:03:01","modified_gmt":"2026-04-29T10:03:01","slug":"job-offer-internship-for-female-students","status":"publish","type":"page","link":"https:\/\/zsl-erlangen.de\/en\/job-offer-internship-for-female-students\/","title":{"rendered":"Stellenangebot &#8211; Praktikum fuer Student*innen"},"content":{"rendered":"<div data-elementor-type=\"wp-page\" data-elementor-id=\"4993\" class=\"elementor elementor-4993\" data-elementor-post-type=\"page\">\n\t\t\t\t<div class=\"elementor-element elementor-element-5897030 e-con-full e-flex e-con e-parent\" data-id=\"5897030\" data-element_type=\"container\" data-e-type=\"container\" data-settings=\"{&quot;background_background&quot;:&quot;classic&quot;}\">\n\t\t<div class=\"elementor-element elementor-element-e70512f e-flex e-con-boxed e-con e-child\" data-id=\"e70512f\" data-element_type=\"container\" data-e-type=\"container\">\n\t\t\t\t\t<div class=\"e-con-inner\">\n\t\t<div class=\"elementor-element elementor-element-588dc43 e-con-full e-flex e-con e-child\" data-id=\"588dc43\" data-element_type=\"container\" data-e-type=\"container\" data-settings=\"{&quot;background_background&quot;:&quot;classic&quot;}\">\n\t\t\t\t<div class=\"elementor-element elementor-element-677444f elementor-widget elementor-widget-text-editor\" data-id=\"677444f\" data-element_type=\"widget\" data-e-type=\"widget\" data-widget_type=\"text-editor.default\">\n\t\t\t\t\t\t\t\t\t<div class=\"row\"><div class=\"col-12 col-lg-9\"><div class=\"row\"><div class=\"col-12 col-lg-9\"><div class=\"row\"><div class=\"col-12 col-lg-9\"><h2 class=\"text-center\"><span style=\"color: #7d0000;\"><strong>We offer internships for students in our Counseling.Education.Encounters department.<\/strong><\/span><\/h2><h5><span style=\"color: #000000;\"><strong>About us:<\/strong><\/span><\/h5><p>ZSL e.V. was founded in 1988 by activists as a non-profit association for the self-representation of people with disabilities. According to the motto:\u00a0<em>\u201eNothing about us without us!\u201c\u00a0<\/em>Today, people with and without disabilities work together towards the goal of enabling people to participate equally in all areas of life. We are committed to genuine inclusion and offer a wide range of services that support people with disabilities in leading a self-determined life.<\/p><p>As a service for the disabled, we offer:<\/p><p><strong>Consulting.<\/strong><\/p><p>We offer people with disabilities, relatives and institutions social advice on all aspects of disability.<\/p><p><strong>Education.<\/strong><\/p><p>We want to raise public awareness of the concerns of people with disabilities. Through workshops, seminars and readings, we want to draw attention to barriers, ableism and discriminatory structures.\u00a0<\/p><p><strong>Encounter.<\/strong><\/p><p>We create spaces for encounters - open to all. To this end, we offer a variety of events where people with and without disabilities can come together.<\/p><h2><span style=\"color: #7d0000;\"><strong>Prerequisites<\/strong><\/span><\/h2><p><strong>You want to make sure that...<\/strong><\/p><ul><li>disabled people are accepted in their diversity in society and disability is perceived and recognized as part of human normality and diversity.<\/li><li>all services in the social area can be used by people with disabilities.<\/li><li>People whose legitimate concerns are often ignored are given a voice.<\/li><\/ul><p><strong><br \/>Your profile<\/strong><\/p><ul><li>You are a registered student of social work, social pedagogy, curative education or comparable courses of study<\/li><li>You would like to support our specialists in the planning, organization and implementation of events and educational offers as well as in advising people with disabilities<\/li><li>You identify with the mission statement of ZSL e.V. and would like to learn more about self-determination and participation<\/li><li>You are reliable and have an independent way of working<\/li><\/ul><p><strong><br \/>Your benefits<\/strong><\/p><ul><li>Working in a small team with regular exchanges<\/li><li>A motivated and very good working atmosphere<\/li><li>Freedom to contribute your own ideas and try things out<\/li><li>flexible working hours<\/li><li>We live inclusion. At our company, people with and without disabilities work side by side.<\/li><\/ul><p><strong><br \/>Interested?<\/strong><\/p><p>Have we piqued your interest?<\/p><p>Please send your application with detailed documents to:<\/p><p>Exclusively by e-mail:\u00a0<a title=\"bewerbung@zsl-erlangen.de\" href=\"mailto:bewerbung@zsl-erlangen.de\">bewerbung@zsl-erlangen.de<\/a><\/p><\/div><\/div><\/div><\/div><\/div><\/div>\t\t\t\t\t\t\t\t<\/div>\n\t\t\t\t<\/div>\n\t\t\t\t\t<\/div>\n\t\t\t\t<\/div>\n\t\t\t\t<\/div>\n\t\t\t\t<\/div>","protected":false},"excerpt":{"rendered":"<p>Wir bieten Praktikumspl\u00e4tze f\u00fcr Student*innen in unserem Bereich Beratung.Bildung.Begegnung. \u00dcber uns: Das ZSL e.V. wurde 1988 von Aktivist*innen als gemeinn\u00fctziger Verein zur Selbstvertretung von Menschen mit Behinderung gegr\u00fcndet. Nach dem Motto:\u00a0\u201eNichts \u00fcber uns ohne uns!\u201c\u00a0Arbeiten heute Menschen mit und ohne Behinderung zusammen an dem Ziel, Menschen eine gleichberechtigte Teilhabe in allen Lebensbereichen zu erm\u00f6glichen. Wir [&hellip;]<\/p>\n","protected":false},"author":1,"featured_media":0,"parent":0,"menu_order":0,"comment_status":"closed","ping_status":"closed","template":"","meta":{"footnotes":""},"class_list":["post-4993","page","type-page","status-publish","hentry"],"_links":{"self":[{"href":"https:\/\/zsl-erlangen.de\/en\/wp-json\/wp\/v2\/pages\/4993","targetHints":{"allow":["GET"]}}],"collection":[{"href":"https:\/\/zsl-erlangen.de\/en\/wp-json\/wp\/v2\/pages"}],"about":[{"href":"https:\/\/zsl-erlangen.de\/en\/wp-json\/wp\/v2\/types\/page"}],"author":[{"embeddable":true,"href":"https:\/\/zsl-erlangen.de\/en\/wp-json\/wp\/v2\/users\/1"}],"replies":[{"embeddable":true,"href":"https:\/\/zsl-erlangen.de\/en\/wp-json\/wp\/v2\/comments?post=4993"}],"version-history":[{"count":10,"href":"https:\/\/zsl-erlangen.de\/en\/wp-json\/wp\/v2\/pages\/4993\/revisions"}],"predecessor-version":[{"id":5031,"href":"https:\/\/zsl-erlangen.de\/en\/wp-json\/wp\/v2\/pages\/4993\/revisions\/5031"}],"wp:attachment":[{"href":"https:\/\/zsl-erlangen.de\/en\/wp-json\/wp\/v2\/media?parent=4993"}],"curies":[{"name":"wp","href":"https:\/\/api.w.org\/{rel}","templated":true}]}}