{"id":5015,"date":"2026-04-29T09:45:24","date_gmt":"2026-04-29T09:45:24","guid":{"rendered":"https:\/\/zsl.webwolfdesign.eu\/?page_id=5015"},"modified":"2026-04-29T09:48:14","modified_gmt":"2026-04-29T09:48:14","slug":"job-offer-assistance","status":"publish","type":"page","link":"https:\/\/zsl-erlangen.de\/en\/job-offer-assistance\/","title":{"rendered":"Stellenangebot &#8211; Assistenz"},"content":{"rendered":"<div data-elementor-type=\"wp-page\" data-elementor-id=\"5015\" class=\"elementor elementor-5015\" data-elementor-post-type=\"page\">\n\t\t\t\t<div class=\"elementor-element elementor-element-5897030 e-con-full e-flex e-con e-parent\" data-id=\"5897030\" data-element_type=\"container\" data-e-type=\"container\" data-settings=\"{&quot;background_background&quot;:&quot;classic&quot;}\">\n\t\t<div class=\"elementor-element elementor-element-e70512f e-flex e-con-boxed e-con e-child\" data-id=\"e70512f\" data-element_type=\"container\" data-e-type=\"container\">\n\t\t\t\t\t<div class=\"e-con-inner\">\n\t\t<div class=\"elementor-element elementor-element-588dc43 e-con-full e-flex e-con e-child\" data-id=\"588dc43\" data-element_type=\"container\" data-e-type=\"container\" data-settings=\"{&quot;background_background&quot;:&quot;classic&quot;}\">\n\t\t\t\t<div class=\"elementor-element elementor-element-677444f elementor-widget elementor-widget-text-editor\" data-id=\"677444f\" data-element_type=\"widget\" data-e-type=\"widget\" data-widget_type=\"text-editor.default\">\n\t\t\t\t\t\t\t\t\t<div class=\"row\"><div class=\"col-12 col-lg-9\"><div class=\"row\"><div class=\"col-12 col-lg-9\"><div class=\"row\"><div class=\"col-12 col-lg-9\"><h2><strong><span style=\"color: #750000;\">Assistant in personal assistance for people with physical disabilities<\/span><\/strong><\/h2><\/div><\/div><div class=\"row\"><div class=\"col-12 col-lg-9 unterseitenText\"><p><strong>What if you had the chance...<\/strong><\/p><p>... despite working for an outpatient care service, to have less stress in everyday care,<br \/>...to support people with disabilities on a daily basis with individual 1-to-1 support in leading a self-determined life,<br \/>...having real contact with the same two or three customers,<br \/>...to work in a great and colorful team<br \/>...and have fun at the same time?!<\/p><p>You can do that with us!<\/p><p>\u00a0With us, you support people with disabilities in their everyday lives in their own chosen living environment or in their leisure activities. You enable your clients to lead a self-determined life and at the same time develop your own care skills.<\/p><p>In general, we are looking for support for the urban area\u00a0<strong>Erlangen<\/strong>,\u00a0<strong>and the surrounding area.<\/strong><\/p><p>If these do not match your radius, we still look forward to receiving your application \ud83d\ude42<\/p><p>___________________________________________________________________________________<\/p><p><strong>- Current vacancies -<\/strong><\/p><p><strong>In Erlangen we are looking for:<\/strong><\/p><ul><li>Nursing assistants, career changers for the care of a wheelchair user<\/li><li>Driving license would be an advantage<\/li><li>Round-the-clock care for day and night services<\/li><\/ul><p>___________________________________________________________________________________<\/p><p><strong>Her area of activity covers everything that arises in everyday personal life.<\/strong><\/p><p><strong>This includes the following tasks in particular:<\/strong><\/p><ul><li>Assumption of basic care and support care (and treatment care) tasks<\/li><li>Support in coping with everyday life<\/li><li>Documentation of care measures<\/li><li>Preparation of drinks and meals, taking over household chores<\/li><li>Accompaniment and support with activities outside the home, e.g. visits to the authorities, shopping, leisure activities, visits to the doctor, etc.<\/li><\/ul><p><br \/><strong>You bring with you:<\/strong><\/p><ul><li>Experience in nursing or the willingness to acquire it<\/li><li>A plus, but not a must: Trained nursing specialist or nursing assistant qualification<\/li><li>Interest in personal contact for successful participation, personal assistance and care<\/li><li>Curiosity and willingness to learn<\/li><li>Empathy and open-mindedness<\/li><li>Pleasant, well-groomed personality<\/li><li>Thinking and acting with foresight in the interests of customers\u00a0<\/li><li>Ability to work in a team, proactive communication within colleagues and with superiors<\/li><li>Willingness to work shifts, including weekends, Sundays and public holidays\u00a0<\/li><li>Good knowledge of the German language<\/li><\/ul><p><br \/><strong>We offer:<\/strong><\/p><ul><li>Attractive salary based on AVR Diakonie Bayern, employer-financed company pension scheme and capital-forming benefits<\/li><li>Flexible working hours and work-life balance<\/li><li>A varied and meaningful job<\/li><li>Induction and necessary professional training<\/li><li>Individual vacation planning in the team<\/li><\/ul><p><br \/><strong>We look forward to receiving your application:<\/strong><\/p><p><strong><a href=\"mailto:bewerbung@zsl-erlangen.de\">bewerbung@zsl-erlangen.de<\/a>\u00a0<\/strong><\/p><p>ZSL e.V. Erlangen<br \/>Luitpoldstr. 42<br \/>91052 Erlangen<\/p><p>If you have any questions, you can also contact our nursing service manager Jutta Becker on 09131\/98783-20.<\/p><\/div><\/div><\/div><\/div><div class=\"row\"><div class=\"col-12 col-lg-9 unterseitenText\">\u00a0<\/div><\/div><\/div><\/div>\t\t\t\t\t\t\t\t<\/div>\n\t\t\t\t<\/div>\n\t\t\t\t\t<\/div>\n\t\t\t\t<\/div>\n\t\t\t\t<\/div>\n\t\t\t\t<\/div>","protected":false},"excerpt":{"rendered":"<p>Assistenzkraft in der pers\u00f6nlichen Assistenz von Menschen mit K\u00f6rperbehinderung Was w\u00e4re, wenn Sie die Chance h\u00e4tten\u2026 &#8230; trotz Arbeit bei einem ambulanten Pflegedienst, weniger Hektik im Pflegealltag zu haben,\u2026tagt\u00e4glich Menschen mit Behinderung in individueller 1-zu-1-Begleitung bei einer selbstbestimmten Lebensf\u00fchrung zu unterst\u00fctzen,\u2026echten Kontakt zu den immer selben zwei oder drei Kund*innen zu haben,\u2026in einem tollen und [&hellip;]<\/p>\n","protected":false},"author":1,"featured_media":0,"parent":0,"menu_order":0,"comment_status":"closed","ping_status":"closed","template":"","meta":{"footnotes":""},"class_list":["post-5015","page","type-page","status-publish","hentry"],"_links":{"self":[{"href":"https:\/\/zsl-erlangen.de\/en\/wp-json\/wp\/v2\/pages\/5015","targetHints":{"allow":["GET"]}}],"collection":[{"href":"https:\/\/zsl-erlangen.de\/en\/wp-json\/wp\/v2\/pages"}],"about":[{"href":"https:\/\/zsl-erlangen.de\/en\/wp-json\/wp\/v2\/types\/page"}],"author":[{"embeddable":true,"href":"https:\/\/zsl-erlangen.de\/en\/wp-json\/wp\/v2\/users\/1"}],"replies":[{"embeddable":true,"href":"https:\/\/zsl-erlangen.de\/en\/wp-json\/wp\/v2\/comments?post=5015"}],"version-history":[{"count":4,"href":"https:\/\/zsl-erlangen.de\/en\/wp-json\/wp\/v2\/pages\/5015\/revisions"}],"predecessor-version":[{"id":5019,"href":"https:\/\/zsl-erlangen.de\/en\/wp-json\/wp\/v2\/pages\/5015\/revisions\/5019"}],"wp:attachment":[{"href":"https:\/\/zsl-erlangen.de\/en\/wp-json\/wp\/v2\/media?parent=5015"}],"curies":[{"name":"wp","href":"https:\/\/api.w.org\/{rel}","templated":true}]}}