{"id":1111,"date":"2025-11-23T09:28:10","date_gmt":"2025-11-23T09:28:10","guid":{"rendered":"https:\/\/zsl.webwolfdesign.eu\/?page_id=1111"},"modified":"2026-04-22T21:46:52","modified_gmt":"2026-04-22T21:46:52","slug":"abw-bamberg","status":"publish","type":"page","link":"https:\/\/zsl-erlangen.de\/es\/abw-bamberg\/","title":{"rendered":"ABW Bamberg - Residencia asistida"},"content":{"rendered":"<div data-elementor-type=\"wp-page\" data-elementor-id=\"1111\" class=\"elementor elementor-1111\" data-elementor-post-type=\"page\">\n\t\t\t\t<main class=\"elementor-element elementor-element-27bd2df e-con-full e-flex e-con e-parent\" data-id=\"27bd2df\" data-element_type=\"container\" data-e-type=\"container\">\n\t\t<main class=\"elementor-element elementor-element-436aa55 e-con-full e-flex e-con e-child\" data-id=\"436aa55\" data-element_type=\"container\" data-e-type=\"container\" data-settings=\"{&quot;background_background&quot;:&quot;classic&quot;}\">\n\t\t<div class=\"elementor-element elementor-element-3a8144b e-con-full e-flex e-con e-child\" data-id=\"3a8144b\" data-element_type=\"container\" data-e-type=\"container\">\n\t\t<div class=\"elementor-element elementor-element-63babc3 e-con-full e-flex e-con e-child\" data-id=\"63babc3\" data-element_type=\"container\" data-e-type=\"container\" data-settings=\"{&quot;background_background&quot;:&quot;gradient&quot;}\">\n\t\t\t\t<div class=\"elementor-element elementor-element-98e99f8 elementor-widget elementor-widget-heading\" data-id=\"98e99f8\" data-element_type=\"widget\" data-e-type=\"widget\" data-widget_type=\"heading.default\">\n\t\t\t\t\t<h2 class=\"elementor-heading-title elementor-size-default\">Residencia asistida ambulatoria - Bamberg<\/h2>\t\t\t\t<\/div>\n\t\t\t\t<div class=\"elementor-element elementor-element-5959c94 elementor-widget elementor-widget-text-editor\" data-id=\"5959c94\" data-element_type=\"widget\" data-e-type=\"widget\" data-widget_type=\"text-editor.default\">\n\t\t\t\t\t\t\t\t\t<p>Por una Bamberg inclusiva, autodeterminada y en pleno centro.<\/p>\t\t\t\t\t\t\t\t<\/div>\n\t\t\t\t<\/div>\n\t\t<div class=\"elementor-element elementor-element-178251a e-con-full e-flex e-con e-child\" data-id=\"178251a\" data-element_type=\"container\" data-e-type=\"container\">\n\t\t\t\t<div class=\"elementor-element elementor-element-f163257 elementor-widget elementor-widget-image\" data-id=\"f163257\" data-element_type=\"widget\" data-e-type=\"widget\" data-widget_type=\"image.default\">\n\t\t\t\t\t\t\t\t\t\t\t\t\t\t\t<img fetchpriority=\"high\" decoding=\"async\" width=\"1500\" height=\"630\" src=\"https:\/\/zsl-erlangen.de\/wp-content\/uploads\/2026\/04\/abw-bamberg.jpg\" class=\"attachment-full size-full wp-image-4147\" alt=\"ambulatorio-bamberg\" srcset=\"https:\/\/zsl-erlangen.de\/wp-content\/uploads\/2026\/04\/abw-bamberg.jpg 1500w, https:\/\/zsl-erlangen.de\/wp-content\/uploads\/2026\/04\/abw-bamberg-300x126.jpg 300w, https:\/\/zsl-erlangen.de\/wp-content\/uploads\/2026\/04\/abw-bamberg-1024x430.jpg 1024w, https:\/\/zsl-erlangen.de\/wp-content\/uploads\/2026\/04\/abw-bamberg-768x323.jpg 768w, https:\/\/zsl-erlangen.de\/wp-content\/uploads\/2026\/04\/abw-bamberg-18x8.jpg 18w\" sizes=\"(max-width: 1500px) 100vw, 1500px\" \/>\t\t\t\t\t\t\t\t\t\t\t\t\t\t\t<\/div>\n\t\t\t\t<\/div>\n\t\t\t\t<\/div>\n\t\t<div class=\"elementor-element elementor-element-361bf9a e-flex e-con-boxed e-con e-child\" data-id=\"361bf9a\" data-element_type=\"container\" data-e-type=\"container\">\n\t\t\t\t\t<div class=\"e-con-inner\">\n\t\t<div class=\"elementor-element elementor-element-6becc3e e-con-full e-flex e-con e-child\" data-id=\"6becc3e\" data-element_type=\"container\" data-e-type=\"container\">\n\t\t<div class=\"elementor-element elementor-element-c2e8441 e-con-full e-flex e-con e-child\" data-id=\"c2e8441\" data-element_type=\"container\" data-e-type=\"container\" data-settings=\"{&quot;background_background&quot;:&quot;classic&quot;}\">\n\t\t<div class=\"elementor-element elementor-element-019bc4e e-con-full e-flex e-con e-child\" data-id=\"019bc4e\" data-element_type=\"container\" data-e-type=\"container\" data-settings=\"{&quot;background_background&quot;:&quot;classic&quot;}\">\n\t\t<div class=\"elementor-element elementor-element-e21cea4 e-con-full e-flex e-con e-child\" data-id=\"e21cea4\" data-element_type=\"container\" data-e-type=\"container\">\n\t\t\t\t<div class=\"elementor-element elementor-element-189ea9f elementor-widget elementor-widget-heading\" data-id=\"189ea9f\" data-element_type=\"widget\" data-e-type=\"widget\" data-widget_type=\"heading.default\">\n\t\t\t\t\t<h2 class=\"elementor-heading-title elementor-size-default\">Qui\u00e9nes somos<\/h2>\t\t\t\t<\/div>\n\t\t\t\t<div class=\"elementor-element elementor-element-b7d92a9 elementor-widget elementor-widget-text-editor\" data-id=\"b7d92a9\" data-element_type=\"widget\" data-e-type=\"widget\" data-widget_type=\"text-editor.default\">\n\t\t\t\t\t\t\t\t\t<p>La vida asistida (ABW) ayuda a las personas con discapacidad a vivir de la forma m\u00e1s independiente y aut\u00f3noma posible en su propia casa o en un piso compartido. El apoyo se acuerda individualmente y se adapta a cada situaci\u00f3n vital.<br \/>En funci\u00f3n de sus necesidades, le ofrecemos un apoyo flexible: desde unas horas a la semana hasta un apoyo m\u00e1s intensivo.\u00a0<\/p>\t\t\t\t\t\t\t\t<\/div>\n\t\t\t\t<\/div>\n\t\t\t\t<\/div>\n\t\t<div class=\"elementor-element elementor-element-7c4e3a1 e-con-full e-flex e-con e-child\" data-id=\"7c4e3a1\" data-element_type=\"container\" data-e-type=\"container\" data-settings=\"{&quot;background_background&quot;:&quot;classic&quot;}\">\n\t\t<div class=\"elementor-element elementor-element-d02ecf4 e-con-full e-flex e-con e-child\" data-id=\"d02ecf4\" data-element_type=\"container\" data-e-type=\"container\" data-settings=\"{&quot;background_background&quot;:&quot;classic&quot;}\">\n\t\t\t\t<div class=\"elementor-element elementor-element-39f4050 elementor-widget elementor-widget-heading\" data-id=\"39f4050\" data-element_type=\"widget\" data-e-type=\"widget\" data-widget_type=\"heading.default\">\n\t\t\t\t\t<h2 class=\"elementor-heading-title elementor-size-default\">Lo que ofrecemos:<\/h2>\t\t\t\t<\/div>\n\t\t\t\t<div class=\"elementor-element elementor-element-4e31cd1 elementor-widget elementor-widget-text-editor\" data-id=\"4e31cd1\" data-element_type=\"widget\" data-e-type=\"widget\" data-widget_type=\"text-editor.default\">\n\t\t\t\t\t\t\t\t\t<p class=\"p1\">- Vivir en su propia casa<\/p><p class=\"p1\">- Ayuda pr\u00e1ctica para afrontar la vida cotidiana<\/p><p class=\"p1\">- Establecer y mantener contactos sociales<\/p><p class=\"p1\">- Intervenci\u00f3n en conflictos y crisis<\/p><p class=\"p1\">- Apoyo en asuntos oficiales y m\u00e9dicos<\/p><p class=\"p1\">- Actividades de ocio y participaci\u00f3n en la vida social<\/p>\t\t\t\t\t\t\t\t<\/div>\n\t\t\t\t<\/div>\n\t\t\t\t<\/div>\n\t\t<div class=\"elementor-element elementor-element-f708ab0 e-con-full e-flex e-con e-child\" data-id=\"f708ab0\" data-element_type=\"container\" data-e-type=\"container\" data-settings=\"{&quot;background_background&quot;:&quot;classic&quot;}\">\n\t\t<div class=\"elementor-element elementor-element-b65b321 e-con-full e-flex e-con e-child\" data-id=\"b65b321\" data-element_type=\"container\" data-e-type=\"container\">\n\t\t\t\t<div class=\"elementor-element elementor-element-ed65e95 elementor-widget elementor-widget-heading\" data-id=\"ed65e95\" data-element_type=\"widget\" data-e-type=\"widget\" data-widget_type=\"heading.default\">\n\t\t\t\t\t<h2 class=\"elementor-heading-title elementor-size-default\">contacto<\/h2>\t\t\t\t<\/div>\n\t\t\t\t<div class=\"elementor-element elementor-element-7480195 elementor-widget elementor-widget-text-editor\" data-id=\"7480195\" data-element_type=\"widget\" data-e-type=\"widget\" data-widget_type=\"text-editor.default\">\n\t\t\t\t\t\t\t\t\t<p class=\"p1\">La ABW presta sus servicios in situ en Bamberg. La conexi\u00f3n organizativa se realiza a trav\u00e9s de la sede central de Erlangen.<\/p><p class=\"p1\">Si est\u00e1 interesado o tiene alguna pregunta, p\u00f3ngase en contacto con nosotros:<\/p><p>Correo electr\u00f3nico:\u00a0<a href=\"mailto:briefkasten@zsl-erlangen.de\">briefkasten@zsl-erlangen.de<\/a><\/p><p class=\"p1\">Tel\u00e9fono: 09131 987830<\/p>\t\t\t\t\t\t\t\t<\/div>\n\t\t\t\t<\/div>\n\t\t\t\t<\/div>\n\t\t\t\t<\/div>\n\t\t\t\t<\/div>\n\t\t\t\t\t<\/div>\n\t\t\t\t<\/div>\n\t\t\t\t<\/main>\n\t\t\t\t<\/main>\n\t\t\t\t<\/div>","protected":false},"excerpt":{"rendered":"<p>Ambulant begleitetes Wohnen &#8211; Bamberg F\u00fcr ein inklusives Bamberg \u2013 selbstbestimmt und mittendrin. \u00dcber uns Das Ambulant begleitete Wohnen (ABW) unterst\u00fctzt Menschen mit Behinderung dabei, m\u00f6glichst selbstst\u00e4ndig und selbstbestimmt in der eigenen Wohnung oder einer Wohngemeinschaft zu leben. Die Unterst\u00fctzung wird individuell vereinbart und an die jeweilige Lebenssituation angepasst.Je nach Bedarf begleiten wir Sie flexibel [&hellip;]<\/p>\n","protected":false},"author":5,"featured_media":0,"parent":0,"menu_order":0,"comment_status":"closed","ping_status":"closed","template":"","meta":{"footnotes":""},"class_list":["post-1111","page","type-page","status-publish","hentry"],"_links":{"self":[{"href":"https:\/\/zsl-erlangen.de\/es\/wp-json\/wp\/v2\/pages\/1111","targetHints":{"allow":["GET"]}}],"collection":[{"href":"https:\/\/zsl-erlangen.de\/es\/wp-json\/wp\/v2\/pages"}],"about":[{"href":"https:\/\/zsl-erlangen.de\/es\/wp-json\/wp\/v2\/types\/page"}],"author":[{"embeddable":true,"href":"https:\/\/zsl-erlangen.de\/es\/wp-json\/wp\/v2\/users\/5"}],"replies":[{"embeddable":true,"href":"https:\/\/zsl-erlangen.de\/es\/wp-json\/wp\/v2\/comments?post=1111"}],"version-history":[{"count":48,"href":"https:\/\/zsl-erlangen.de\/es\/wp-json\/wp\/v2\/pages\/1111\/revisions"}],"predecessor-version":[{"id":4726,"href":"https:\/\/zsl-erlangen.de\/es\/wp-json\/wp\/v2\/pages\/1111\/revisions\/4726"}],"wp:attachment":[{"href":"https:\/\/zsl-erlangen.de\/es\/wp-json\/wp\/v2\/media?parent=1111"}],"curies":[{"name":"wp","href":"https:\/\/api.w.org\/{rel}","templated":true}]}}