{"id":1760,"date":"2025-11-27T15:23:15","date_gmt":"2025-11-27T15:23:15","guid":{"rendered":"https:\/\/zsl.webwolfdesign.eu\/?page_id=1760"},"modified":"2026-01-25T18:59:37","modified_gmt":"2026-01-25T18:59:37","slug":"declaracion-de-proteccion-de-datos","status":"publish","type":"page","link":"https:\/\/zsl-erlangen.de\/es\/declaracion-de-proteccion-de-datos\/","title":{"rendered":"Pol\u00edtica de privacidad"},"content":{"rendered":"<div data-elementor-type=\"wp-page\" data-elementor-id=\"1760\" class=\"elementor elementor-1760\" data-elementor-post-type=\"page\">\n\t\t\t\t<div class=\"elementor-element elementor-element-69cb297 e-con-full e-flex e-con e-child\" data-id=\"69cb297\" data-element_type=\"container\" data-e-type=\"container\">\n\t\t<div class=\"elementor-element elementor-element-b74631f e-flex e-con-boxed e-con e-child\" data-id=\"b74631f\" data-element_type=\"container\" data-e-type=\"container\" data-settings=\"{&quot;background_background&quot;:&quot;classic&quot;}\">\n\t\t\t\t\t<div class=\"e-con-inner\">\n\t\t<div class=\"elementor-element elementor-element-b97cce5 e-con-full e-flex e-con e-child\" data-id=\"b97cce5\" data-element_type=\"container\" data-e-type=\"container\" data-settings=\"{&quot;background_background&quot;:&quot;classic&quot;}\">\n\t\t\t\t<div class=\"elementor-element elementor-element-ce250d8 elementor-widget__width-initial elementor-widget elementor-widget-heading\" data-id=\"ce250d8\" data-element_type=\"widget\" data-e-type=\"widget\" data-widget_type=\"heading.default\">\n\t\t\t\t\t<h2 class=\"elementor-heading-title elementor-size-default\">Pol\u00edtica de privacidad<\/h2>\t\t\t\t<\/div>\n\t\t\t\t<\/div>\n\t\t<div class=\"elementor-element elementor-element-beee77e e-con-full e-flex e-con e-child\" data-id=\"beee77e\" data-element_type=\"container\" data-e-type=\"container\" data-settings=\"{&quot;background_background&quot;:&quot;classic&quot;}\">\n\t\t<div class=\"elementor-element elementor-element-f4cd5ec e-con-full e-flex e-con e-child\" data-id=\"f4cd5ec\" data-element_type=\"container\" data-e-type=\"container\">\n\t\t\t\t<div class=\"elementor-element elementor-element-2eb5d52 elementor-widget elementor-widget-text-editor\" data-id=\"2eb5d52\" data-element_type=\"widget\" data-e-type=\"widget\" data-widget_type=\"text-editor.default\">\n\t\t\t\t\t\t\t\t\t<p>La protecci\u00f3n de sus datos personales es una prioridad. Es importante informarle al respecto. Tratamos sus datos personales de forma confidencial y de conformidad con la normativa legal sobre protecci\u00f3n de datos y la presente pol\u00edtica de privacidad.<\/p><p>Esta pol\u00edtica de privacidad aclara el tipo, el alcance y la finalidad del tratamiento de los datos personales (en lo sucesivo, \u201edatos\u201c) dentro de nuestra oferta en l\u00ednea y los sitios web, funciones y contenidos asociados, as\u00ed como las presencias en l\u00ednea externas, como Teilhabeberatung-Mitteilfranken.de.<\/p><p>Con respecto a los t\u00e9rminos utilizados, como \u201etratamiento\u201c, nos remitimos a las definiciones del art. 4 del Reglamento General de Protecci\u00f3n de Datos (RGPD).<\/p><p><strong>Recogida de datos en nuestro sitio web<\/strong><\/p><p>\u00bfQui\u00e9n es responsable de la recogida de datos en este sitio web?<br \/>El tratamiento de datos en este sitio web corre a cargo del operador del mismo.<br \/>Encontrar\u00e1 sus datos de contacto en el aviso legal de este sitio web.<\/p><p><strong>Tipos de datos tratados:<\/strong><\/p><ul><li>Datos de inventario (por ejemplo, nombres, direcciones).<\/li><li>Datos de contacto (por ejemplo, correo electr\u00f3nico, n\u00fameros de tel\u00e9fono).<\/li><li>Datos de contenido (por ejemplo, introducci\u00f3n de texto).<\/li><li>Datos de uso (por ejemplo, sitios web visitados, inter\u00e9s por el contenido, horas de acceso).<\/li><li>Meta\/datos de comunicaci\u00f3n (por ejemplo, informaci\u00f3n del dispositivo, direcciones IP).<\/li><\/ul><p>El uso de nuestro sitio web es posible sin proporcionar datos personales.<br \/>En la medida en que en nuestro sitio web se recaben datos personales (por ejemplo, nombre, direcci\u00f3n o direcciones de correo electr\u00f3nico), se har\u00e1 siempre de forma voluntaria en la medida de lo posible, ya que usted mismo nos los facilita con su conocimiento. Estos datos no se transmitir\u00e1n a terceros sin su consentimiento expreso.<\/p><p><strong>Archivos de registro del servidor<\/strong><\/p><p>Sobre la base de nuestros intereses leg\u00edtimos en el sentido del art. 6 p\u00e1rr. 1 lit. f. GDPR, recopilamos datos sobre cada acceso al servidor en el que se encuentra este servicio (los denominados archivos de registro del servidor). Los datos de acceso incluyen<\/p><ul><li>Direcci\u00f3n IP del dispositivo final solicitante<\/li><li>Fecha y hora de acceso<\/li><li>Nombre y URL del archivo recuperado<\/li><li>Mensaje sobre si la llamada se ha realizado correctamente<\/li><li>Sitio web desde el que se accede (URL de referencia)<\/li><li>T\u00e9rminos de b\u00fasqueda introducidos para el contenido de esta direcci\u00f3n de Internet, as\u00ed como el resultado para el t\u00e9rmino de b\u00fasqueda<\/li><\/ul><p>Estos datos no pueden asignarse a personas concretas. Estos datos no se fusionan con otras fuentes de datos.<br \/>La base para el tratamiento de datos es el art\u00edculo 6, apartado 1, letra b) del RGPD, que permite el tratamiento de datos para el cumplimiento de un contrato o de medidas precontractuales.<br \/>Nos reservamos el derecho a comprobar retrospectivamente estos datos por motivos de seguridad (por ejemplo, para aclarar actos de abuso o fraude) si tenemos conocimiento de indicios concretos de uso il\u00edcito. Los datos cuya conservaci\u00f3n ulterior sea necesaria con fines probatorios quedan excluidos de la supresi\u00f3n hasta que se haya aclarado definitivamente el incidente correspondiente.<\/p><p><strong>Finalidad del tratamiento<\/strong><\/p><ul><li>Provisi\u00f3n de la oferta en l\u00ednea, sus funciones y contenido.<\/li><li>Responder a las solicitudes de contacto y comunicarse con los usuarios.<\/li><li>Medidas de seguridad.<\/li><li>Medici\u00f3n del alcance\/marketing<\/li><\/ul><p><strong>Seguridad<\/strong><\/p><p>Este sitio utiliza el cifrado SSL o TLS por razones de seguridad y para proteger la transmisi\u00f3n de contenidos, como los mensajes o consultas que usted nos env\u00eda como operador del sitio. Puede reconocer una conexi\u00f3n cifrada por el hecho de que la l\u00ednea de direcci\u00f3n del navegador cambia de \u201chttp:\/\/\u201d a \u201chttps:\/\/\u201d y por el s\u00edmbolo del candado en la l\u00ednea de su navegador.<\/p><p>Siempre que recopilamos y procesamos datos personales, \u00e9stos se encriptan antes de ser transmitidos. Esto significa que sus datos no pueden ser utilizados indebidamente por terceros.<\/p><p>Le rogamos que se informe peri\u00f3dicamente sobre el contenido de nuestra pol\u00edtica de privacidad. Adaptaremos la pol\u00edtica de privacidad tan pronto como los cambios en el tratamiento de datos que llevamos a cabo lo hagan necesario. Le informaremos tan pronto como los cambios requieran su cooperaci\u00f3n (por ejemplo, consentimiento) u otra notificaci\u00f3n individual. Aseg\u00farese de que dispone de la versi\u00f3n m\u00e1s reciente.<\/p><p><strong><a class=\"word-link\" title=\"Formulario de contacto\" href=\"https:\/\/zsl-erlangen.de\/es\/pongase-en-contacto-con\/\" target=\"_blank\" rel=\"noopener\">Formulario de contacto<\/a><\/strong><\/p><p>Si se pone en contacto con nosotros por\u00a0<a class=\"word-link\" title=\"Formulario de contacto\" href=\"https:\/\/zsl-erlangen.de\/es\/pongase-en-contacto-con\/\" target=\"_blank\" rel=\"noopener\">Formulario de contacto<\/a>\u00a0Si nos env\u00eda una consulta, sus datos del formulario de consulta, incluidos los datos de contacto que nos facilite all\u00ed, ser\u00e1n almacenados por nosotros con el fin de tramitar la consulta y en caso de preguntas de seguimiento. No transmitiremos estos datos sin su consentimiento.<br \/>Esto tambi\u00e9n se aplica a su registro para escribir las opiniones de los lectores.<\/p><p>El tratamiento de los datos introducidos en el\u00a0<a class=\"word-link\" title=\"Formulario de contacto\" href=\"https:\/\/zsl-erlangen.de\/es\/pongase-en-contacto-con\/\" target=\"_blank\" rel=\"noopener\">Formulario de contacto<\/a>\u00a0de los datos introducidos se basa, por tanto, en su consentimiento (art. 6, apdo. 1, letra a del RGPD). Puede revocar este consentimiento en cualquier momento. Basta con que nos env\u00ede un correo electr\u00f3nico informal. La legalidad de las operaciones de tratamiento de datos realizadas hasta la revocaci\u00f3n no se ver\u00e1 afectada por \u00e9sta.<\/p><p>La informaci\u00f3n que proporcion\u00f3 en el\u00a0<a class=\"word-link\" title=\"Formulario de contacto\" href=\"https:\/\/zsl-erlangen.de\/es\/pongase-en-contacto-con\/\" target=\"_blank\" rel=\"noopener\">Formulario de contacto<\/a>\u00a0Los datos que introduzca permanecer\u00e1n con nosotros hasta que nos pida que los borremos, revoque su consentimiento para el almacenamiento o deje de aplicarse el prop\u00f3sito para el que fueron almacenados (por ejemplo, despu\u00e9s de que se haya procesado su consulta). Las disposiciones legales obligatorias, en particular los periodos de conservaci\u00f3n, no se ver\u00e1n afectadas.<\/p><p><strong>Administraci\u00f3n, contabilidad financiera, organizaci\u00f3n de oficinas, gesti\u00f3n de contactos<\/strong><\/p><p>Tratamos los datos en el marco de las tareas administrativas y la organizaci\u00f3n de nuestra empresa, la contabilidad financiera y el cumplimiento de las obligaciones legales, como el archivo. Al hacerlo, procesamos los mismos datos que procesamos como parte de la prestaci\u00f3n de nuestros servicios contractuales. Las bases del tratamiento son el Art. 6 para. 1 lit. c. GDPR, Art. 6 p\u00e1rr. 1 lit. f. GDPR. Los clientes, las partes interesadas, los socios comerciales y los visitantes del sitio web se ven afectados por el procesamiento. La finalidad y nuestro inter\u00e9s en el tratamiento reside en la administraci\u00f3n, la contabilidad financiera, la organizaci\u00f3n de la oficina, el archivo de datos, es decir, tareas que sirven para mantener nuestras actividades empresariales, realizar nuestras tareas y prestar nuestros servicios. La supresi\u00f3n de datos en relaci\u00f3n con los servicios contractuales y la comunicaci\u00f3n contractual corresponde a la informaci\u00f3n especificada en estas actividades de tratamiento.<\/p><p>Revelamos o transmitimos datos a las autoridades fiscales, consultores, como asesores fiscales o auditores, as\u00ed como a otros centros de honorarios y proveedores de servicios de pago.<\/p><p>Tambi\u00e9n almacenamos informaci\u00f3n sobre proveedores, organizadores de eventos y otros socios comerciales en funci\u00f3n de nuestros intereses comerciales, por ejemplo, para ponernos en contacto con ellos m\u00e1s adelante. Por lo general, almacenamos estos datos, principalmente relacionados con la empresa, de forma permanente.<\/p><p><strong>Cooperaci\u00f3n con transformadores y terceros<\/strong><\/p><p>Si revelamos datos a otras personas y empresas (procesadores o terceros) como parte de nuestro procesamiento, se los transferimos o les concedemos acceso a los datos de otro modo, esto solo se har\u00e1 sobre la base de un permiso legal (por ejemplo, si la transferencia de datos a terceros, como proveedores de servicios de pago, es necesaria para el cumplimiento del contrato de conformidad con el Art. 6 para. 1 lit. b GDPR), usted ha dado su consentimiento, una obligaci\u00f3n legal lo establece o sobre la base de nuestros intereses leg\u00edtimos (por ejemplo, cuando utilizamos agentes, hosts web, etc.).<\/p><p>Si encargamos a terceros el tratamiento de datos sobre la base de un denominado \u201econtrato de tramitaci\u00f3n de pedidos\u201c, esto se hace sobre la base del Art. 28 GDPR.<\/p><p><strong>Transferencias a terceros pa\u00edses<\/strong><\/p><p>Si procesamos datos en un tercer pa\u00eds (es decir, fuera de la Uni\u00f3n Europea (UE) o del Espacio Econ\u00f3mico Europeo (EEE)) o si esto ocurre en el contexto del uso de servicios de terceros o de la divulgaci\u00f3n o transferencia de datos a terceros, esto solo tendr\u00e1 lugar si se hace para cumplir nuestras obligaciones (pre)contractuales, sobre la base de su consentimiento, sobre la base de una obligaci\u00f3n legal o sobre la base de nuestros intereses leg\u00edtimos. Sujeto a autorizaciones legales o contractuales, s\u00f3lo procesamos o hacemos procesar los datos en un tercer pa\u00eds si se cumplen los requisitos especiales del Art. 44 y ss. GDPR. Esto significa, por ejemplo, que el tratamiento tiene lugar sobre la base de garant\u00edas especiales, como la determinaci\u00f3n oficialmente reconocida de un nivel de protecci\u00f3n de datos correspondiente al de la UE (por ejemplo, para los EE.UU. a trav\u00e9s del \u201eEscudo de la privacidad\u201c) o el cumplimiento de obligaciones contractuales especiales oficialmente reconocidas (las denominadas \u201ecl\u00e1usulas contractuales tipo\u201c).<\/p><p><strong>Derechos de los interesados<\/strong><\/p><p>P\u00f3ngase en contacto con nosotros si desea saber qu\u00e9 datos personales almacenamos sobre usted (derecho de acceso, Art. 15 GDPR) o si desea que se corrijan (Art. 16 GDPR) o eliminen (Art. 17 GDPR). Tambi\u00e9n tiene derecho a restringir el tratamiento (art. 18 del RGPD), a oponerse al tratamiento (art. 21 del RGPD) y a la portabilidad de los datos (art. 20 del RGPD).<\/p><p>En estos casos, p\u00f3ngase directamente en contacto con nosotros.<\/p><p><strong>Derecho de anulaci\u00f3n<\/strong><\/p><p>Usted tiene derecho a retirar su consentimiento de conformidad con el art. 7 (3) GDPR con efecto para el futuro.<\/p><p><strong>Derecho de oposici\u00f3n<\/strong><\/p><p>Puede oponerse al tratamiento futuro de los datos que le conciernen en cualquier momento, de conformidad con el art\u00edculo 21 del RGPD.<\/p><p><strong>Integraci\u00f3n de servicios y contenidos de terceros<\/strong><\/p><p>Otros enlaces a proveedores externos. En la medida en que existan enlaces a sitios web de otros proveedores, esta declaraci\u00f3n de protecci\u00f3n de datos no se aplicar\u00e1 a su contenido. Los datos que puedan recopilar los operadores de p\u00e1ginas externas de otros proveedores escapan a nuestro conocimiento e influencia. Encontrar\u00e1 informaci\u00f3n al respecto en la nota sobre protecci\u00f3n de datos del sitio correspondiente.<\/p><p>Sobre la base de nuestros intereses leg\u00edtimos (es decir, el inter\u00e9s en el an\u00e1lisis, la optimizaci\u00f3n y el funcionamiento econ\u00f3mico de nuestra oferta en l\u00ednea en el sentido del art. 6, apartado 1, letra f) del GDPR), utilizamos ofertas de contenidos o servicios de terceros proveedores dentro de nuestra oferta en l\u00ednea. GDPR), utilizamos ofertas de contenidos o servicios de terceros proveedores para integrar sus contenidos y servicios, como v\u00eddeos o fuentes (en lo sucesivo, denominados uniformemente \u201ccontenidos\u201d).<\/p><p>Esto presupone siempre que los terceros proveedores de este contenido reconocen la direcci\u00f3n IP del usuario, ya que no podr\u00edan enviar el contenido a su navegador sin la direcci\u00f3n IP. Por lo tanto, la direcci\u00f3n IP es necesaria para mostrar este contenido. Nos esforzamos por utilizar \u00fanicamente contenidos cuyos respectivos proveedores s\u00f3lo utilizan la direcci\u00f3n IP para ofrecer el contenido. Los proveedores externos tambi\u00e9n pueden utilizar las denominadas etiquetas de p\u00edxel (gr\u00e1ficos invisibles, tambi\u00e9n conocidos como \u201ebalizas web\u201c) con fines estad\u00edsticos o de marketing. Las etiquetas de p\u00edxel pueden utilizarse para analizar informaci\u00f3n como el tr\u00e1fico de visitantes en las p\u00e1ginas de este sitio web. La informaci\u00f3n seudonimizada tambi\u00e9n puede almacenarse en cookies en el dispositivo del usuario y puede contener informaci\u00f3n t\u00e9cnica sobre el navegador y el sistema operativo, sitios web de referencia, hora de la visita y otra informaci\u00f3n sobre el uso de nuestra oferta en l\u00ednea, as\u00ed como estar vinculada a dicha informaci\u00f3n procedente de otras fuentes.<\/p><p>Youtube<\/p><p>Integramos los v\u00eddeos de la plataforma \u201cYouTube\u201d del proveedor Google LLC, 1600 Amphitheatre Parkway, Mountain View, CA 94043, USA.<br \/>Pol\u00edtica de privacidad:\u00a0<a class=\"ext\" href=\"https:\/\/www.google.com\/policies\/privacy\/\" target=\"_blank\" rel=\"noopener noreferrer\">https:\/\/www.google.com\/policies\/privacy\/<\/a>, Exclusi\u00f3n voluntaria:\u00a0<a class=\"ext\" href=\"https:\/\/adssettings.google.com\/authenticated\" target=\"_blank\" rel=\"noopener noreferrer\">https:\/\/adssettings.google.com\/authenticated<\/a>.<\/p><p>Fuentes Google<\/p><p>Integramos las fuentes (\u201eGoogle Fonts\u201c) del proveedor Google LLC, 1600 Amphitheatre Parkway, Mountain View, CA 94043, USA.<br \/>Pol\u00edtica de privacidad:\u00a0<a class=\"ext\" href=\"https:\/\/www.google.com\/policies\/privacy\/\" target=\"_blank\" rel=\"noopener noreferrer\">https:\/\/www.google.com\/policies\/privacy\/<\/a>, Exclusi\u00f3n voluntaria:\u00a0<a class=\"ext\" href=\"https:\/\/adssettings.google.com\/authenticated\" target=\"_blank\" rel=\"noopener noreferrer\">https:\/\/adssettings.google.com\/authenticated<\/a>.<\/p><p>Google ReCaptcha<\/p><p>Integramos la funci\u00f3n de reconocimiento de bots, por ejemplo, para la introducci\u00f3n de datos en formularios en l\u00ednea (\u201eReCaptcha\u201c) del proveedor Google LLC, 1600 Amphitheatre Parkway, Mountain View, CA 94043, EE.UU.. Pol\u00edtica de privacidad:\u00a0<a class=\"ext\" href=\"https:\/\/www.google.com\/policies\/privacy\/\" target=\"_blank\" rel=\"noopener noreferrer\">https:\/\/www.google.com\/policies\/privacy\/<\/a>, Exclusi\u00f3n voluntaria:\u00a0<a class=\"ext\" href=\"https:\/\/adssettings.google.com\/authenticated\" target=\"_blank\" rel=\"noopener noreferrer\">https:\/\/adssettings.google.com\/authenticated<\/a>.<\/p><p>Google Maps<\/p><p>Este sitio utiliza el servicio de mapas de Google Maps a trav\u00e9s de una API. El proveedor es Google Inc, 1600 Amphitheatre Parkway, Mountain View, CA 94043, USA.<\/p><p>Para utilizar las funciones de Google Maps, es necesario guardar su direcci\u00f3n IP. Por lo general, esta informaci\u00f3n se transfiere a un servidor de Google en EE.UU. y se almacena all\u00ed. El proveedor de este sitio no tiene ninguna influencia sobre esta transferencia de datos.<\/p><p>El uso de Google Maps es en inter\u00e9s de una presentaci\u00f3n atractiva de nuestras ofertas en l\u00ednea y para facilitar la b\u00fasqueda de los lugares que hemos indicado en el sitio web. Esto constituye un inter\u00e9s leg\u00edtimo en el sentido del art. 6, apdo. 1, letra f del RGPD.<\/p><p>Encontrar\u00e1 m\u00e1s informaci\u00f3n sobre el tratamiento de los datos de los usuarios en la pol\u00edtica de privacidad de Google:\u00a0<a class=\"ext\" href=\"https:\/\/www.google.de\/intl\/de\/policies\/privacy\/\" target=\"_blank\" rel=\"noopener noreferrer\">https:\/\/www.google.de\/intl\/de\/policies\/privacy\/<\/a>.<\/p><p>Google Analytics<\/p><p>Nuestro sitio web utiliza funciones del servicio de an\u00e1lisis web Google Analytics. El proveedor del servicio de an\u00e1lisis web es Google Inc, 1600 Amphitheatre Parkway, Mountain View, CA 94043, USA.<\/p><p>Google Analytics utiliza \u201ecookies\u201c. Se trata de peque\u00f1os archivos de texto que su navegador web almacena en su dispositivo final y que permiten analizar el uso del sitio web. La informaci\u00f3n generada por las cookies sobre su uso de nuestro sitio web se transmite a un servidor de Google y se almacena all\u00ed. La ubicaci\u00f3n del servidor suele ser EE.UU.<\/p><p>Las cookies de Google Analytics se establecen sobre la base del Art. 6 p\u00e1rrafo 1 lit. f GDPR. Como operador de este sitio web, tenemos un inter\u00e9s leg\u00edtimo en analizar el comportamiento de los usuarios con el fin de optimizar nuestro sitio web y, posiblemente, tambi\u00e9n la publicidad.<\/p><p>Anonimizaci\u00f3n de IP<\/p><p>Utilizamos Google Analytics junto con la funci\u00f3n de anonimizaci\u00f3n de IP. Esta funci\u00f3n garantiza que Google trunque su direcci\u00f3n IP dentro de los estados miembros de la Uni\u00f3n Europea o en otros estados signatarios del Acuerdo sobre el Espacio Econ\u00f3mico Europeo antes de transmitirla a los EE.UU.. Puede haber casos excepcionales en los que Google transmita la direcci\u00f3n IP completa a un servidor en los EE.UU. y la trunque all\u00ed. Google usar\u00e1 esta informaci\u00f3n por cuenta nuestra con el prop\u00f3sito de seguir la pista de su uso del website, recopilando informes de la actividad del website y prestando otros servicios relacionados con la actividad del website y el uso de Internet. La direcci\u00f3n IP transmitida por Google Analytics no se fusionar\u00e1 con otros datos de Google.<\/p><p>Plugin del navegador<\/p><p>Su navegador puede impedir la instalaci\u00f3n de cookies. Sin embargo, esto puede restringir algunas de las funciones de nuestro sitio web. Tambi\u00e9n puede evitar la recopilaci\u00f3n de datos relacionados con su uso del sitio web, incluida su direcci\u00f3n IP y su posterior procesamiento por parte de Google. Puede hacerlo descargando e instalando el complemento del navegador disponible a trav\u00e9s del siguiente enlace:\u00a0<a href=\"https:\/\/tools.google.com\/dlpage\/gaoptout?hl=de\" target=\"_blank\" rel=\"noopener\">https:\/\/tools.google.com\/dlpage\/gaoptout?hl=de<\/a>.<\/p><p>Objeci\u00f3n a la recogida de datos<\/p><div id=\"c228\" class=\"content-frame gridWrap frame-default frame-layout-0 frame-space-after-\"><div class=\"mainSeite\"><div id=\"c228\" class=\"frame frame-default frame-type-html frame-layout-0\"><div class=\"mainUnterseite\"><div class=\"container\"><div class=\"row\"><div class=\"col-12 col-lg-9\"><p>Puede evitar que Google Analytics recopile sus datos haciendo clic en el siguiente enlace. Se instalar\u00e1 una cookie de inhabilitaci\u00f3n para evitar que se recopilen sus datos en futuras visitas a este sitio web:\u00a0<a>Desactivar Google Analytics<\/a><\/p><\/div><\/div><\/div><\/div><\/div><\/div><\/div><div id=\"c229\" class=\"content-frame gridWrap frame-default frame-layout-0 frame-space-after-\"><div class=\"mainUnterseite\"><div class=\"container\"><div class=\"row\"><div class=\"col-12 col-lg-9 unterseitenText\"><p>Puede evitar que Google Analytics recopile sus datos haciendo clic en el siguiente enlace. Se instalar\u00e1 una cookie de inhabilitaci\u00f3n para evitar que se recopilen sus datos en futuras visitas a este sitio web: Desactivar Google Analytics<\/p><p>Encontrar\u00e1 informaci\u00f3n detallada sobre c\u00f3mo Google Analytics trata los datos de los usuarios en la pol\u00edtica de privacidad de Google:\u00a0<a href=\"https:\/\/support.google.com\/analytics\/answer\/6004245?hl=de\" target=\"_blank\" rel=\"noopener\">https:\/\/support.google.com\/analytics\/answer\/6004245?hl=de<\/a>.<\/p><p>Tramitaci\u00f3n de pedidos<\/p><p>Hemos suscrito un contrato de procesamiento de pedidos con Google con el fin de cumplir plenamente los requisitos legales en materia de protecci\u00f3n de datos.<\/p><p>Caracter\u00edsticas demogr\u00e1ficas en Google Analytics<\/p><p>Nuestro sitio web utiliza la funci\u00f3n \u201ccaracter\u00edsticas demogr\u00e1ficas\u201d de Google Analytics. Puede utilizarse para crear informes que contengan declaraciones sobre la edad, el sexo y los intereses de los visitantes del sitio. Estos datos proceden de la publicidad basada en intereses de Google y de datos de visitantes de terceros proveedores. No es posible asignar los datos a una persona concreta. Puede desactivar esta funci\u00f3n en cualquier momento. Esto es posible a trav\u00e9s de la configuraci\u00f3n de anuncios de su cuenta de Google o prohibiendo de forma general la recopilaci\u00f3n de sus datos por parte de Google Analytics, como se explica en la secci\u00f3n \u201cObjeci\u00f3n a la recopilaci\u00f3n de datos\u201d.<\/p><p>VGN<\/p><p>Integramos la hoja de ruta para informaci\u00f3n de horarios del proveedor Verkehrsverbund Gro\u00dfraum N\u00fcrnberg GmbH, Rothenburger Stra\u00dfe 9, 90443 Nuremberg.<br \/>Pol\u00edtica de privacidad:\u00a0<a class=\"ext\" href=\"https:\/\/www.vgn.de\/datenschutz\/\" target=\"_blank\" rel=\"noopener noreferrer\">https:\/\/www.vgn.de\/datenschutz\/<\/a><\/p><p><strong>Cookies<\/strong><\/p><p>Algunas de las p\u00e1ginas de Internet utilizan las llamadas cookies. Las cookies no da\u00f1an su ordenador y no contienen virus. Las cookies se utilizan para que nuestro sitio web sea m\u00e1s f\u00e1cil de usar, eficaz y seguro. Las cookies son peque\u00f1os archivos de texto que se almacenan en su ordenador y que guarda su navegador.<\/p><p>La mayor\u00eda de las cookies que utilizamos son las denominadas \u201ecookies de sesi\u00f3n\u201c. Se eliminan autom\u00e1ticamente al final de su visita. Otras cookies permanecen almacenadas en su dispositivo final hasta que usted las borra. Estas cookies nos permiten reconocer su navegador en su pr\u00f3xima visita.<\/p><p>Puede configurar su navegador para que le informe sobre la instalaci\u00f3n de cookies y permitirlas s\u00f3lo en casos individuales, excluir la aceptaci\u00f3n de cookies para determinados casos o en general y activar la eliminaci\u00f3n autom\u00e1tica de cookies al cerrar el navegador. Si se desactivan las cookies, la funcionalidad de este sitio web puede verse limitada.<\/p><\/div><\/div><\/div><\/div><\/div>\t\t\t\t\t\t\t\t<\/div>\n\t\t\t\t<\/div>\n\t\t\t\t<\/div>\n\t\t\t\t\t<\/div>\n\t\t\t\t<\/div>\n\t\t\t\t<\/div>\n\t\t\t\t<\/div>","protected":false},"excerpt":{"rendered":"<p>Datenschutzerkl\u00e4rung Der Schutz Ihrer pers\u00f6nlichen Daten hat einen hohen Stellenwert. Es ist wichtig, Sie dar\u00fcber zu informieren. Wir behandeln Ihre personenbezogenen Daten vertraulich und entsprechend der gesetzlichen Datenschutzvorschriften sowie dieser Datenschutzerkl\u00e4rung. Diese Datenschutzerkl\u00e4rung kl\u00e4rt Sie \u00fcber die Art, den Umfang und Zweck der Verarbeitung von personenbezogenen Daten (nachfolgend kurz \u201eDaten\u201c) innerhalb unseres Onlineangebotes und der [&hellip;]<\/p>\n","protected":false},"author":1,"featured_media":0,"parent":0,"menu_order":0,"comment_status":"closed","ping_status":"closed","template":"","meta":{"footnotes":""},"class_list":["post-1760","page","type-page","status-publish","hentry"],"_links":{"self":[{"href":"https:\/\/zsl-erlangen.de\/es\/wp-json\/wp\/v2\/pages\/1760","targetHints":{"allow":["GET"]}}],"collection":[{"href":"https:\/\/zsl-erlangen.de\/es\/wp-json\/wp\/v2\/pages"}],"about":[{"href":"https:\/\/zsl-erlangen.de\/es\/wp-json\/wp\/v2\/types\/page"}],"author":[{"embeddable":true,"href":"https:\/\/zsl-erlangen.de\/es\/wp-json\/wp\/v2\/users\/1"}],"replies":[{"embeddable":true,"href":"https:\/\/zsl-erlangen.de\/es\/wp-json\/wp\/v2\/comments?post=1760"}],"version-history":[{"count":16,"href":"https:\/\/zsl-erlangen.de\/es\/wp-json\/wp\/v2\/pages\/1760\/revisions"}],"predecessor-version":[{"id":2929,"href":"https:\/\/zsl-erlangen.de\/es\/wp-json\/wp\/v2\/pages\/1760\/revisions\/2929"}],"wp:attachment":[{"href":"https:\/\/zsl-erlangen.de\/es\/wp-json\/wp\/v2\/media?parent=1760"}],"curies":[{"name":"wp","href":"https:\/\/api.w.org\/{rel}","templated":true}]}}