{"id":2732,"date":"2026-01-25T10:19:47","date_gmt":"2026-01-25T10:19:47","guid":{"rendered":"https:\/\/zsl.webwolfdesign.eu\/?page_id=2732"},"modified":"2026-05-04T10:11:32","modified_gmt":"2026-05-04T10:11:32","slug":"declaracion-de-proteccion-de-datos-lenguaje-facil","status":"publish","type":"page","link":"https:\/\/zsl-erlangen.de\/es\/declaracion-de-proteccion-de-datos-lenguaje-facil\/","title":{"rendered":"Datenschutzerkl\u00e4rung-leichte-sprache"},"content":{"rendered":"<div data-elementor-type=\"wp-page\" data-elementor-id=\"2732\" class=\"elementor elementor-2732\" data-elementor-post-type=\"page\">\n\t\t\t\t<div class=\"elementor-element elementor-element-69cb297 e-con-full e-flex e-con e-child\" data-id=\"69cb297\" data-element_type=\"container\" data-e-type=\"container\">\n\t\t\t\t<div class=\"elementor-element elementor-element-ad43895 elementor-widget elementor-widget-heading\" data-id=\"ad43895\" data-element_type=\"widget\" data-e-type=\"widget\" data-widget_type=\"heading.default\">\n\t\t\t\t\t<h2 class=\"elementor-heading-title elementor-size-default\">P\u00e1gina en lenguaje sencillo<\/h2>\t\t\t\t<\/div>\n\t\t<div class=\"elementor-element elementor-element-b74631f e-flex e-con-boxed e-con e-child\" data-id=\"b74631f\" data-element_type=\"container\" data-e-type=\"container\" data-settings=\"{&quot;background_background&quot;:&quot;classic&quot;}\">\n\t\t\t\t\t<div class=\"e-con-inner\">\n\t\t<div class=\"elementor-element elementor-element-b97cce5 e-con-full e-flex e-con e-child\" data-id=\"b97cce5\" data-element_type=\"container\" data-e-type=\"container\" data-settings=\"{&quot;background_background&quot;:&quot;classic&quot;}\">\n\t\t\t\t<div class=\"elementor-element elementor-element-ce250d8 elementor-widget__width-initial elementor-widget elementor-widget-heading\" data-id=\"ce250d8\" data-element_type=\"widget\" data-e-type=\"widget\" data-widget_type=\"heading.default\">\n\t\t\t\t\t<h1 class=\"elementor-heading-title elementor-size-default\">Pol\u00edtica de privacidad<\/h1>\t\t\t\t<\/div>\n\t\t\t\t<\/div>\n\t\t<div class=\"elementor-element elementor-element-beee77e e-con-full e-flex e-con e-child\" data-id=\"beee77e\" data-element_type=\"container\" data-e-type=\"container\" data-settings=\"{&quot;background_background&quot;:&quot;classic&quot;}\">\n\t\t<div class=\"elementor-element elementor-element-f4cd5ec e-con-full e-flex e-con e-child\" data-id=\"f4cd5ec\" data-element_type=\"container\" data-e-type=\"container\">\n\t\t\t\t<div class=\"elementor-element elementor-element-2eb5d52 elementor-widget elementor-widget-text-editor\" data-id=\"2eb5d52\" data-element_type=\"widget\" data-e-type=\"widget\" data-widget_type=\"text-editor.default\">\n\t\t\t\t\t\t\t\t\t<h2 data-start=\"85\" data-end=\"119\">Protecci\u00f3n de datos en lenguaje sencillo<\/h2><p data-start=\"121\" data-end=\"353\">La protecci\u00f3n de sus datos personales es muy importante para nosotros.<br data-start=\"178\" data-end=\"181\" \/>Tratamos sus datos <strong data-start=\"207\" data-end=\"221\">cauteloso<\/strong> um.<br data-start=\"225\" data-end=\"228\" \/>Tratamos sus datos <strong data-start=\"253\" data-end=\"268\">Confidencial<\/strong>.<br data-start=\"269\" data-end=\"272\" \/>Nos adherimos a la <strong data-start=\"294\" data-end=\"317\">Legislaci\u00f3n sobre protecci\u00f3n de datos<\/strong> y a la presente declaraci\u00f3n de protecci\u00f3n de datos.<\/p><h3 data-start=\"355\" data-end=\"405\">\u00bfDe qu\u00e9 trata esta pol\u00edtica de privacidad?<\/h3><p data-start=\"406\" data-end=\"425\">Te lo explicamos:<\/p><ul data-start=\"426\" data-end=\"557\"><li data-start=\"426\" data-end=\"457\"><p data-start=\"428\" data-end=\"457\"><strong data-start=\"428\" data-end=\"444\">Qu\u00e9 datos<\/strong> que recopilamos,<\/p><\/li><li data-start=\"458\" data-end=\"488\"><p data-start=\"460\" data-end=\"488\"><strong data-start=\"460\" data-end=\"469\">Por qu\u00e9<\/strong> recopilamos datos,<\/p><\/li><li data-start=\"489\" data-end=\"516\"><p data-start=\"491\" data-end=\"516\"><strong data-start=\"491\" data-end=\"498\">como<\/strong> utilizamos datos,<\/p><\/li><li data-start=\"517\" data-end=\"557\"><p data-start=\"519\" data-end=\"557\">y <strong data-start=\"523\" data-end=\"536\">cu\u00e1nto tiempo<\/strong> almacenamos datos.<\/p><\/li><\/ul><p data-start=\"559\" data-end=\"626\">Esto se aplica a nuestro sitio web y a todas las p\u00e1ginas que pertenecen al mismo.<\/p><h3 data-start=\"628\" data-end=\"655\">\u00bfQui\u00e9n es responsable?<\/h3><p data-start=\"656\" data-end=\"789\">Para los datos de este sitio web, el <strong data-start=\"698\" data-end=\"724\">Operador del sitio web<\/strong> responsable.<br data-start=\"740\" data-end=\"743\" \/>Encontrar\u00e1 los datos de contacto en el <strong data-start=\"775\" data-end=\"788\">Pie de imprenta<\/strong>.<\/p><h3 data-start=\"791\" data-end=\"832\">\u00bfQu\u00e9 datos pueden recogerse?<\/h3><p data-start=\"833\" data-end=\"846\">Por ejemplo:<\/p><ul data-start=\"847\" data-end=\"1054\"><li data-start=\"847\" data-end=\"867\"><p data-start=\"849\" data-end=\"867\">Nombre y direcci\u00f3n<\/p><\/li><li data-start=\"868\" data-end=\"905\"><p data-start=\"870\" data-end=\"905\">Direcci\u00f3n de correo electr\u00f3nico y n\u00famero de tel\u00e9fono<\/p><\/li><li data-start=\"906\" data-end=\"960\"><p data-start=\"908\" data-end=\"960\">Textos que introduzca (por ejemplo, en el formulario de contacto)<\/p><\/li><li data-start=\"961\" data-end=\"1000\"><p data-start=\"963\" data-end=\"1000\">qu\u00e9 p\u00e1ginas visita y cu\u00e1ndo<\/p><\/li><li data-start=\"1001\" data-end=\"1054\"><p data-start=\"1003\" data-end=\"1054\">Datos t\u00e9cnicos (por ejemplo, informaci\u00f3n sobre el dispositivo y direcci\u00f3n IP)<\/p><\/li><\/ul><h3 data-start=\"1056\" data-end=\"1083\">\u00bfTengo que facilitar datos?<\/h3><p data-start=\"1084\" data-end=\"1295\">Normalmente puede visitar nuestro sitio web <strong data-start=\"1117\" data-end=\"1143\">sin datos personales<\/strong> utilizar.<br data-start=\"1151\" data-end=\"1154\" \/>Cuando solicitamos datos personales, suele tratarse de <strong data-start=\"1208\" data-end=\"1222\">voluntario<\/strong>.<br data-start=\"1223\" data-end=\"1226\" \/>Facilitamos sus datos <strong data-start=\"1247\" data-end=\"1277\">no sin su consentimiento<\/strong> a los dem\u00e1s.<\/p><h3 data-start=\"1297\" data-end=\"1339\">Registros del servidor (archivos de registro del servidor)<\/h3><p data-start=\"1340\" data-end=\"1423\">Cuando visita nuestro sitio web, el servidor almacena cierta informaci\u00f3n, por ejemplo<\/p><ul data-start=\"1424\" data-end=\"1614\"><li data-start=\"1424\" data-end=\"1438\"><p data-start=\"1426\" data-end=\"1438\">Direcci\u00f3n IP<\/p><\/li><li data-start=\"1439\" data-end=\"1460\"><p data-start=\"1441\" data-end=\"1460\">Fecha y hora<\/p><\/li><li data-start=\"1461\" data-end=\"1505\"><p data-start=\"1463\" data-end=\"1505\">a qu\u00e9 p\u00e1gina o archivo se ha accedido<\/p><\/li><li data-start=\"1506\" data-end=\"1536\"><p data-start=\"1508\" data-end=\"1536\">si la llamada ha funcionado<\/p><\/li><li data-start=\"1537\" data-end=\"1576\"><p data-start=\"1539\" data-end=\"1576\">De qu\u00e9 lado vienes<\/p><\/li><li data-start=\"1577\" data-end=\"1614\"><p data-start=\"1579\" data-end=\"1614\">Palabras de b\u00fasqueda (si est\u00e1 buscando algo)<\/p><\/li><\/ul><p data-start=\"1616\" data-end=\"1773\">Estos datos nos ayudan a <strong data-start=\"1643\" data-end=\"1657\">Seguridad<\/strong> y para el <strong data-start=\"1670\" data-end=\"1693\">funcionamiento t\u00e9cnico<\/strong>.<br data-start=\"1694\" data-end=\"1697\" \/>Por lo general, estos datos pueden <strong data-start=\"1725\" data-end=\"1765\">no asignado directamente a una persona<\/strong> convertirse.<\/p><h3 data-start=\"1775\" data-end=\"1802\">\u00bfPara qu\u00e9 utilizamos los datos?<\/h3><p data-start=\"1803\" data-end=\"1820\">Por ejemplo para:<\/p><ul data-start=\"1821\" data-end=\"1981\"><li data-start=\"1821\" data-end=\"1849\"><p data-start=\"1823\" data-end=\"1849\">el funcionamiento del sitio web<\/p><\/li><li data-start=\"1850\" data-end=\"1880\"><p data-start=\"1852\" data-end=\"1880\">responder a las preguntas<\/p><\/li><li data-start=\"1881\" data-end=\"1912\"><p data-start=\"1883\" data-end=\"1912\">la seguridad del sitio web<\/p><\/li><li data-start=\"1913\" data-end=\"1955\"><p data-start=\"1915\" data-end=\"1955\">Estad\u00edsticas (frecuencia de uso)<\/p><\/li><li data-start=\"1956\" data-end=\"1981\"><p data-start=\"1958\" data-end=\"1981\">a veces tambi\u00e9n marketing<\/p><\/li><\/ul><h3 data-start=\"1983\" data-end=\"2014\">Seguridad: Cifrado<\/h3><p data-start=\"2015\" data-end=\"2195\">Nuestro sitio utiliza un <strong data-start=\"2039\" data-end=\"2061\">Conexi\u00f3n segura<\/strong> (SSL\/TLS).<br data-start=\"2072\" data-end=\"2075\" \/>As\u00ed, sus datos estar\u00e1n mejor protegidos cuando los env\u00ede.<br data-start=\"2125\" data-end=\"2128\" \/>Reconoces esto <strong data-start=\"2148\" data-end=\"2157\">https<\/strong> y en <strong data-start=\"2165\" data-end=\"2183\">S\u00edmbolo del candado<\/strong> en el navegador.<\/p><h3 data-start=\"2197\" data-end=\"2217\">Formulario de contacto<\/h3><p data-start=\"2218\" data-end=\"2282\">Si nos escribe a trav\u00e9s de un formulario de contacto, guardaremos sus datos:<\/p><ul data-start=\"2283\" data-end=\"2322\"><li data-start=\"2283\" data-end=\"2297\"><p data-start=\"2285\" data-end=\"2297\">Tus datos<\/p><\/li><li data-start=\"2298\" data-end=\"2322\"><p data-start=\"2300\" data-end=\"2322\">y sus datos de contacto<\/p><\/li><\/ul><p data-start=\"2324\" data-end=\"2538\">Utilizamos los datos para procesar su consulta.<br data-start=\"2376\" data-end=\"2379\" \/>Proporcionamos estos datos <strong data-start=\"2401\" data-end=\"2430\">no sin su permiso<\/strong> continuar.<br data-start=\"2438\" data-end=\"2441\" \/>Puede dar su permiso <strong data-start=\"2467\" data-end=\"2491\">Revocada en cualquier momento<\/strong>.<br data-start=\"2492\" data-end=\"2495\" \/>Env\u00edenos un correo electr\u00f3nico.<\/p><p data-start=\"2540\" data-end=\"2689\">S\u00f3lo almacenamos los datos durante el tiempo necesario.<br data-start=\"2595\" data-end=\"2598\" \/>A veces hay periodos legales de conservaci\u00f3n. Entonces tenemos que almacenar los datos durante m\u00e1s tiempo.<\/p><h3 data-start=\"2691\" data-end=\"2721\">Administraci\u00f3n y contabilidad<\/h3><p data-start=\"2722\" data-end=\"2754\">A veces necesitamos datos para:<\/p><ul data-start=\"2755\" data-end=\"2832\"><li data-start=\"2755\" data-end=\"2778\"><p data-start=\"2757\" data-end=\"2778\">Oficina y administraci\u00f3n<\/p><\/li><li data-start=\"2779\" data-end=\"2794\"><p data-start=\"2781\" data-end=\"2794\">Contabilidad<\/p><\/li><li data-start=\"2795\" data-end=\"2832\"><p data-start=\"2797\" data-end=\"2832\">Obligaciones legales (por ejemplo, archivo)<\/p><\/li><\/ul><p data-start=\"2834\" data-end=\"2913\">Los datos tambi\u00e9n pueden enviarse a organismos como la Agencia Tributaria o asesores fiscales.<\/p><h3 data-start=\"2915\" data-end=\"2948\">Servicios de otros proveedores<\/h3><p data-start=\"2949\" data-end=\"3035\">Nuestro sitio web puede incluir contenidos de otras empresas, por ejemplo:<\/p><ul data-start=\"3036\" data-end=\"3208\"><li data-start=\"3036\" data-end=\"3054\"><p data-start=\"3038\" data-end=\"3054\">V\u00eddeos de YouTube<\/p><\/li><li data-start=\"3055\" data-end=\"3086\"><p data-start=\"3057\" data-end=\"3086\">Google Fonts (fuentes)<\/p><\/li><li data-start=\"3087\" data-end=\"3125\"><p data-start=\"3089\" data-end=\"3125\">Google reCAPTCHA (protecci\u00f3n contra el spam)<\/p><\/li><li data-start=\"3126\" data-end=\"3150\"><p data-start=\"3128\" data-end=\"3150\">Google Maps (Mapas)<\/p><\/li><li data-start=\"3151\" data-end=\"3183\"><p data-start=\"3153\" data-end=\"3183\">Google Analytics (estad\u00edsticas)<\/p><\/li><li data-start=\"3184\" data-end=\"3208\"><p data-start=\"3186\" data-end=\"3208\">VGN (informaci\u00f3n sobre horarios)<\/p><\/li><\/ul><p data-start=\"3210\" data-end=\"3361\">Puede darse el caso de que estos proveedores <strong data-start=\"3255\" data-end=\"3269\">Direcci\u00f3n IP<\/strong> conseguir.<br data-start=\"3279\" data-end=\"3282\" \/>Si enlaza con otros sitios web, se aplicar\u00e1n sus normas de protecci\u00f3n de datos.<\/p><h3 data-start=\"3363\" data-end=\"3374\">Cookies<\/h3><p data-start=\"3375\" data-end=\"3512\">Nuestro sitio web utiliza a veces <strong data-start=\"3406\" data-end=\"3417\">Cookies<\/strong>.<br data-start=\"3418\" data-end=\"3421\" \/>Las cookies son peque\u00f1os archivos que se almacenan en el navegador.<br data-start=\"3460\" data-end=\"3463\" \/>A menudo hacen que el sitio web <strong data-start=\"3491\" data-end=\"3511\">M\u00e1s f\u00e1cil de usar<\/strong>.<\/p><p data-start=\"3514\" data-end=\"3643\">Puede permitir o rechazar las cookies en su navegador.<br data-start=\"3567\" data-end=\"3570\" \/>Si desactiva las cookies, es posible que el sitio web no funcione correctamente.<\/p><h3 data-start=\"3645\" data-end=\"3660\">Sus derechos<\/h3><p data-start=\"3661\" data-end=\"3681\">Tienes derecho:<\/p><ul data-start=\"3682\" data-end=\"3922\"><li data-start=\"3682\" data-end=\"3734\"><p data-start=\"3684\" data-end=\"3734\">para saber qu\u00e9 datos almacenamos sobre usted<\/p><\/li><li data-start=\"3735\" data-end=\"3769\"><p data-start=\"3737\" data-end=\"3769\">modificar datos incorrectos<\/p><\/li><li data-start=\"3770\" data-end=\"3797\"><p data-start=\"3772\" data-end=\"3797\">Borrar datos<\/p><\/li><li data-start=\"3798\" data-end=\"3840\"><p data-start=\"3800\" data-end=\"3840\">Restringir el uso de sus datos<\/p><\/li><li data-start=\"3841\" data-end=\"3873\"><p data-start=\"3843\" data-end=\"3873\">oponerse a la utilizaci\u00f3n<\/p><\/li><li data-start=\"3874\" data-end=\"3922\"><p data-start=\"3876\" data-end=\"3922\">Llevarse sus datos consigo (portabilidad de datos)<\/p><\/li><\/ul><p data-start=\"3924\" data-end=\"3967\">Si lo desea, p\u00f3ngase en contacto con nosotros.<\/p>\t\t\t\t\t\t\t\t<\/div>\n\t\t\t\t<\/div>\n\t\t\t\t<\/div>\n\t\t\t\t\t<\/div>\n\t\t\t\t<\/div>\n\t\t\t\t<\/div>\n\t\t\t\t<\/div>","protected":false},"excerpt":{"rendered":"<p>Seite in einfacher Sprache Datenschutzerkl\u00e4rung Datenschutz in Leichter Sprache Der Schutz Ihrer pers\u00f6nlichen Daten ist uns sehr wichtig.Wir gehen mit Ihren Daten vorsichtig um.Wir behandeln Ihre Daten vertraulich.Wir halten uns an die Datenschutz-Gesetze und an diese Datenschutz-Erkl\u00e4rung. Worum geht es in dieser Datenschutz-Erkl\u00e4rung? Wir erkl\u00e4ren Ihnen: Welche Daten wir sammeln, warum wir Daten sammeln, wie [&hellip;]<\/p>\n","protected":false},"author":1,"featured_media":0,"parent":0,"menu_order":0,"comment_status":"closed","ping_status":"closed","template":"","meta":{"footnotes":""},"class_list":["post-2732","page","type-page","status-publish","hentry"],"_links":{"self":[{"href":"https:\/\/zsl-erlangen.de\/es\/wp-json\/wp\/v2\/pages\/2732","targetHints":{"allow":["GET"]}}],"collection":[{"href":"https:\/\/zsl-erlangen.de\/es\/wp-json\/wp\/v2\/pages"}],"about":[{"href":"https:\/\/zsl-erlangen.de\/es\/wp-json\/wp\/v2\/types\/page"}],"author":[{"embeddable":true,"href":"https:\/\/zsl-erlangen.de\/es\/wp-json\/wp\/v2\/users\/1"}],"replies":[{"embeddable":true,"href":"https:\/\/zsl-erlangen.de\/es\/wp-json\/wp\/v2\/comments?post=2732"}],"version-history":[{"count":13,"href":"https:\/\/zsl-erlangen.de\/es\/wp-json\/wp\/v2\/pages\/2732\/revisions"}],"predecessor-version":[{"id":5114,"href":"https:\/\/zsl-erlangen.de\/es\/wp-json\/wp\/v2\/pages\/2732\/revisions\/5114"}],"wp:attachment":[{"href":"https:\/\/zsl-erlangen.de\/es\/wp-json\/wp\/v2\/media?parent=2732"}],"curies":[{"name":"wp","href":"https:\/\/api.w.org\/{rel}","templated":true}]}}