{"id":2743,"date":"2026-01-25T10:57:59","date_gmt":"2026-01-25T10:57:59","guid":{"rendered":"https:\/\/zsl.webwolfdesign.eu\/?page_id=2743"},"modified":"2026-04-23T11:23:07","modified_gmt":"2026-04-23T11:23:07","slug":"presupuesto-personal","status":"publish","type":"page","link":"https:\/\/zsl-erlangen.de\/es\/presupuesto-personal\/","title":{"rendered":"Presupuesto personal"},"content":{"rendered":"<div data-elementor-type=\"wp-page\" data-elementor-id=\"2743\" class=\"elementor elementor-2743\" data-elementor-post-type=\"page\">\n\t\t\t\t<main class=\"elementor-element elementor-element-b4af965 e-con-full e-flex e-con e-parent\" data-id=\"b4af965\" data-element_type=\"container\" data-e-type=\"container\">\n\t\t<main class=\"elementor-element elementor-element-4336cf9 e-con-full e-flex e-con e-child\" data-id=\"4336cf9\" data-element_type=\"container\" data-e-type=\"container\" data-settings=\"{&quot;background_background&quot;:&quot;classic&quot;}\">\n\t\t<div class=\"elementor-element elementor-element-d135b47 e-con-full e-flex e-con e-child\" data-id=\"d135b47\" data-element_type=\"container\" data-e-type=\"container\">\n\t\t<div class=\"elementor-element elementor-element-57d33c2 e-con-full e-flex e-con e-child\" data-id=\"57d33c2\" data-element_type=\"container\" data-e-type=\"container\" data-settings=\"{&quot;background_background&quot;:&quot;gradient&quot;}\">\n\t\t\t\t<div class=\"elementor-element elementor-element-f35b21a elementor-widget elementor-widget-text-editor\" data-id=\"f35b21a\" data-element_type=\"widget\" data-e-type=\"widget\" data-widget_type=\"text-editor.default\">\n\t\t\t\t\t\t\t\t\t<p>Proyecto 2006 - 2010<\/p>\t\t\t\t\t\t\t\t<\/div>\n\t\t\t\t<div class=\"elementor-element elementor-element-98270ff elementor-widget elementor-widget-heading\" data-id=\"98270ff\" data-element_type=\"widget\" data-e-type=\"widget\" data-widget_type=\"heading.default\">\n\t\t\t\t\t<h2 class=\"elementor-heading-title elementor-size-default\">Presupuesto personal<\/h2>\t\t\t\t<\/div>\n\t\t\t\t<div class=\"elementor-element elementor-element-bbf5a33 elementor-widget elementor-widget-text-editor\" data-id=\"bbf5a33\" data-element_type=\"widget\" data-e-type=\"widget\" data-widget_type=\"text-editor.default\">\n\t\t\t\t\t\t\t\t\t<p>Flexibilidad en la compra de servicios<\/p>\t\t\t\t\t\t\t\t<\/div>\n\t\t\t\t<\/div>\n\t\t<div class=\"elementor-element elementor-element-107b111 e-con-full e-flex e-con e-child\" data-id=\"107b111\" data-element_type=\"container\" data-e-type=\"container\">\n\t\t\t\t<div class=\"elementor-element elementor-element-cd8fc51 elementor-widget elementor-widget-image\" data-id=\"cd8fc51\" data-element_type=\"widget\" data-e-type=\"widget\" data-widget_type=\"image.default\">\n\t\t\t\t\t\t\t\t\t\t\t\t\t\t\t<img fetchpriority=\"high\" decoding=\"async\" width=\"1500\" height=\"630\" src=\"https:\/\/zsl-erlangen.de\/wp-content\/uploads\/2026\/01\/persoenliches-budget.jpg\" class=\"attachment-full size-full wp-image-2746\" alt=\"consejos-sobre-el-tema-presupuesto-personal\" srcset=\"https:\/\/zsl-erlangen.de\/wp-content\/uploads\/2026\/01\/persoenliches-budget.jpg 1500w, https:\/\/zsl-erlangen.de\/wp-content\/uploads\/2026\/01\/persoenliches-budget-300x126.jpg 300w, https:\/\/zsl-erlangen.de\/wp-content\/uploads\/2026\/01\/persoenliches-budget-1024x430.jpg 1024w, https:\/\/zsl-erlangen.de\/wp-content\/uploads\/2026\/01\/persoenliches-budget-768x323.jpg 768w\" sizes=\"(max-width: 1500px) 100vw, 1500px\" \/>\t\t\t\t\t\t\t\t\t\t\t\t\t\t\t<\/div>\n\t\t\t\t<\/div>\n\t\t\t\t<\/div>\n\t\t<div class=\"elementor-element elementor-element-8cd503a e-flex e-con-boxed e-con e-child\" data-id=\"8cd503a\" data-element_type=\"container\" data-e-type=\"container\">\n\t\t\t\t\t<div class=\"e-con-inner\">\n\t\t<div class=\"elementor-element elementor-element-8c31269 e-con-full e-flex e-con e-child\" data-id=\"8c31269\" data-element_type=\"container\" data-e-type=\"container\" data-settings=\"{&quot;background_background&quot;:&quot;classic&quot;}\">\n\t\t<div class=\"elementor-element elementor-element-5e6e393 e-con-full e-flex e-con e-child\" data-id=\"5e6e393\" data-element_type=\"container\" data-e-type=\"container\" data-settings=\"{&quot;background_background&quot;:&quot;classic&quot;}\">\n\t\t<div class=\"elementor-element elementor-element-c800f68 e-con-full e-flex e-con e-child\" data-id=\"c800f68\" data-element_type=\"container\" data-e-type=\"container\" data-settings=\"{&quot;background_background&quot;:&quot;classic&quot;}\">\n\t\t<div class=\"elementor-element elementor-element-6615f80 e-con-full e-flex e-con e-child\" data-id=\"6615f80\" data-element_type=\"container\" data-e-type=\"container\" data-settings=\"{&quot;background_background&quot;:&quot;classic&quot;}\">\n\t\t\t\t<div class=\"elementor-element elementor-element-c594625 elementor-widget elementor-widget-heading\" data-id=\"c594625\" data-element_type=\"widget\" data-e-type=\"widget\" data-widget_type=\"heading.default\">\n\t\t\t\t\t<h2 class=\"elementor-heading-title elementor-size-default\">El proyecto \"\u00a1Integraci\u00f3n ya! Vida autodeterminada con un presupuesto personal\"<\/h2>\t\t\t\t<\/div>\n\t\t\t\t<div class=\"elementor-element elementor-element-9c15a88 elementor-widget elementor-widget-text-editor\" data-id=\"9c15a88\" data-element_type=\"widget\" data-e-type=\"widget\" data-widget_type=\"text-editor.default\">\n\t\t\t\t\t\t\t\t\t<p>El objetivo del proyecto era crear un servicio regional e independiente de asesoramiento sobre el presupuesto personal para los beneficiarios del presupuesto y los interesados en el mismo. Se ayud\u00f3 a los clientes a hacer valer sus intereses ante los responsables de los gastos y los servicios. Otro objetivo del proyecto era sensibilizar a los responsables pol\u00edticos.<\/p><p>El centro de asesoramiento se ha establecido con \u00e9xito como punto de contacto para personas con discapacidad, sus familiares, organismos de financiaci\u00f3n y proveedores de servicios, as\u00ed como para otros centros de asesoramiento.<\/p>\t\t\t\t\t\t\t\t<\/div>\n\t\t\t\t<div class=\"elementor-element elementor-element-e1c4dbf elementor-widget elementor-widget-heading\" data-id=\"e1c4dbf\" data-element_type=\"widget\" data-e-type=\"widget\" data-widget_type=\"heading.default\">\n\t\t\t\t\t<h2 class=\"elementor-heading-title elementor-size-default\">Breve explicaci\u00f3n del presupuesto personal<\/h2>\t\t\t\t<\/div>\n\t\t\t\t<div class=\"elementor-element elementor-element-813fb7b elementor-widget elementor-widget-text-editor\" data-id=\"813fb7b\" data-element_type=\"widget\" data-e-type=\"widget\" data-widget_type=\"text-editor.default\">\n\t\t\t\t\t\t\t\t\t<p data-start=\"40\" data-end=\"707\"><strong data-start=\"40\" data-end=\"98\">\u00bfQu\u00e9 es el presupuesto personal y qui\u00e9n puede utilizarlo?<\/strong><br data-start=\"98\" data-end=\"101\" \/>El presupuesto personal puede adoptar la forma de <strong>Prestaci\u00f3n en met\u00e1lico<\/strong> (en el modelo de empresario) o en forma de <strong>Prestaci\u00f3n en especie<\/strong> (a trav\u00e9s de un servicio de asistencia\/cuidados). Apoya a las personas con discapacidad o en riesgo de padecerla que necesitan ayuda en la vida cotidiana, en el trabajo o en su tiempo libre. <strong data-start=\"250\" data-end=\"276\">Necesita apoyo<\/strong> y que, de otro modo, no podr\u00edan pagarlos. Tambi\u00e9n se aplica a <strong data-start=\"334\" data-end=\"355\">ni\u00f1os discapacitados<\/strong> y para las personas con un presupuesto limitado <strong data-start=\"389\" data-end=\"415\">no se autogestione<\/strong> puede. Con el presupuesto que puedas <strong data-start=\"450\" data-end=\"499\" data-is-only-node=\"\">Adquiera usted mismo los servicios de rehabilitaci\u00f3n y participaci\u00f3n<\/strong> (dinero en lugar de bienes o servicios). Existe una <strong data-start=\"556\" data-end=\"574\">Reclamaci\u00f3n legal<\/strong>, pero tienes que <strong data-start=\"595\" data-end=\"609\">solicitar<\/strong>. Si intervienen varias unidades de coste, se denomina <strong data-start=\"662\" data-end=\"706\">Presupuesto personal multiinstitucional<\/strong>.<\/p><p data-start=\"709\" data-end=\"744\"><strong data-start=\"709\" data-end=\"742\">\u00bfPara qu\u00e9 se puede solicitar?<\/strong><\/p><ul data-start=\"745\" data-end=\"1042\"><li data-start=\"745\" data-end=\"815\"><p data-start=\"747\" data-end=\"815\"><strong data-start=\"747\" data-end=\"767\">Participaci\u00f3n social<\/strong> (por ejemplo, ayudas para la movilidad o la comunicaci\u00f3n)<\/p><\/li><li data-start=\"816\" data-end=\"887\"><p data-start=\"818\" data-end=\"887\"><strong data-start=\"818\" data-end=\"846\">Participaci\u00f3n en la vida laboral<\/strong> (por ejemplo, ayudas al trabajo o al estudio)<\/p><\/li><li data-start=\"888\" data-end=\"1042\"><p data-start=\"890\" data-end=\"1042\"><strong data-start=\"890\" data-end=\"921\">Rehabilitaci\u00f3n m\u00e9dica<\/strong> (por ejemplo, ayuda para los cuidados)<br data-start=\"947\" data-end=\"950\" \/>Costes de la vida normal como <strong data-start=\"1002\" data-end=\"1041\">Alquiler, calefacci\u00f3n, electricidad, alimentos<\/strong>.<\/p><\/li><\/ul><p data-start=\"1044\" data-end=\"1097\"><strong data-start=\"1044\" data-end=\"1095\">\u00bfC\u00f3mo se obtiene un presupuesto personal (procedimiento)?<\/strong><\/p><ol data-start=\"1098\" data-end=\"2100\"><li data-start=\"1098\" data-end=\"1134\"><p data-start=\"1101\" data-end=\"1134\"><strong data-start=\"1101\" data-end=\"1120\">Cita de consulta<\/strong> de acuerdo<\/p><\/li><li data-start=\"1135\" data-end=\"1194\"><p data-start=\"1138\" data-end=\"1194\"><strong data-start=\"1138\" data-end=\"1162\">Necesidad de apoyo<\/strong> determinar (diario\/mensual)<\/p><\/li><li data-start=\"1195\" data-end=\"1626\"><p data-start=\"1198\" data-end=\"1271\"><strong data-start=\"1198\" data-end=\"1219\">Estimaci\u00f3n de costes<\/strong> (con asesoramiento y, en su caso, liquidaci\u00f3n de n\u00f3minas)<\/p><ul data-start=\"1275\" data-end=\"1626\"><li data-start=\"1275\" data-end=\"1626\"><p data-start=\"1277\" data-end=\"1626\">Seleccione una organizaci\u00f3n:<br data-start=\"1297\" data-end=\"1300\" \/><strong data-start=\"1305\" data-end=\"1333\">a) Modelo de proveedor de servicios:<\/strong> Contrato con el servicio ambulatorio; el servicio proporciona personal, presta servicios (hasta 24 horas posibles) y factura.<br data-start=\"1442\" data-end=\"1445\" \/><strong data-start=\"1450\" data-end=\"1475\">b) Modelo de empleador:<\/strong> Usted mismo contrata a los asistentes; de la liquidaci\u00f3n de n\u00f3minas se puede encargar una oficina de n\u00f3minas\u00a0<\/p><\/li><\/ul><\/li><li data-start=\"1627\" data-end=\"1859\"><p data-start=\"1630\" data-end=\"1859\"><strong data-start=\"1630\" data-end=\"1640\">Aplicaci\u00f3n<\/strong> con el responsable <strong data-start=\"1658\" data-end=\"1690\">Proveedor de servicios\/portador de costes<\/strong> organizaciones (seg\u00fan proceda), por ejemplo Seguro de enfermedad\/enfermer\u00eda, seguro de pensiones\/accidentes, asistencia juvenil\/social, ayuda a la integraci\u00f3n, oficina de integraci\u00f3n, agencia de empleo, etc.<\/p><\/li><li data-start=\"1860\" data-end=\"2023\"><p data-start=\"1863\" data-end=\"2023\"><strong data-start=\"1863\" data-end=\"1882\">Conferencia presupuestaria<\/strong> (en el caso de varios portadores de costes): se determina una persona de contacto; se negocian los requisitos, el importe y la duraci\u00f3n; y, si es necesario, se ajustan posteriormente.<\/p><\/li><li data-start=\"2024\" data-end=\"2100\"><p data-start=\"2027\" data-end=\"2100\"><strong data-start=\"2027\" data-end=\"2047\">Acuerdo objetivo<\/strong>Registro por escrito (importe, periodo, pruebas).<\/p><\/li><\/ol><p data-start=\"2102\" data-end=\"2403\"><strong data-start=\"2102\" data-end=\"2124\">Ventajas e inconvenientes<\/strong><br data-start=\"2124\" data-end=\"2127\" \/><strong data-start=\"2127\" data-end=\"2140\">Ventajas:<\/strong> m\u00e1s <strong data-start=\"2146\" data-end=\"2164\">Independencia<\/strong>, no vinculada a un proveedor, asistencia <strong data-start=\"2207\" data-end=\"2223\">combinable<\/strong> (por ejemplo, en parte servicio, en parte asistencia propia).<br data-start=\"2269\" data-end=\"2272\" \/><strong data-start=\"2272\" data-end=\"2286\">Desventajas:<\/strong> m\u00e1s <strong data-start=\"2292\" data-end=\"2333\">Gastos administrativos y de organizaci\u00f3n<\/strong>, especialmente en el modelo de empleador (contrataci\u00f3n, planificaci\u00f3n, n\u00f3minas).<\/p>\t\t\t\t\t\t\t\t<\/div>\n\t\t\t\t<\/div>\n\t\t\t\t<\/div>\n\t\t\t\t<\/div>\n\t\t\t\t<\/div>\n\t\t\t\t\t<\/div>\n\t\t\t\t<\/div>\n\t\t\t\t<\/main>\n\t\t\t\t<\/main>\n\t\t\t\t<\/div>","protected":false},"excerpt":{"rendered":"<p>Projekt 2006 &#8211; 2010 Pers\u00f6nliches Budget Leistungen flexibel einkaufen Das Projekt &#8222;Integration jetzt! Selbstbestimmt leben mit Pers\u00f6nlichen Budget&#8220; Ziel des Projekt war der Aufbau eines regionalen, unabh\u00e4ngigen Beratungsangebotes zum Pers\u00f6nlichen Budget f\u00fcr BudgetnehmerInnen und BudgetinteressentInnen. KlientInnen wurden bei der Durchsetzung ihrer Belange bei Kostentr\u00e4gern und Diensten unterst\u00fctzt. Ein weiterer Schwerpunkt des Projekts war die Bewusstseinsbildung [&hellip;]<\/p>\n","protected":false},"author":1,"featured_media":0,"parent":0,"menu_order":0,"comment_status":"closed","ping_status":"closed","template":"","meta":{"footnotes":""},"class_list":["post-2743","page","type-page","status-publish","hentry"],"_links":{"self":[{"href":"https:\/\/zsl-erlangen.de\/es\/wp-json\/wp\/v2\/pages\/2743","targetHints":{"allow":["GET"]}}],"collection":[{"href":"https:\/\/zsl-erlangen.de\/es\/wp-json\/wp\/v2\/pages"}],"about":[{"href":"https:\/\/zsl-erlangen.de\/es\/wp-json\/wp\/v2\/types\/page"}],"author":[{"embeddable":true,"href":"https:\/\/zsl-erlangen.de\/es\/wp-json\/wp\/v2\/users\/1"}],"replies":[{"embeddable":true,"href":"https:\/\/zsl-erlangen.de\/es\/wp-json\/wp\/v2\/comments?post=2743"}],"version-history":[{"count":25,"href":"https:\/\/zsl-erlangen.de\/es\/wp-json\/wp\/v2\/pages\/2743\/revisions"}],"predecessor-version":[{"id":4820,"href":"https:\/\/zsl-erlangen.de\/es\/wp-json\/wp\/v2\/pages\/2743\/revisions\/4820"}],"wp:attachment":[{"href":"https:\/\/zsl-erlangen.de\/es\/wp-json\/wp\/v2\/media?parent=2743"}],"curies":[{"name":"wp","href":"https:\/\/api.w.org\/{rel}","templated":true}]}}