{"id":3182,"date":"2026-01-28T12:13:07","date_gmt":"2026-01-28T12:13:07","guid":{"rendered":"https:\/\/zsl.webwolfdesign.eu\/?page_id=3182"},"modified":"2026-05-04T17:06:13","modified_gmt":"2026-05-04T17:06:13","slug":"oferta-de-empleo-jefe-de-equipo","status":"publish","type":"page","link":"https:\/\/zsl-erlangen.de\/es\/oferta-de-empleo-jefe-de-equipo\/","title":{"rendered":"Stellenangebot &#8211; Verwaltung"},"content":{"rendered":"<div data-elementor-type=\"wp-page\" data-elementor-id=\"3182\" class=\"elementor elementor-3182\" data-elementor-post-type=\"page\">\n\t\t\t\t<div class=\"elementor-element elementor-element-5897030 e-con-full e-flex e-con e-parent\" data-id=\"5897030\" data-element_type=\"container\" data-e-type=\"container\" data-settings=\"{&quot;background_background&quot;:&quot;classic&quot;}\">\n\t\t<div class=\"elementor-element elementor-element-e70512f e-flex e-con-boxed e-con e-child\" data-id=\"e70512f\" data-element_type=\"container\" data-e-type=\"container\">\n\t\t\t\t\t<div class=\"e-con-inner\">\n\t\t<div class=\"elementor-element elementor-element-588dc43 e-con-full e-flex e-con e-child\" data-id=\"588dc43\" data-element_type=\"container\" data-e-type=\"container\" data-settings=\"{&quot;background_background&quot;:&quot;classic&quot;}\">\n\t\t\t\t<div class=\"elementor-element elementor-element-677444f elementor-widget elementor-widget-text-editor\" data-id=\"677444f\" data-element_type=\"widget\" data-e-type=\"widget\" data-widget_type=\"text-editor.default\">\n\t\t\t\t\t\t\t\t\t<div class=\"row\"><div class=\"col-12 col-lg-9\"><div class=\"row\"><div class=\"col-12 col-lg-9\"><h2><span style=\"color: #780000;\"><strong>Personal administrativo<\/strong><\/span><\/h2><\/div><\/div><div class=\"row\"><div class=\"col-12 col-lg-9 unterseitenText\"><p>Para el \u00e1rea de trabajo abierto regional con discapacitados (OBA) \u201eCounselling.Education.Encounters\u201c en nuestra sede de Erlangen, buscamos un\/a\u00a0<strong>Empleado administrativo con formaci\u00f3n completa como asistente de gesti\u00f3n de oficina (f, m, d)<\/strong>\u00a0a tiempo parcial 15-20 horas\/semana.<\/p><p><strong>Las tareas incluyen:<\/strong><\/p><ul><li>Organizaci\u00f3n y coordinaci\u00f3n de los procesos de oficina<\/li><li>Tramitaci\u00f3n de correspondencia y documentaci\u00f3n<\/li><li>Planificaci\u00f3n y gesti\u00f3n de citas<\/li><li>Apoyar a la direcci\u00f3n del centro en el \u00e1rea administrativa<\/li><li>Comunicaci\u00f3n con clientes, familiares y socios externos<\/li><li>Estad\u00edsticas anuales y lista de destinos<br \/><br \/><\/li><\/ul><p><strong>Detalles de la oferta de empleo:<\/strong><\/p><ul><li>Horario de trabajo: a tiempo parcial - 15-20 horas semanales<\/li><li>Convenio colectivo: basado en las escalas salariales de TV\u00f6D Bund (E7)<\/li><li>Remuneraci\u00f3n y prestaciones adicionales: Pago adicional por VL y bAV; paga extraordinaria anual; 30 d\u00edas de vacaciones con una semana de 5 d\u00edas.<\/li><li>Inicio de la actividad: a partir de mayo de 2026<\/li><\/ul><p><strong><br \/>Requisitos:<\/strong><br \/>Haber completado con \u00e9xito la formaci\u00f3n de asistente de gesti\u00f3n de oficina, o similar.<\/p><p><strong>Conocimientos y competencias:<\/strong><\/p><ul><li>Buenos conocimientos de administraci\u00f3n y organizaci\u00f3n de oficinas<\/li><li>Manejo seguro de los programas de MS Office<\/li><\/ul><p><strong><br \/>Puntos fuertes personales:<br \/><\/strong><\/p><ul><li>Flexibilidad, gran automotivaci\u00f3n y responsabilidad personal<\/li><li>Capacidad de comunicaci\u00f3n<\/li><li>Competencia social<\/li><li>Autogesti\u00f3n y gesti\u00f3n del tiempo<\/li><li>Talento organizativo con una forma de trabajar estructurada y fiable<\/li><\/ul><p><strong><br \/>Le ofrecemos:<\/strong><\/p><ul><li>un trabajo variado y diverso<\/li><li>Espacio para la independencia y la iniciativa personal<\/li><li>un equipo comprometido, experimentado y de gran calidad profesional<\/li><li>un lugar de trabajo moderno<\/li><li>Horario flexible y conciliaci\u00f3n de la vida laboral y familiar\u00a0<\/li><\/ul><p><br \/><strong>Env\u00ede su solicitud a\u00a0<a title=\"bewerbung@zsl-erlangen.de\" href=\"mailto:bewerbung@zsl-erlangen.de\">bewerbung@zsl-erlangen.de<\/a><\/strong><\/p><\/div><\/div><\/div><\/div>\t\t\t\t\t\t\t\t<\/div>\n\t\t\t\t<\/div>\n\t\t\t\t\t<\/div>\n\t\t\t\t<\/div>\n\t\t\t\t<\/div>\n\t\t\t\t<\/div>","protected":false},"excerpt":{"rendered":"<p>Verwaltungskraft F\u00fcr den Bereich der regionalen offenen Behindertenarbeit (OBA) \u201eBeratung.Bildung.Begegnung.\u201c an unserem Standort in Erlangen suchen wir eine\u00a0Verwaltungskraft mit abgeschlossener Ausbildung als Kaufmann\/-frau f\u00fcr B\u00fcromanagement (w, m, d)\u00a0in Teilzeit 15-20 Std.\/Woche. Zu den Aufgaben geh\u00f6ren: Organisation und Koordination von B\u00fcroabl\u00e4ufen Bearbeitung von Schriftverkehr und Dokumentation Terminplanung und -verwaltung Unterst\u00fctzung der Einrichtungsleitung im administrativen Bereich Kommunikation [&hellip;]<\/p>\n","protected":false},"author":1,"featured_media":0,"parent":0,"menu_order":0,"comment_status":"closed","ping_status":"closed","template":"","meta":{"footnotes":""},"class_list":["post-3182","page","type-page","status-publish","hentry"],"_links":{"self":[{"href":"https:\/\/zsl-erlangen.de\/es\/wp-json\/wp\/v2\/pages\/3182","targetHints":{"allow":["GET"]}}],"collection":[{"href":"https:\/\/zsl-erlangen.de\/es\/wp-json\/wp\/v2\/pages"}],"about":[{"href":"https:\/\/zsl-erlangen.de\/es\/wp-json\/wp\/v2\/types\/page"}],"author":[{"embeddable":true,"href":"https:\/\/zsl-erlangen.de\/es\/wp-json\/wp\/v2\/users\/1"}],"replies":[{"embeddable":true,"href":"https:\/\/zsl-erlangen.de\/es\/wp-json\/wp\/v2\/comments?post=3182"}],"version-history":[{"count":29,"href":"https:\/\/zsl-erlangen.de\/es\/wp-json\/wp\/v2\/pages\/3182\/revisions"}],"predecessor-version":[{"id":5267,"href":"https:\/\/zsl-erlangen.de\/es\/wp-json\/wp\/v2\/pages\/3182\/revisions\/5267"}],"wp:attachment":[{"href":"https:\/\/zsl-erlangen.de\/es\/wp-json\/wp\/v2\/media?parent=3182"}],"curies":[{"name":"wp","href":"https:\/\/api.w.org\/{rel}","templated":true}]}}