{"id":3287,"date":"2026-02-03T13:53:33","date_gmt":"2026-02-03T13:53:33","guid":{"rendered":"https:\/\/zsl.webwolfdesign.eu\/?page_id=3287"},"modified":"2026-05-04T13:37:51","modified_gmt":"2026-05-04T13:37:51","slug":"apoyo-escolar-en-un-lenguaje-sencillo","status":"publish","type":"page","link":"https:\/\/zsl-erlangen.de\/es\/apoyo-escolar-en-un-lenguaje-sencillo\/","title":{"rendered":"Schulbegleitung-leichte-sprache"},"content":{"rendered":"<div data-elementor-type=\"wp-page\" data-elementor-id=\"3287\" class=\"elementor elementor-3287\" data-elementor-post-type=\"page\">\n\t\t\t\t<main class=\"elementor-element elementor-element-f8d4448 e-con-full e-flex e-con e-parent\" data-id=\"f8d4448\" data-element_type=\"container\" data-e-type=\"container\">\n\t\t<div class=\"elementor-element elementor-element-da90f1d e-con-full e-flex e-con e-child\" data-id=\"da90f1d\" data-element_type=\"container\" data-e-type=\"container\" data-settings=\"{&quot;background_background&quot;:&quot;classic&quot;}\">\n\t\t\t\t<div class=\"elementor-element elementor-element-8b16a33 elementor-widget elementor-widget-heading\" data-id=\"8b16a33\" data-element_type=\"widget\" data-e-type=\"widget\" data-widget_type=\"heading.default\">\n\t\t\t\t\t<h2 class=\"elementor-heading-title elementor-size-default\">P\u00e1gina en lenguaje sencillo<\/h2>\t\t\t\t<\/div>\n\t\t<div class=\"elementor-element elementor-element-cde4e47 e-con-full e-flex e-con e-child\" data-id=\"cde4e47\" data-element_type=\"container\" data-e-type=\"container\">\n\t\t<div class=\"elementor-element elementor-element-0ab2143 e-con-full e-flex e-con e-child\" data-id=\"0ab2143\" data-element_type=\"container\" data-e-type=\"container\" data-settings=\"{&quot;background_background&quot;:&quot;gradient&quot;}\">\n\t\t\t\t<div class=\"elementor-element elementor-element-48f03f1 elementor-widget elementor-widget-heading\" data-id=\"48f03f1\" data-element_type=\"widget\" data-e-type=\"widget\" data-widget_type=\"heading.default\">\n\t\t\t\t\t<h1 class=\"elementor-heading-title elementor-size-default\">Apoyo escolar y a la inclusi\u00f3n - SIB<\/h1>\t\t\t\t<\/div>\n\t\t\t\t<div class=\"elementor-element elementor-element-31f2aee elementor-widget elementor-widget-text-editor\" data-id=\"31f2aee\" data-element_type=\"widget\" data-e-type=\"widget\" data-widget_type=\"text-editor.default\">\n\t\t\t\t\t\t\t\t\t<p>Facilitar la participaci\u00f3n, promover la autodeterminaci\u00f3n, desde el principio.<\/p>\t\t\t\t\t\t\t\t<\/div>\n\t\t\t\t<\/div>\n\t\t<div class=\"elementor-element elementor-element-8e2bede e-con-full e-flex e-con e-child\" data-id=\"8e2bede\" data-element_type=\"container\" data-e-type=\"container\">\n\t\t\t\t<div class=\"elementor-element elementor-element-f12b749 e-transform elementor-widget elementor-widget-image\" data-id=\"f12b749\" data-element_type=\"widget\" data-e-type=\"widget\" data-settings=\"{&quot;_transform_flipX_effect&quot;:&quot;transform&quot;}\" data-widget_type=\"image.default\">\n\t\t\t\t\t\t\t\t\t\t\t\t\t\t\t<img fetchpriority=\"high\" decoding=\"async\" width=\"1500\" height=\"630\" src=\"https:\/\/zsl-erlangen.de\/wp-content\/uploads\/2026\/04\/schul-und-inklusionsbegleitung.jpg\" class=\"attachment-full size-full wp-image-3954\" alt=\"La gu\u00eda escolar y de inclusi\u00f3n ayuda a los alumnos en silla de ruedas\" srcset=\"https:\/\/zsl-erlangen.de\/wp-content\/uploads\/2026\/04\/schul-und-inklusionsbegleitung.jpg 1500w, https:\/\/zsl-erlangen.de\/wp-content\/uploads\/2026\/04\/schul-und-inklusionsbegleitung-300x126.jpg 300w, https:\/\/zsl-erlangen.de\/wp-content\/uploads\/2026\/04\/schul-und-inklusionsbegleitung-1024x430.jpg 1024w, https:\/\/zsl-erlangen.de\/wp-content\/uploads\/2026\/04\/schul-und-inklusionsbegleitung-768x323.jpg 768w, https:\/\/zsl-erlangen.de\/wp-content\/uploads\/2026\/04\/schul-und-inklusionsbegleitung-18x8.jpg 18w\" sizes=\"(max-width: 1500px) 100vw, 1500px\" \/>\t\t\t\t\t\t\t\t\t\t\t\t\t\t\t<\/div>\n\t\t\t\t<\/div>\n\t\t\t\t<\/div>\n\t\t<div class=\"elementor-element elementor-element-5ec1885 e-flex e-con-boxed e-con e-child\" data-id=\"5ec1885\" data-element_type=\"container\" data-e-type=\"container\">\n\t\t\t\t\t<div class=\"e-con-inner\">\n\t\t<div class=\"elementor-element elementor-element-beff7de e-con-full e-flex e-con e-child\" data-id=\"beff7de\" data-element_type=\"container\" data-e-type=\"container\" data-settings=\"{&quot;background_background&quot;:&quot;classic&quot;}\">\n\t\t<div class=\"elementor-element elementor-element-a517245 e-con-full e-flex e-con e-child\" data-id=\"a517245\" data-element_type=\"container\" data-e-type=\"container\" data-settings=\"{&quot;background_background&quot;:&quot;classic&quot;}\">\n\t\t<div class=\"elementor-element elementor-element-c0d93fb e-con-full e-flex e-con e-child\" data-id=\"c0d93fb\" data-element_type=\"container\" data-e-type=\"container\">\n\t\t\t\t<div class=\"elementor-element elementor-element-5f475c7 elementor-widget elementor-widget-heading\" data-id=\"5f475c7\" data-element_type=\"widget\" data-e-type=\"widget\" data-widget_type=\"heading.default\">\n\t\t\t\t\t<h2 class=\"elementor-heading-title elementor-size-default\">Qui\u00e9nes somos<\/h2>\t\t\t\t<\/div>\n\t\t\t\t<div class=\"elementor-element elementor-element-6aa35fe elementor-widget elementor-widget-text-editor\" data-id=\"6aa35fe\" data-element_type=\"widget\" data-e-type=\"widget\" data-widget_type=\"text-editor.default\">\n\t\t\t\t\t\t\t\t\t<p>En <strong>Apoyo escolar<\/strong> ayuda a ni\u00f1os y j\u00f3venes con necesidades especiales.<br \/>Para que puedan <strong>de la forma m\u00e1s independiente posible<\/strong> y <strong>bien<\/strong> participar en las clases.<\/p><p>El asesoramiento escolar y de inclusi\u00f3n ayuda a ni\u00f1os y j\u00f3venes con <strong>f\u00edsico<\/strong>, <strong>intelectual<\/strong> o <strong>mental<\/strong> Deterioros.<br \/>Ayuda a garantizar que <strong>le pertenecen<\/strong> y participar.<\/p><p>El apoyo escolar y a la inclusi\u00f3n es un <strong>Asistencia conforme a la legislaci\u00f3n social<\/strong>.<br \/>Pertenece al <strong>Ayuda a la integraci\u00f3n<\/strong>.<\/p>\t\t\t\t\t\t\t\t<\/div>\n\t\t\t\t<\/div>\n\t\t\t\t<\/div>\n\t\t<div class=\"elementor-element elementor-element-d3e329c e-con-full e-flex e-con e-child\" data-id=\"d3e329c\" data-element_type=\"container\" data-e-type=\"container\" data-settings=\"{&quot;background_background&quot;:&quot;classic&quot;}\">\n\t\t<div class=\"elementor-element elementor-element-8ae9606 e-con-full e-flex e-con e-child\" data-id=\"8ae9606\" data-element_type=\"container\" data-e-type=\"container\">\n\t\t\t\t<div class=\"elementor-element elementor-element-7494f05 elementor-widget elementor-widget-heading\" data-id=\"7494f05\" data-element_type=\"widget\" data-e-type=\"widget\" data-widget_type=\"heading.default\">\n\t\t\t\t\t<h2 class=\"elementor-heading-title elementor-size-default\">\u00bfA qui\u00e9n va dirigido el programa de apoyo a la inclusi\u00f3n escolar?<\/h2>\t\t\t\t<\/div>\n\t\t\t\t<div class=\"elementor-element elementor-element-42a0697 elementor-widget elementor-widget-text-editor\" data-id=\"42a0697\" data-element_type=\"widget\" data-e-type=\"widget\" data-widget_type=\"text-editor.default\">\n\t\t\t\t\t\t\t\t\t<p>El grupo destinatario del asesoramiento escolar y de inclusi\u00f3n incluye a ni\u00f1os y j\u00f3venes,<\/p><ul><li><p>con <strong>m\u00e1s f\u00edsico<\/strong> o <strong>m\u00e1s espiritual<\/strong> Discapacidad o <strong>Discapacidades m\u00faltiples<\/strong>,<\/p><\/li><li><p>o con <strong>m\u00e1s emocional<\/strong> discapacidad - o si se trata de una discapacidad mental <strong>amenaza<\/strong>.<\/p><\/li><\/ul><p>Se ofrece apoyo escolar y de integraci\u00f3n si un ni\u00f1o <strong>por poco tiempo o de forma permanente<\/strong> necesita ayuda,<br \/>para que <strong>participar en la vida escolar cotidiana<\/strong> y el <strong>Cumplir la escolaridad obligatoria<\/strong> puede.<\/p><p>El apoyo escolar y de inclusi\u00f3n s\u00f3lo se proporciona si se requiere esta ayuda. <strong>no ya de la escuela<\/strong> se hace cargo.<br \/>El objetivo es: <strong>Participaci\u00f3n<\/strong> y <strong>M\u00e1s independencia<\/strong> para los alumnos.<\/p>\t\t\t\t\t\t\t\t<\/div>\n\t\t\t\t<\/div>\n\t\t\t\t<\/div>\n\t\t<div class=\"elementor-element elementor-element-208a162 e-con-full e-flex e-con e-child\" data-id=\"208a162\" data-element_type=\"container\" data-e-type=\"container\" data-settings=\"{&quot;background_background&quot;:&quot;classic&quot;}\">\n\t\t<div class=\"elementor-element elementor-element-2de6cc9 e-con-full e-flex e-con e-child\" data-id=\"2de6cc9\" data-element_type=\"container\" data-e-type=\"container\">\n\t\t\t\t<div class=\"elementor-element elementor-element-54bbd0b elementor-widget elementor-widget-heading\" data-id=\"54bbd0b\" data-element_type=\"widget\" data-e-type=\"widget\" data-widget_type=\"heading.default\">\n\t\t\t\t\t<h2 class=\"elementor-heading-title elementor-size-default\">Objetivos de la escuela y apoyo a la inclusi\u00f3n <\/h2>\t\t\t\t<\/div>\n\t\t\t\t<div class=\"elementor-element elementor-element-fd94f10 elementor-widget elementor-widget-text-editor\" data-id=\"fd94f10\" data-element_type=\"widget\" data-e-type=\"widget\" data-widget_type=\"text-editor.default\">\n\t\t\t\t\t\t\t\t\t<p>Las personas con discapacidad deben <strong>participaci\u00f3n igualitaria<\/strong> y <strong>determine usted mismo<\/strong> puede.<br \/>Nuestro apoyo escolar y de inclusi\u00f3n tambi\u00e9n est\u00e1 orientado en este sentido.<\/p><ul><li><p>Apoyamos a todos los ni\u00f1os <strong>la forma en que se necesita<\/strong>.<\/p><\/li><li><p>Ayudamos en la guarder\u00eda y en la vida escolar, por ejemplo con <strong>Organizar las tareas<\/strong> y en el <strong>Superar los obst\u00e1culos<\/strong> (por ejemplo, para moverse o hablar).<\/p><\/li><li><p>Nos aseguramos de que los alumnos <strong>participar adecuadamente en clase y en la escuela<\/strong> puede.<\/p><\/li><li><p>Reforzamos <strong>Contactos sociales<\/strong>, <strong>Integraci\u00f3n<\/strong> y <strong>Independencia<\/strong>.<\/p><p>Un buen apoyo escolar y de inclusi\u00f3n s\u00f3lo funciona en equipo.<br \/>Colaboramos con <strong>Alumno<\/strong>, <strong>Padres<\/strong>, <strong>Escuela<\/strong> y si es necesario <strong>Terapeutas<\/strong>.<br \/>Esto nos permite discutir los progresos y adaptar el apoyo.<\/p><\/li><\/ul>\t\t\t\t\t\t\t\t<\/div>\n\t\t\t\t<\/div>\n\t\t\t\t<\/div>\n\t\t<div class=\"elementor-element elementor-element-425137c e-con-full e-flex e-con e-child\" data-id=\"425137c\" data-element_type=\"container\" data-e-type=\"container\" data-settings=\"{&quot;background_background&quot;:&quot;classic&quot;}\">\n\t\t<div class=\"elementor-element elementor-element-4a98a41 e-con-full e-flex e-con e-child\" data-id=\"4a98a41\" data-element_type=\"container\" data-e-type=\"container\">\n\t\t\t\t<div class=\"elementor-element elementor-element-f69afb6 elementor-widget elementor-widget-heading\" data-id=\"f69afb6\" data-element_type=\"widget\" data-e-type=\"widget\" data-widget_type=\"heading.default\">\n\t\t\t\t\t<h2 class=\"elementor-heading-title elementor-size-default\">Ayuda con la solicitud y cobertura de costes<\/h2>\t\t\t\t<\/div>\n\t\t\t\t<div class=\"elementor-element elementor-element-76068da elementor-widget elementor-widget-text-editor\" data-id=\"76068da\" data-element_type=\"widget\" data-e-type=\"widget\" data-widget_type=\"text-editor.default\">\n\t\t\t\t\t\t\t\t\t<p>El apoyo escolar y de inclusi\u00f3n suele tener que ser <strong>solicitar<\/strong>.<br \/>Los costes suelen estar cubiertos por un <strong>Unidad de costes responsable<\/strong>. Puede variar en funci\u00f3n de la discapacidad:<\/p><ul><li><p>el <strong>Ayuda a la integraci\u00f3n<\/strong> o<\/p><\/li><li><p>con discapacidades mentales a menudo los <strong>Oficina de Bienestar de la Juventud<\/strong>.<\/p><\/li><\/ul><p>Estaremos encantados de ayudarle a planificar los siguientes pasos<br \/>y encontrar los contactos adecuados.<\/p>\t\t\t\t\t\t\t\t<\/div>\n\t\t\t\t<\/div>\n\t\t\t\t<\/div>\n\t\t\t\t<\/div>\n\t\t<div class=\"elementor-element elementor-element-5237745 e-con-full e-flex e-con e-child\" data-id=\"5237745\" data-element_type=\"container\" data-e-type=\"container\" data-settings=\"{&quot;background_background&quot;:&quot;classic&quot;}\">\n\t\t<div class=\"elementor-element elementor-element-1267c19 e-con-full e-flex e-con e-child\" data-id=\"1267c19\" data-element_type=\"container\" data-e-type=\"container\" data-settings=\"{&quot;background_background&quot;:&quot;classic&quot;}\">\n\t\t<div class=\"elementor-element elementor-element-a8bb9e6 e-con-full e-flex e-con e-child\" data-id=\"a8bb9e6\" data-element_type=\"container\" data-e-type=\"container\">\n\t\t\t\t<div class=\"elementor-element elementor-element-28a7991 elementor-widget elementor-widget-heading\" data-id=\"28a7991\" data-element_type=\"widget\" data-e-type=\"widget\" data-widget_type=\"heading.default\">\n\t\t\t\t\t<h2 class=\"elementor-heading-title elementor-size-default\">Trabajar como orientador escolar y de inclusi\u00f3n<\/h2>\t\t\t\t<\/div>\n\t\t\t\t<div class=\"elementor-element elementor-element-7ce005e elementor-widget elementor-widget-text-editor\" data-id=\"7ce005e\" data-element_type=\"widget\" data-e-type=\"widget\" data-widget_type=\"text-editor.default\">\n\t\t\t\t\t\t\t\t\t<p>Convi\u00e9rtete en mentor escolar y de inclusi\u00f3n y haz posible la inclusi\u00f3n en la vida cotidiana. Ayudar\u00e1s a ni\u00f1os y j\u00f3venes a ser m\u00e1s independientes, a participar en las clases y a formar parte de la comunidad. Un trabajo significativo con mucha cercan\u00eda, responsabilidad y momentos reales de \u00e9xito, todos los d\u00edas.<\/p>\t\t\t\t\t\t\t\t<\/div>\n\t\t\t\t<div class=\"elementor-element elementor-element-f4ee32c elementor-widget elementor-widget-button\" data-id=\"f4ee32c\" data-element_type=\"widget\" data-e-type=\"widget\" data-widget_type=\"button.default\">\n\t\t\t\t\t\t\t\t\t\t<a class=\"elementor-button elementor-button-link elementor-size-sm\" href=\"https:\/\/zsl-erlangen.de\/es\/puestos-de-trabajo\/\">\n\t\t\t\t\t\t<span class=\"elementor-button-content-wrapper\">\n\t\t\t\t\t\t\t\t\t<span class=\"elementor-button-text\">m\u00e1s informaci\u00f3n y solicitud<\/span>\n\t\t\t\t\t<\/span>\n\t\t\t\t\t<\/a>\n\t\t\t\t\t\t\t\t<\/div>\n\t\t\t\t<\/div>\n\t\t<div class=\"elementor-element elementor-element-a3fa35f e-con-full e-flex e-con e-child\" data-id=\"a3fa35f\" data-element_type=\"container\" data-e-type=\"container\">\n\t\t\t\t<div class=\"elementor-element elementor-element-614d20a elementor-widget elementor-widget-image\" data-id=\"614d20a\" data-element_type=\"widget\" data-e-type=\"widget\" data-widget_type=\"image.default\">\n\t\t\t\t\t\t\t\t\t\t\t\t\t\t\t<img decoding=\"async\" width=\"800\" height=\"534\" src=\"https:\/\/zsl-erlangen.de\/wp-content\/uploads\/2026\/02\/schulbegleiterin-mit-schuelerin-1024x683.png\" class=\"attachment-large size-large wp-image-3298\" alt=\"acompa\u00f1ante-escolar-ayuda-al-alumno-en-silla-de-ruedas\" srcset=\"https:\/\/zsl-erlangen.de\/wp-content\/uploads\/2026\/02\/schulbegleiterin-mit-schuelerin-1024x683.png 1024w, https:\/\/zsl-erlangen.de\/wp-content\/uploads\/2026\/02\/schulbegleiterin-mit-schuelerin-300x200.png 300w, https:\/\/zsl-erlangen.de\/wp-content\/uploads\/2026\/02\/schulbegleiterin-mit-schuelerin-768x512.png 768w, https:\/\/zsl-erlangen.de\/wp-content\/uploads\/2026\/02\/schulbegleiterin-mit-schuelerin-1536x1025.png 1536w, https:\/\/zsl-erlangen.de\/wp-content\/uploads\/2026\/02\/schulbegleiterin-mit-schuelerin-2048x1366.png 2048w, https:\/\/zsl-erlangen.de\/wp-content\/uploads\/2026\/02\/schulbegleiterin-mit-schuelerin-18x12.png 18w\" sizes=\"(max-width: 800px) 100vw, 800px\" \/>\t\t\t\t\t\t\t\t\t\t\t\t\t\t\t<\/div>\n\t\t\t\t<\/div>\n\t\t\t\t<\/div>\n\t\t\t\t<\/div>\n\t\t\t\t\t<\/div>\n\t\t\t\t<\/div>\n\t\t\t\t<\/div>\n\t\t\t\t<\/main>\n\t\t\t\t<\/div>","protected":false},"excerpt":{"rendered":"<p>Seite in einfacher Sprache Schul- und Inklusionsbegleitung &#8211; SIB Teilhabe erm\u00f6glichen, Selbstbestimmung f\u00f6rdern &#8211; von Beginn an. \u00dcber uns Die Schulbegleitung hilft Kindern und Jugendlichen mit besonderen Bed\u00fcrfnissen.So k\u00f6nnen sie m\u00f6glichst selbstst\u00e4ndig und gut am Unterricht teilnehmen. Schul- und Inklusionsbegleitung unterst\u00fctzt Kinder und Jugendliche mit k\u00f6rperlichen, geistigen oder seelischen Beeintr\u00e4chtigungen.Sie hilft dabei, dass sie in [&hellip;]<\/p>\n","protected":false},"author":1,"featured_media":0,"parent":0,"menu_order":0,"comment_status":"closed","ping_status":"closed","template":"","meta":{"footnotes":""},"class_list":["post-3287","page","type-page","status-publish","hentry"],"_links":{"self":[{"href":"https:\/\/zsl-erlangen.de\/es\/wp-json\/wp\/v2\/pages\/3287","targetHints":{"allow":["GET"]}}],"collection":[{"href":"https:\/\/zsl-erlangen.de\/es\/wp-json\/wp\/v2\/pages"}],"about":[{"href":"https:\/\/zsl-erlangen.de\/es\/wp-json\/wp\/v2\/types\/page"}],"author":[{"embeddable":true,"href":"https:\/\/zsl-erlangen.de\/es\/wp-json\/wp\/v2\/users\/1"}],"replies":[{"embeddable":true,"href":"https:\/\/zsl-erlangen.de\/es\/wp-json\/wp\/v2\/comments?post=3287"}],"version-history":[{"count":37,"href":"https:\/\/zsl-erlangen.de\/es\/wp-json\/wp\/v2\/pages\/3287\/revisions"}],"predecessor-version":[{"id":5232,"href":"https:\/\/zsl-erlangen.de\/es\/wp-json\/wp\/v2\/pages\/3287\/revisions\/5232"}],"wp:attachment":[{"href":"https:\/\/zsl-erlangen.de\/es\/wp-json\/wp\/v2\/media?parent=3287"}],"curies":[{"name":"wp","href":"https:\/\/api.w.org\/{rel}","templated":true}]}}