{"id":4975,"date":"2026-04-29T09:00:09","date_gmt":"2026-04-29T09:00:09","guid":{"rendered":"https:\/\/zsl.webwolfdesign.eu\/?page_id=4975"},"modified":"2026-04-29T09:26:10","modified_gmt":"2026-04-29T09:26:10","slug":"oferta-de-empleo-jefe-de-equipo-2","status":"publish","type":"page","link":"https:\/\/zsl-erlangen.de\/es\/oferta-de-empleo-jefe-de-equipo-2\/","title":{"rendered":"Stellenangebot- Assistenz Anita"},"content":{"rendered":"<div data-elementor-type=\"wp-page\" data-elementor-id=\"4975\" class=\"elementor elementor-4975\" data-elementor-post-type=\"page\">\n\t\t\t\t<div class=\"elementor-element elementor-element-5897030 e-con-full e-flex e-con e-parent\" data-id=\"5897030\" data-element_type=\"container\" data-e-type=\"container\" data-settings=\"{&quot;background_background&quot;:&quot;classic&quot;}\">\n\t\t<div class=\"elementor-element elementor-element-e70512f e-flex e-con-boxed e-con e-child\" data-id=\"e70512f\" data-element_type=\"container\" data-e-type=\"container\">\n\t\t\t\t\t<div class=\"e-con-inner\">\n\t\t<div class=\"elementor-element elementor-element-588dc43 e-con-full e-flex e-con e-child\" data-id=\"588dc43\" data-element_type=\"container\" data-e-type=\"container\" data-settings=\"{&quot;background_background&quot;:&quot;classic&quot;}\">\n\t\t\t\t<div class=\"elementor-element elementor-element-677444f elementor-widget elementor-widget-text-editor\" data-id=\"677444f\" data-element_type=\"widget\" data-e-type=\"widget\" data-widget_type=\"text-editor.default\">\n\t\t\t\t\t\t\t\t\t<div class=\"row\"><div class=\"col-12 col-lg-9\"><div class=\"row\"><div class=\"col-12 col-lg-9\"><h2><strong><span style=\"color: #750000;\">Asistencia Anita<\/span><\/strong><\/h2><\/div><\/div><div class=\"row\"><div class=\"col-12 col-lg-9 unterseitenText\"><p>Yo, Anita de 58 a\u00f1os y parapl\u00e9jica desde hace 40, busco refuerzos para mi equipo.<\/p><p>Tras muchos a\u00f1os de trabajo por cuenta propia, me traslad\u00e9 a ZSL e.V. junto con mi equipo. Desde nuestro traslado en junio de 2025, hemos podido conocer a directivos muy fiables y competentes.<\/p><p>Dependo de asistencia las 24 horas del d\u00eda. Las 24 horas diarias se dividen actualmente en 2 turnos. El turno de d\u00eda es de 08.00 a 20.00 y el de noche de 20.00 a 08.00.<\/p><p>Soy una persona amable y abierta a la que le gusta relacionarse con mucha gente. En nuestro equipo trabajamos con la t\u00e9cnica kinest\u00e9sica, que es muy suave para la espalda y no requiere mucho esfuerzo.<\/p><p>Me gustar\u00eda reforzar mi equipo actual con mujeres que tengan los pies en el suelo, sean abiertas, simp\u00e1ticas, divertidas y muy fiables, como todo mi equipo.<\/p><p>Somos un equipo armonioso y equilibrado que est\u00e1 deseando dar la bienvenida a nuevos compa\u00f1eros. Nuestro lema es \u201euno para todos y todos para uno\u201c. Tambi\u00e9n me alegrar\u00eda mucho que tuvieras experiencia en enfermer\u00eda, pero no es imprescindible.<\/p><p><strong>\u00bfLe interesa?<\/strong><\/p><p><span style=\"font-family: -apple-system, BlinkMacSystemFont, 'Segoe UI', Roboto, 'Helvetica Neue', Arial, 'Noto Sans', sans-serif, 'Apple Color Emoji', 'Segoe UI Emoji', 'Segoe UI Symbol', 'Noto Color Emoji';\">Esperamos recibir su solicitud. Por favor, env\u00ede sus documentos de solicitud a trav\u00e9s del formulario de solicitud en l\u00ednea o por correo electr\u00f3nico a: <\/span><strong style=\"font-family: -apple-system, BlinkMacSystemFont, 'Segoe UI', Roboto, 'Helvetica Neue', Arial, 'Noto Sans', sans-serif, 'Apple Color Emoji', 'Segoe UI Emoji', 'Segoe UI Symbol', 'Noto Color Emoji';\"><a href=\"mailto:bewerbung@zsl-erlangen.de\" target=\"_blank\" rel=\"noopener\">bewerbung@zsl-erlangen.de<\/a><\/strong><\/p><\/div><\/div><\/div><\/div><div class=\"row\"><div class=\"col-12 col-lg-9 unterseitenText\"><p><strong>Si tiene alguna pregunta, tambi\u00e9n puede ponerse en contacto con nuestra responsable del servicio de enfermer\u00eda, Jutta Becker, en el tel\u00e9fono 09131\/98783-20.<\/strong><\/p><\/div><\/div>\t\t\t\t\t\t\t\t<\/div>\n\t\t\t\t<div class=\"elementor-element elementor-element-2b03a43 elementor-align-left elementor-widget elementor-widget-button\" data-id=\"2b03a43\" data-element_type=\"widget\" data-e-type=\"widget\" data-widget_type=\"button.default\">\n\t\t\t\t\t\t\t\t\t\t<a class=\"elementor-button elementor-button-link elementor-size-sm\" href=\"https:\/\/zsl-erlangen.de\/es\/formulario-de-solicitud\/\">\n\t\t\t\t\t\t<span class=\"elementor-button-content-wrapper\">\n\t\t\t\t\t\t\t\t\t<span class=\"elementor-button-text\">Al formulario de solicitud en l\u00ednea<\/span>\n\t\t\t\t\t<\/span>\n\t\t\t\t\t<\/a>\n\t\t\t\t\t\t\t\t<\/div>\n\t\t\t\t<\/div>\n\t\t\t\t\t<\/div>\n\t\t\t\t<\/div>\n\t\t\t\t<\/div>\n\t\t\t\t<\/div>","protected":false},"excerpt":{"rendered":"<p>Assistenz Anita Ich, Anita 58 Jahre und seit 40 Jahren querschnittsgel\u00e4hmt, suche Verst\u00e4rkung f\u00fcr mein Team. Nach langj\u00e4hriger Selbstst\u00e4ndigkeit bin ich gemeinsam mit meinem Team zum ZSL e.V. gewechselt. Seit unserem Wechsel im Juni 2025 haben wir sehr zuverl\u00e4ssige und kompetente Vorgesetzte kennenlernen d\u00fcrfen. Ich bin rund um die Uhr auf Assistenz angewiesen. Die t\u00e4glichen [&hellip;]<\/p>\n","protected":false},"author":1,"featured_media":0,"parent":0,"menu_order":0,"comment_status":"closed","ping_status":"closed","template":"","meta":{"footnotes":""},"class_list":["post-4975","page","type-page","status-publish","hentry"],"_links":{"self":[{"href":"https:\/\/zsl-erlangen.de\/es\/wp-json\/wp\/v2\/pages\/4975","targetHints":{"allow":["GET"]}}],"collection":[{"href":"https:\/\/zsl-erlangen.de\/es\/wp-json\/wp\/v2\/pages"}],"about":[{"href":"https:\/\/zsl-erlangen.de\/es\/wp-json\/wp\/v2\/types\/page"}],"author":[{"embeddable":true,"href":"https:\/\/zsl-erlangen.de\/es\/wp-json\/wp\/v2\/users\/1"}],"replies":[{"embeddable":true,"href":"https:\/\/zsl-erlangen.de\/es\/wp-json\/wp\/v2\/comments?post=4975"}],"version-history":[{"count":10,"href":"https:\/\/zsl-erlangen.de\/es\/wp-json\/wp\/v2\/pages\/4975\/revisions"}],"predecessor-version":[{"id":5006,"href":"https:\/\/zsl-erlangen.de\/es\/wp-json\/wp\/v2\/pages\/4975\/revisions\/5006"}],"wp:attachment":[{"href":"https:\/\/zsl-erlangen.de\/es\/wp-json\/wp\/v2\/media?parent=4975"}],"curies":[{"name":"wp","href":"https:\/\/api.w.org\/{rel}","templated":true}]}}