{"id":4983,"date":"2026-04-29T09:07:22","date_gmt":"2026-04-29T09:07:22","guid":{"rendered":"https:\/\/zsl.webwolfdesign.eu\/?page_id=4983"},"modified":"2026-04-29T09:23:51","modified_gmt":"2026-04-29T09:23:51","slug":"oferta-de-empleo-equipo-de-asistencia-rene","status":"publish","type":"page","link":"https:\/\/zsl-erlangen.de\/es\/oferta-de-empleo-equipo-de-asistencia-rene\/","title":{"rendered":"Stellenangebot &#8211; Assistenzteam Rene"},"content":{"rendered":"<div data-elementor-type=\"wp-page\" data-elementor-id=\"4983\" class=\"elementor elementor-4983\" data-elementor-post-type=\"page\">\n\t\t\t\t<div class=\"elementor-element elementor-element-5897030 e-con-full e-flex e-con e-parent\" data-id=\"5897030\" data-element_type=\"container\" data-e-type=\"container\" data-settings=\"{&quot;background_background&quot;:&quot;classic&quot;}\">\n\t\t<div class=\"elementor-element elementor-element-e70512f e-flex e-con-boxed e-con e-child\" data-id=\"e70512f\" data-element_type=\"container\" data-e-type=\"container\">\n\t\t\t\t\t<div class=\"e-con-inner\">\n\t\t<div class=\"elementor-element elementor-element-588dc43 e-con-full e-flex e-con e-child\" data-id=\"588dc43\" data-element_type=\"container\" data-e-type=\"container\" data-settings=\"{&quot;background_background&quot;:&quot;classic&quot;}\">\n\t\t\t\t<div class=\"elementor-element elementor-element-677444f elementor-widget elementor-widget-text-editor\" data-id=\"677444f\" data-element_type=\"widget\" data-e-type=\"widget\" data-widget_type=\"text-editor.default\">\n\t\t\t\t\t\t\t\t\t<div class=\"row\"><div class=\"col-12 col-lg-9\"><div class=\"row\"><div class=\"col-12 col-lg-9\"><div class=\"row\"><div class=\"col-12 col-lg-9\"><h2><strong><span style=\"color: #7d0000;\">Equipo de asistencia Ren\u00e9<\/span><\/strong><\/h2><\/div><\/div><div class=\"row\"><div class=\"col-12 col-lg-9 unterseitenText\"><div class=\"bildoben\"><p><img fetchpriority=\"high\" decoding=\"async\" src=\"https:\/\/www.zsl-erlangen.de\/fileadmin\/admin\/Redaktion\/Verein\/Foto_Homepage_Stellensuche__Rene_Hamper.jpg\" alt=\"\" width=\"605\" height=\"518\" \/><\/p><div class=\"bildunterschrift\">\u00a0<\/div><\/div><p>Hola,<\/p><p>Soy Ren\u00e9, tengo 39 a\u00f1os, vivo en Herzogenaurach y soy parapl\u00e9jico desde C4. Vivo de forma independiente entre mis cuatro paredes y ahora busco apoyo para mi equipo de asistentes.<\/p><p>Soy aventurero y dispongo de coche propio. Es una ventaja aqu\u00ed, y muy importante para m\u00ed, que tengas un permiso de conducir v\u00e1lido.  Cuando hace buen tiempo, me gusta pasar tiempo al aire libre en mi jard\u00edn.<\/p><p>Est\u00e1s contratado por una organizaci\u00f3n de asistencia que se encarga de todas las cuestiones organizativas, como contratos, facturaci\u00f3n, etc.<\/p><p>Necesito apoyo en todos los cuidados, tareas dom\u00e9sticas, acompa\u00f1amiento a salidas y citas y asistencia en cualquier actividad.<\/p><p>Como vivo con asistencia las veinticuatro horas del d\u00eda, los horarios de los turnos son fijos.<\/p><p>Si est\u00e1 buscando trabajo, me encantar\u00eda saber de usted y conocerle personalmente.<\/p><p>La experiencia en cuidados o asistencia es estupenda, pero no imprescindible. La fiabilidad, la franqueza y la interacci\u00f3n relajada y respetuosa son importantes para m\u00ed.<\/p><p><strong>\u00bfLe interesa?<\/strong><\/p><\/div><\/div><\/div><\/div><\/div><\/div><div class=\"row\"><div class=\"col-12 col-lg-9 unterseitenText\"><p>Esperamos recibir su solicitud. Por favor, env\u00ede sus documentos de solicitud a trav\u00e9s del formulario de solicitud en l\u00ednea o por correo electr\u00f3nico a: <strong><a href=\"mailto:bewerbung@zsl-erlangen.de\" target=\"_blank\" rel=\"noopener\">bewerbung@zsl-erlangen.de<\/a><\/strong><\/p><p><strong>Si tiene alguna pregunta, tambi\u00e9n puede ponerse en contacto con nuestra responsable del servicio de enfermer\u00eda, Jutta Becker, en el tel\u00e9fono 09131\/98783-20.<\/strong><\/p><\/div><\/div>\t\t\t\t\t\t\t\t<\/div>\n\t\t\t\t<div class=\"elementor-element elementor-element-2b03a43 elementor-align-left elementor-widget elementor-widget-button\" data-id=\"2b03a43\" data-element_type=\"widget\" data-e-type=\"widget\" data-widget_type=\"button.default\">\n\t\t\t\t\t\t\t\t\t\t<a class=\"elementor-button elementor-button-link elementor-size-sm\" href=\"https:\/\/zsl-erlangen.de\/es\/formulario-de-solicitud\/\">\n\t\t\t\t\t\t<span class=\"elementor-button-content-wrapper\">\n\t\t\t\t\t\t\t\t\t<span class=\"elementor-button-text\">Al formulario de solicitud en l\u00ednea<\/span>\n\t\t\t\t\t<\/span>\n\t\t\t\t\t<\/a>\n\t\t\t\t\t\t\t\t<\/div>\n\t\t\t\t<\/div>\n\t\t\t\t\t<\/div>\n\t\t\t\t<\/div>\n\t\t\t\t<\/div>\n\t\t\t\t<\/div>","protected":false},"excerpt":{"rendered":"<p>Assistenzteam Rene \u00a0 Hey, ich bin Rene, 39 Jahre alt, lebe in Herzogenaurach und bin ab C4 querschnittgel\u00e4hmt. Ich wohne selbstst\u00e4ndig in meinen eigenen vier W\u00e4nden und suche ab sofort Unterst\u00fctzung f\u00fcr mein Assistententeam. Ich bin unternehmungslustig und besitze ein eigenes Auto. Hier ist es zum Vorteil, und mir sehr wichtig, dass du eine g\u00fcltige [&hellip;]<\/p>\n","protected":false},"author":1,"featured_media":0,"parent":0,"menu_order":0,"comment_status":"closed","ping_status":"closed","template":"","meta":{"footnotes":""},"class_list":["post-4983","page","type-page","status-publish","hentry"],"_links":{"self":[{"href":"https:\/\/zsl-erlangen.de\/es\/wp-json\/wp\/v2\/pages\/4983","targetHints":{"allow":["GET"]}}],"collection":[{"href":"https:\/\/zsl-erlangen.de\/es\/wp-json\/wp\/v2\/pages"}],"about":[{"href":"https:\/\/zsl-erlangen.de\/es\/wp-json\/wp\/v2\/types\/page"}],"author":[{"embeddable":true,"href":"https:\/\/zsl-erlangen.de\/es\/wp-json\/wp\/v2\/users\/1"}],"replies":[{"embeddable":true,"href":"https:\/\/zsl-erlangen.de\/es\/wp-json\/wp\/v2\/comments?post=4983"}],"version-history":[{"count":7,"href":"https:\/\/zsl-erlangen.de\/es\/wp-json\/wp\/v2\/pages\/4983\/revisions"}],"predecessor-version":[{"id":5003,"href":"https:\/\/zsl-erlangen.de\/es\/wp-json\/wp\/v2\/pages\/4983\/revisions\/5003"}],"wp:attachment":[{"href":"https:\/\/zsl-erlangen.de\/es\/wp-json\/wp\/v2\/media?parent=4983"}],"curies":[{"name":"wp","href":"https:\/\/api.w.org\/{rel}","templated":true}]}}