{"id":4988,"date":"2026-04-29T09:11:25","date_gmt":"2026-04-29T09:11:25","guid":{"rendered":"https:\/\/zsl.webwolfdesign.eu\/?page_id=4988"},"modified":"2026-04-29T09:57:32","modified_gmt":"2026-04-29T09:57:32","slug":"oferta-de-empleo-asistencia-parental-en-eckental","status":"publish","type":"page","link":"https:\/\/zsl-erlangen.de\/es\/oferta-de-empleo-asistencia-parental-en-eckental\/","title":{"rendered":"Stellenangebot- Elternassistenz in Eckental"},"content":{"rendered":"<div data-elementor-type=\"wp-page\" data-elementor-id=\"4988\" class=\"elementor elementor-4988\" data-elementor-post-type=\"page\">\n\t\t\t\t<div class=\"elementor-element elementor-element-5897030 e-con-full e-flex e-con e-parent\" data-id=\"5897030\" data-element_type=\"container\" data-e-type=\"container\" data-settings=\"{&quot;background_background&quot;:&quot;classic&quot;}\">\n\t\t<div class=\"elementor-element elementor-element-e70512f e-flex e-con-boxed e-con e-child\" data-id=\"e70512f\" data-element_type=\"container\" data-e-type=\"container\">\n\t\t\t\t\t<div class=\"e-con-inner\">\n\t\t<div class=\"elementor-element elementor-element-588dc43 e-con-full e-flex e-con e-child\" data-id=\"588dc43\" data-element_type=\"container\" data-e-type=\"container\" data-settings=\"{&quot;background_background&quot;:&quot;classic&quot;}\">\n\t\t\t\t<div class=\"elementor-element elementor-element-677444f elementor-widget elementor-widget-text-editor\" data-id=\"677444f\" data-element_type=\"widget\" data-e-type=\"widget\" data-widget_type=\"text-editor.default\">\n\t\t\t\t\t\t\t\t\t<div class=\"row\"><div class=\"col-12 col-lg-9\"><div class=\"row\"><div class=\"col-12 col-lg-9\"><div class=\"row\"><div class=\"col-12 col-lg-9\"><h2><span style=\"color: #750000;\"><strong>Asistencia parental en Eckental<\/strong><\/span><\/h2><\/div><\/div><div class=\"row\"><div class=\"col-12 col-lg-9 unterseitenText\"><p><strong>Con coraz\u00f3n para las peque\u00f1as aventuras: \u00a1convi\u00e9rtete en asistente de padres en Eckental!<\/strong><\/p><p>\u00bfTe gustar\u00eda apoyar a una familia en la vida cotidiana y acompa\u00f1ar a dos ni\u00f1os felices (1 y 3 a\u00f1os)?<br \/>Para nuestro cliente en Eckental estamos buscando un<strong>\u00a0Empleado en r\u00e9gimen de miniempleo<\/strong>.<\/p><p><strong>Tu horario de trabajo:<\/strong><br \/>Lunes y mi\u00e9rcoles, 15:00 - 19:00<\/p><ul><li><strong>Tus tareas:<\/strong><br \/>- Apoyo a la madre con discapacidad f\u00edsica<br \/>- Ayuda en la vida cotidiana: por ejemplo, subir y bajar a los ni\u00f1os por las escaleras, acompa\u00f1arlos a actividades de ocio y a citas...\u00a0<br \/><br \/><\/li><li><strong>Lo que llevas contigo:<\/strong><br \/>- Respeto y empat\u00eda en el trato con personas discapacitadas<br \/>- Aceptaci\u00f3n de la responsabilidad parental de la madre<br \/>- No se requiere titulaci\u00f3n<br \/>- Certificado de buena conducta\u00a0<br \/><br \/><\/li><li><strong>Ofrecemos:<\/strong><br \/>- Pago seg\u00fan AVR Diakonie Bayern<br \/>- Formaci\u00f3n en primeros auxilios para ni\u00f1os\u201e<br \/><br \/><\/li><\/ul><p><strong style=\"font-family: -apple-system, BlinkMacSystemFont, 'Segoe UI', Roboto, 'Helvetica Neue', Arial, 'Noto Sans', sans-serif, 'Apple Color Emoji', 'Segoe UI Emoji', 'Segoe UI Symbol', 'Noto Color Emoji';\">\u00bfLe interesa?<\/strong><\/p><\/div><\/div><\/div><\/div><\/div><\/div><div class=\"row\"><div class=\"col-12 col-lg-9 unterseitenText\"><p>Esperamos recibir su solicitud. Por favor, env\u00ede sus documentos de solicitud a trav\u00e9s del formulario de solicitud en l\u00ednea o por correo electr\u00f3nico a: <strong><a href=\"mailto:bewerbung@zsl-erlangen.de\" target=\"_blank\" rel=\"noopener\">bewerbung@zsl-erlangen.de<\/a><\/strong><\/p><p><strong>Si tiene alguna pregunta, tambi\u00e9n puede ponerse en contacto con nuestra responsable del servicio de enfermer\u00eda, Jutta Becker, en el tel\u00e9fono 09131\/98783-20.<\/strong><\/p><\/div><\/div>\t\t\t\t\t\t\t\t<\/div>\n\t\t\t\t<div class=\"elementor-element elementor-element-2b03a43 elementor-align-left elementor-widget elementor-widget-button\" data-id=\"2b03a43\" data-element_type=\"widget\" data-e-type=\"widget\" data-widget_type=\"button.default\">\n\t\t\t\t\t\t\t\t\t\t<a class=\"elementor-button elementor-button-link elementor-size-sm\" href=\"https:\/\/zsl-erlangen.de\/es\/formulario-de-solicitud\/\">\n\t\t\t\t\t\t<span class=\"elementor-button-content-wrapper\">\n\t\t\t\t\t\t\t\t\t<span class=\"elementor-button-text\">Al formulario de solicitud en l\u00ednea<\/span>\n\t\t\t\t\t<\/span>\n\t\t\t\t\t<\/a>\n\t\t\t\t\t\t\t\t<\/div>\n\t\t\t\t<\/div>\n\t\t\t\t\t<\/div>\n\t\t\t\t<\/div>\n\t\t\t\t<\/div>\n\t\t\t\t<\/div>","protected":false},"excerpt":{"rendered":"<p>Eltternassistenz in Eckental Mit Herz f\u00fcr kleine Abenteuer \u2013 werden Sie Elternassistenz in Eckental! Sie m\u00f6chten eine Familie im Alltag unterst\u00fctzen und dabei zwei fr\u00f6hliche Kinder (1 &amp; 3 Jahre) begleiten?F\u00fcr unsere Kundin in Eckental suchen ein\u00a0Mitarbeiter*in auf Minijob-Basis. Ihre Einsatzzeiten:Mo &amp; Mi, 15:00 \u2013 19:00 Uhr Ihre Aufgaben:\u2022 Unterst\u00fctzung der k\u00f6rperlich eingeschr\u00e4nkten Mutter\u2022 Hilfe [&hellip;]<\/p>\n","protected":false},"author":1,"featured_media":0,"parent":0,"menu_order":0,"comment_status":"closed","ping_status":"closed","template":"","meta":{"footnotes":""},"class_list":["post-4988","page","type-page","status-publish","hentry"],"_links":{"self":[{"href":"https:\/\/zsl-erlangen.de\/es\/wp-json\/wp\/v2\/pages\/4988","targetHints":{"allow":["GET"]}}],"collection":[{"href":"https:\/\/zsl-erlangen.de\/es\/wp-json\/wp\/v2\/pages"}],"about":[{"href":"https:\/\/zsl-erlangen.de\/es\/wp-json\/wp\/v2\/types\/page"}],"author":[{"embeddable":true,"href":"https:\/\/zsl-erlangen.de\/es\/wp-json\/wp\/v2\/users\/1"}],"replies":[{"embeddable":true,"href":"https:\/\/zsl-erlangen.de\/es\/wp-json\/wp\/v2\/comments?post=4988"}],"version-history":[{"count":10,"href":"https:\/\/zsl-erlangen.de\/es\/wp-json\/wp\/v2\/pages\/4988\/revisions"}],"predecessor-version":[{"id":5028,"href":"https:\/\/zsl-erlangen.de\/es\/wp-json\/wp\/v2\/pages\/4988\/revisions\/5028"}],"wp:attachment":[{"href":"https:\/\/zsl-erlangen.de\/es\/wp-json\/wp\/v2\/media?parent=4988"}],"curies":[{"name":"wp","href":"https:\/\/api.w.org\/{rel}","templated":true}]}}