{"id":4993,"date":"2026-04-29T09:17:36","date_gmt":"2026-04-29T09:17:36","guid":{"rendered":"https:\/\/zsl.webwolfdesign.eu\/?page_id=4993"},"modified":"2026-04-29T10:03:01","modified_gmt":"2026-04-29T10:03:01","slug":"oferta-de-empleo-practicas-para-estudiantes-mujeres","status":"publish","type":"page","link":"https:\/\/zsl-erlangen.de\/es\/oferta-de-empleo-practicas-para-estudiantes-mujeres\/","title":{"rendered":"Stellenangebot &#8211; Praktikum fuer Student*innen"},"content":{"rendered":"<div data-elementor-type=\"wp-page\" data-elementor-id=\"4993\" class=\"elementor elementor-4993\" data-elementor-post-type=\"page\">\n\t\t\t\t<div class=\"elementor-element elementor-element-5897030 e-con-full e-flex e-con e-parent\" data-id=\"5897030\" data-element_type=\"container\" data-e-type=\"container\" data-settings=\"{&quot;background_background&quot;:&quot;classic&quot;}\">\n\t\t<div class=\"elementor-element elementor-element-e70512f e-flex e-con-boxed e-con e-child\" data-id=\"e70512f\" data-element_type=\"container\" data-e-type=\"container\">\n\t\t\t\t\t<div class=\"e-con-inner\">\n\t\t<div class=\"elementor-element elementor-element-588dc43 e-con-full e-flex e-con e-child\" data-id=\"588dc43\" data-element_type=\"container\" data-e-type=\"container\" data-settings=\"{&quot;background_background&quot;:&quot;classic&quot;}\">\n\t\t\t\t<div class=\"elementor-element elementor-element-677444f elementor-widget elementor-widget-text-editor\" data-id=\"677444f\" data-element_type=\"widget\" data-e-type=\"widget\" data-widget_type=\"text-editor.default\">\n\t\t\t\t\t\t\t\t\t<div class=\"row\"><div class=\"col-12 col-lg-9\"><div class=\"row\"><div class=\"col-12 col-lg-9\"><div class=\"row\"><div class=\"col-12 col-lg-9\"><h2 class=\"text-center\"><span style=\"color: #7d0000;\"><strong>Ofrecemos pr\u00e1cticas para estudiantes en nuestro departamento de Counselling.Education.Encounters.<\/strong><\/span><\/h2><h5><span style=\"color: #000000;\"><strong>Sobre nosotros:<\/strong><\/span><\/h5><p>ZSL e.V. fue fundada en 1988 por activistas como organizaci\u00f3n sin \u00e1nimo de lucro para la autorrepresentaci\u00f3n de personas con discapacidad. Seg\u00fan su lema\u00a0<em>\u201e\u00a1Nada sobre nosotros sin nosotros!\u201c\u00a0<\/em>En la actualidad, personas con y sin discapacidad trabajan juntas por el objetivo de que las personas puedan participar en igualdad de condiciones en todos los \u00e1mbitos de la vida. Estamos comprometidos con una aut\u00e9ntica inclusi\u00f3n y ofrecemos una amplia gama de servicios que ayudan a las personas con discapacidad a llevar una vida autodeterminada.<\/p><p>Como servicio para personas con discapacidad, ofrecemos:<\/p><p><strong>Consultor\u00eda.<\/strong><\/p><p>Ofrecemos a personas con discapacidad, familiares e instituciones asesoramiento social sobre todos los aspectos de la discapacidad.<\/p><p><strong>Educaci\u00f3n.<\/strong><\/p><p>Queremos sensibilizar a la opini\u00f3n p\u00fablica sobre los problemas de las personas con discapacidad. Mediante talleres, seminarios y lecturas, queremos llamar la atenci\u00f3n sobre las barreras, el capacitismo y las estructuras discriminatorias.\u00a0<\/p><p><strong>Encuentro.<\/strong><\/p><p>Creamos espacios de encuentro abiertos a todos. Para ello, ofrecemos diversos actos en los que pueden reunirse personas con y sin discapacidad.<\/p><h2><span style=\"color: #7d0000;\"><strong>Requisitos previos<\/strong><\/span><\/h2><p><strong>Quieres asegurarte de que...<\/strong><\/p><ul><li>las personas discapacitadas son aceptadas en su diversidad en la sociedad y la discapacidad es percibida y reconocida como parte de la normalidad y la diversidad humanas.<\/li><li>todos los servicios del espacio social pueden ser utilizados por personas con discapacidad.<\/li><li>Se da voz a personas cuyas preocupaciones leg\u00edtimas a menudo se ignoran.<\/li><\/ul><p><strong><br \/>Tu perfil<\/strong><\/p><ul><li>Estar matriculado en trabajo social, pedagog\u00eda social, pedagog\u00eda curativa o una titulaci\u00f3n similar.<\/li><li>Le gustar\u00eda apoyar a nuestros especialistas en la planificaci\u00f3n, organizaci\u00f3n y realizaci\u00f3n de actos y ofertas educativas, as\u00ed como en el asesoramiento a personas con discapacidades.<\/li><li>Te identificas con la misi\u00f3n de ZSL e.V. y te gustar\u00eda aprender m\u00e1s sobre la autodeterminaci\u00f3n y la participaci\u00f3n.<\/li><li>Eres fiable y tienes una forma de trabajar independiente<\/li><\/ul><p><strong><br \/>Sus ventajas<\/strong><\/p><ul><li>Trabajar en un equipo peque\u00f1o con di\u00e1logo regular<\/li><li>Un ambiente de trabajo motivado y muy bueno<\/li><li>Libertad para aportar tus propias ideas y probar cosas<\/li><li>Horario de trabajo flexible<\/li><li>Vivimos la inclusi\u00f3n. En nuestra empresa trabajan codo con codo personas con y sin discapacidad.<\/li><\/ul><p><strong><br \/>\u00bfLe interesa?<\/strong><\/p><p>\u00bfHemos despertado su inter\u00e9s?<\/p><p>Env\u00ede su solicitud con documentos detallados a<\/p><p>Exclusivamente por correo electr\u00f3nico:\u00a0<a title=\"bewerbung@zsl-erlangen.de\" href=\"mailto:bewerbung@zsl-erlangen.de\">bewerbung@zsl-erlangen.de<\/a><\/p><\/div><\/div><\/div><\/div><\/div><\/div>\t\t\t\t\t\t\t\t<\/div>\n\t\t\t\t<\/div>\n\t\t\t\t\t<\/div>\n\t\t\t\t<\/div>\n\t\t\t\t<\/div>\n\t\t\t\t<\/div>","protected":false},"excerpt":{"rendered":"<p>Wir bieten Praktikumspl\u00e4tze f\u00fcr Student*innen in unserem Bereich Beratung.Bildung.Begegnung. \u00dcber uns: Das ZSL e.V. wurde 1988 von Aktivist*innen als gemeinn\u00fctziger Verein zur Selbstvertretung von Menschen mit Behinderung gegr\u00fcndet. Nach dem Motto:\u00a0\u201eNichts \u00fcber uns ohne uns!\u201c\u00a0Arbeiten heute Menschen mit und ohne Behinderung zusammen an dem Ziel, Menschen eine gleichberechtigte Teilhabe in allen Lebensbereichen zu erm\u00f6glichen. Wir [&hellip;]<\/p>\n","protected":false},"author":1,"featured_media":0,"parent":0,"menu_order":0,"comment_status":"closed","ping_status":"closed","template":"","meta":{"footnotes":""},"class_list":["post-4993","page","type-page","status-publish","hentry"],"_links":{"self":[{"href":"https:\/\/zsl-erlangen.de\/es\/wp-json\/wp\/v2\/pages\/4993","targetHints":{"allow":["GET"]}}],"collection":[{"href":"https:\/\/zsl-erlangen.de\/es\/wp-json\/wp\/v2\/pages"}],"about":[{"href":"https:\/\/zsl-erlangen.de\/es\/wp-json\/wp\/v2\/types\/page"}],"author":[{"embeddable":true,"href":"https:\/\/zsl-erlangen.de\/es\/wp-json\/wp\/v2\/users\/1"}],"replies":[{"embeddable":true,"href":"https:\/\/zsl-erlangen.de\/es\/wp-json\/wp\/v2\/comments?post=4993"}],"version-history":[{"count":10,"href":"https:\/\/zsl-erlangen.de\/es\/wp-json\/wp\/v2\/pages\/4993\/revisions"}],"predecessor-version":[{"id":5031,"href":"https:\/\/zsl-erlangen.de\/es\/wp-json\/wp\/v2\/pages\/4993\/revisions\/5031"}],"wp:attachment":[{"href":"https:\/\/zsl-erlangen.de\/es\/wp-json\/wp\/v2\/media?parent=4993"}],"curies":[{"name":"wp","href":"https:\/\/api.w.org\/{rel}","templated":true}]}}