{"id":1148,"date":"2025-11-23T11:38:47","date_gmt":"2025-11-23T11:38:47","guid":{"rendered":"https:\/\/zsl.webwolfdesign.eu\/?page_id=1148"},"modified":"2026-04-22T21:50:52","modified_gmt":"2026-04-22T21:50:52","slug":"abw-bamberg-langue-facile","status":"publish","type":"page","link":"https:\/\/zsl-erlangen.de\/fr\/abw-bamberg-langue-facile\/","title":{"rendered":"ABW Bamberg-leichte-sprache"},"content":{"rendered":"<div data-elementor-type=\"wp-page\" data-elementor-id=\"1148\" class=\"elementor elementor-1148\" data-elementor-post-type=\"page\">\n\t\t\t\t<main class=\"elementor-element elementor-element-2ba99af e-con-full e-flex e-con e-parent\" data-id=\"2ba99af\" data-element_type=\"container\" data-e-type=\"container\">\n\t\t<div class=\"elementor-element elementor-element-340dc04 e-con-full e-flex e-con e-child\" data-id=\"340dc04\" data-element_type=\"container\" data-e-type=\"container\" data-settings=\"{&quot;background_background&quot;:&quot;classic&quot;}\">\n\t\t\t\t<div class=\"elementor-element elementor-element-d278a97 elementor-widget elementor-widget-heading\" data-id=\"d278a97\" data-element_type=\"widget\" data-e-type=\"widget\" data-widget_type=\"heading.default\">\n\t\t\t\t\t<h2 class=\"elementor-heading-title elementor-size-default\">Page en langage simple<\/h2>\t\t\t\t<\/div>\n\t\t<div class=\"elementor-element elementor-element-fe7abfc e-con-full e-flex e-con e-child\" data-id=\"fe7abfc\" data-element_type=\"container\" data-e-type=\"container\">\n\t\t<div class=\"elementor-element elementor-element-3d492fe e-con-full e-flex e-con e-child\" data-id=\"3d492fe\" data-element_type=\"container\" data-e-type=\"container\" data-settings=\"{&quot;background_background&quot;:&quot;gradient&quot;}\">\n\t\t\t\t<div class=\"elementor-element elementor-element-69d8a55 elementor-widget elementor-widget-heading\" data-id=\"69d8a55\" data-element_type=\"widget\" data-e-type=\"widget\" data-widget_type=\"heading.default\">\n\t\t\t\t\t<h2 class=\"elementor-heading-title elementor-size-default\">Habitation accompagn\u00e9e ambulante -Bamberg <\/h2>\t\t\t\t<\/div>\n\t\t\t\t<div class=\"elementor-element elementor-element-94e22f8 elementor-widget elementor-widget-text-editor\" data-id=\"94e22f8\" data-element_type=\"widget\" data-e-type=\"widget\" data-widget_type=\"text-editor.default\">\n\t\t\t\t\t\t\t\t\t<p>Le logement assist\u00e9 facilite la vie.<\/p>\t\t\t\t\t\t\t\t<\/div>\n\t\t\t\t<\/div>\n\t\t<div class=\"elementor-element elementor-element-5e47714 e-con-full e-flex e-con e-child\" data-id=\"5e47714\" data-element_type=\"container\" data-e-type=\"container\">\n\t\t\t\t<div class=\"elementor-element elementor-element-5c727f2 elementor-widget elementor-widget-image\" data-id=\"5c727f2\" data-element_type=\"widget\" data-e-type=\"widget\" data-widget_type=\"image.default\">\n\t\t\t\t\t\t\t\t\t\t\t\t\t\t\t<img fetchpriority=\"high\" decoding=\"async\" width=\"1500\" height=\"630\" src=\"https:\/\/zsl-erlangen.de\/wp-content\/uploads\/2026\/04\/abw-bamberg.jpg\" class=\"attachment-full size-full wp-image-4147\" alt=\"ambulantes-wohnen-bamberg\" srcset=\"https:\/\/zsl-erlangen.de\/wp-content\/uploads\/2026\/04\/abw-bamberg.jpg 1500w, https:\/\/zsl-erlangen.de\/wp-content\/uploads\/2026\/04\/abw-bamberg-300x126.jpg 300w, https:\/\/zsl-erlangen.de\/wp-content\/uploads\/2026\/04\/abw-bamberg-1024x430.jpg 1024w, https:\/\/zsl-erlangen.de\/wp-content\/uploads\/2026\/04\/abw-bamberg-768x323.jpg 768w, https:\/\/zsl-erlangen.de\/wp-content\/uploads\/2026\/04\/abw-bamberg-18x8.jpg 18w\" sizes=\"(max-width: 1500px) 100vw, 1500px\" \/>\t\t\t\t\t\t\t\t\t\t\t\t\t\t\t<\/div>\n\t\t\t\t<\/div>\n\t\t\t\t<\/div>\n\t\t<div class=\"elementor-element elementor-element-527d80a e-con-full e-flex e-con e-child\" data-id=\"527d80a\" data-element_type=\"container\" data-e-type=\"container\">\n\t\t<div class=\"elementor-element elementor-element-d90d4ba e-con-full e-flex e-con e-child\" data-id=\"d90d4ba\" data-element_type=\"container\" data-e-type=\"container\" data-settings=\"{&quot;background_background&quot;:&quot;classic&quot;}\">\n\t\t<div class=\"elementor-element elementor-element-2bfd754 e-con-full e-flex e-con e-child\" data-id=\"2bfd754\" data-element_type=\"container\" data-e-type=\"container\" data-settings=\"{&quot;background_background&quot;:&quot;classic&quot;}\">\n\t\t<div class=\"elementor-element elementor-element-6039212 e-con-full e-flex e-con e-child\" data-id=\"6039212\" data-element_type=\"container\" data-e-type=\"container\">\n\t\t\t\t<div class=\"elementor-element elementor-element-fb59ef6 elementor-widget elementor-widget-heading\" data-id=\"fb59ef6\" data-element_type=\"widget\" data-e-type=\"widget\" data-widget_type=\"heading.default\">\n\t\t\t\t\t<h2 class=\"elementor-heading-title elementor-size-default\">\u00c0 propos de nous<\/h2>\t\t\t\t<\/div>\n\t\t\t\t<div class=\"elementor-element elementor-element-e8ffb4e elementor-widget elementor-widget-text-editor\" data-id=\"e8ffb4e\" data-element_type=\"widget\" data-e-type=\"widget\" data-widget_type=\"text-editor.default\">\n\t\t\t\t\t\t\t\t\t<p data-start=\"0\" data-end=\"200\">Le site <strong data-start=\"4\" data-end=\"40\">Logement accompagn\u00e9 de mani\u00e8re ambulatoire (ABW)<\/strong> aide les personnes handicap\u00e9es.<br data-start=\"72\" data-end=\"75\" \/>Ils peuvent ainsi <strong data-start=\"89\" data-end=\"106\" data-is-only-node=\"\">ind\u00e9pendant<\/strong> et <strong data-start=\"111\" data-end=\"129\">autod\u00e9termin\u00e9<\/strong> vivre - dans la <strong data-start=\"145\" data-end=\"164\">propre logement<\/strong> ou dans une <strong data-start=\"179\" data-end=\"199\">Appartement partag\u00e9<\/strong>.<\/p><p data-start=\"202\" data-end=\"315\">L'aide sera <strong data-start=\"217\" data-end=\"234\">exactement adapt\u00e9<\/strong> pr\u00e9vue.<br data-start=\"243\" data-end=\"246\" \/>Nous regardons : <strong data-start=\"259\" data-end=\"280\" data-is-only-node=\"\">De quoi avez-vous besoin ?<\/strong> Et <strong data-start=\"285\" data-end=\"315\">qu'est-ce qui convient \u00e0 votre quotidien ?<\/strong><\/p><p data-start=\"317\" data-end=\"460\">Nous vous soutenons <strong data-start=\"338\" data-end=\"350\">flexible<\/strong>:<br data-start=\"351\" data-end=\"354\" \/>Parfois seulement <strong data-start=\"367\" data-end=\"397\" data-is-only-node=\"\">quelques heures par semaine<\/strong>.<br data-start=\"398\" data-end=\"401\" \/>Ou encore <strong data-start=\"411\" data-end=\"429\">plus souvent et plus<\/strong>, Si vous avez besoin de plus d'aide, n'h\u00e9sitez pas \u00e0 nous contacter.<\/p>\t\t\t\t\t\t\t\t<\/div>\n\t\t\t\t<\/div>\n\t\t\t\t<\/div>\n\t\t<div class=\"elementor-element elementor-element-32dfecb e-con-full e-flex e-con e-child\" data-id=\"32dfecb\" data-element_type=\"container\" data-e-type=\"container\" data-settings=\"{&quot;background_background&quot;:&quot;classic&quot;}\">\n\t\t<div class=\"elementor-element elementor-element-959b3b7 e-con-full e-flex e-con e-child\" data-id=\"959b3b7\" data-element_type=\"container\" data-e-type=\"container\" data-settings=\"{&quot;background_background&quot;:&quot;classic&quot;}\">\n\t\t\t\t<div class=\"elementor-element elementor-element-dbb4a3a elementor-widget elementor-widget-heading\" data-id=\"dbb4a3a\" data-element_type=\"widget\" data-e-type=\"widget\" data-widget_type=\"heading.default\">\n\t\t\t\t\t<h2 class=\"elementor-heading-title elementor-size-default\">Qu'offrons-nous ?<\/h2>\t\t\t\t<\/div>\n\t\t\t\t<div class=\"elementor-element elementor-element-35541af elementor-widget elementor-widget-text-editor\" data-id=\"35541af\" data-element_type=\"widget\" data-e-type=\"widget\" data-widget_type=\"text-editor.default\">\n\t\t\t\t\t\t\t\t\t<p data-start=\"49\" data-end=\"145\">Notre <strong data-start=\"55\" data-end=\"74\">\u00e9quipe professionnelle<\/strong> vous soutient dans de nombreuses t\u00e2ches importantes de la vie quotidienne.<br data-start=\"129\" data-end=\"132\" \/>Par exemple<\/p><ul data-start=\"147\" data-end=\"539\" data-is-last-node=\"\" data-is-only-node=\"\"><li data-start=\"147\" data-end=\"180\"><p data-start=\"149\" data-end=\"180\"><strong data-start=\"149\" data-end=\"178\">Vivre chez soi<\/strong><\/p><\/li><li data-start=\"181\" data-end=\"276\"><p data-start=\"183\" data-end=\"276\"><strong data-start=\"183\" data-end=\"203\">Aide pratique<\/strong> pour la vie quotidienne (par exemple pour faire les courses, cuisiner ou s'organiser)<\/p><\/li><li data-start=\"277\" data-end=\"346\"><p data-start=\"279\" data-end=\"346\"><strong data-start=\"279\" data-end=\"308\">\u00c9tablir des contacts sociaux<\/strong> et les contacts existants <strong data-start=\"333\" data-end=\"344\">entretenir<\/strong><\/p><\/li><li data-start=\"347\" data-end=\"406\"><p data-start=\"349\" data-end=\"406\"><strong data-start=\"349\" data-end=\"385\">Aide dans les situations difficiles<\/strong> et en cas de conflit<\/p><\/li><li data-start=\"407\" data-end=\"467\"><p data-start=\"409\" data-end=\"467\"><strong data-start=\"409\" data-end=\"439\">Soutien aupr\u00e8s des autorit\u00e9s<\/strong> et pour <strong data-start=\"448\" data-end=\"465\">Rendez-vous chez le m\u00e9decin<\/strong><\/p><\/li><li data-start=\"468\" data-end=\"539\" data-is-last-node=\"\"><p data-start=\"470\" data-end=\"539\" data-is-last-node=\"\"><strong data-start=\"470\" data-end=\"492\">Organiser son temps libre<\/strong> et <strong data-start=\"497\" data-end=\"539\" data-is-last-node=\"\">participer \u00e0 la vie sociale<\/strong><\/p><\/li><\/ul>\t\t\t\t\t\t\t\t<\/div>\n\t\t\t\t<\/div>\n\t\t\t\t<\/div>\n\t\t<div class=\"elementor-element elementor-element-525fc37 e-con-full e-flex e-con e-child\" data-id=\"525fc37\" data-element_type=\"container\" data-e-type=\"container\" data-settings=\"{&quot;background_background&quot;:&quot;classic&quot;}\">\n\t\t<div class=\"elementor-element elementor-element-ab1bfd9 e-con-full e-flex e-con e-child\" data-id=\"ab1bfd9\" data-element_type=\"container\" data-e-type=\"container\">\n\t\t\t\t<div class=\"elementor-element elementor-element-4c753d6 elementor-widget elementor-widget-heading\" data-id=\"4c753d6\" data-element_type=\"widget\" data-e-type=\"widget\" data-widget_type=\"heading.default\">\n\t\t\t\t\t<h2 class=\"elementor-heading-title elementor-size-default\">Contact<\/h2>\t\t\t\t<\/div>\n\t\t\t\t<div class=\"elementor-element elementor-element-13ba617 elementor-widget elementor-widget-text-editor\" data-id=\"13ba617\" data-element_type=\"widget\" data-e-type=\"widget\" data-widget_type=\"text-editor.default\">\n\t\t\t\t\t\t\t\t\t<p class=\"p1\">L'ABW fournit ses services sur place \u00e0 Bamberg. <\/p><p class=\"p1\">Tout ce qui concerne l'organisation se fait au si\u00e8ge d'Erlangen.<\/p><p class=\"p1\">N'h\u00e9sitez pas \u00e0 nous contacter si vous \u00eates int\u00e9ress\u00e9s ou si vous avez des questions :<\/p><p>Email :\u00a0<a href=\"mailto:briefkasten@zsl-erlangen.de\">briefkasten@zsl-erlangen.de<\/a><\/p><p class=\"p1\">T\u00e9l : 09131 987830<\/p>\t\t\t\t\t\t\t\t<\/div>\n\t\t\t\t<\/div>\n\t\t\t\t<\/div>\n\t\t\t\t<\/div>\n\t\t\t\t<\/div>\n\t\t\t\t<\/div>\n\t\t\t\t<\/main>\n\t\t\t\t<\/div>","protected":false},"excerpt":{"rendered":"<p>Seite in einfacher Sprache Ambulant begleitetes Wohnen -Bamberg Das betreute Wohnen macht Leben leichter. \u00dcber uns Das Ambulant begleitete Wohnen (ABW) hilft Menschen mit Behinderung.So k\u00f6nnen sie selbstst\u00e4ndig und selbstbestimmt leben \u2013 in der eigenen Wohnung oder in einer Wohngemeinschaft. Die Hilfe wird genau passend geplant.Wir schauen: Was brauchen Sie? Und was passt zu Ihrem [&hellip;]<\/p>\n","protected":false},"author":1,"featured_media":0,"parent":0,"menu_order":0,"comment_status":"closed","ping_status":"closed","template":"","meta":{"footnotes":""},"class_list":["post-1148","page","type-page","status-publish","hentry"],"_links":{"self":[{"href":"https:\/\/zsl-erlangen.de\/fr\/wp-json\/wp\/v2\/pages\/1148","targetHints":{"allow":["GET"]}}],"collection":[{"href":"https:\/\/zsl-erlangen.de\/fr\/wp-json\/wp\/v2\/pages"}],"about":[{"href":"https:\/\/zsl-erlangen.de\/fr\/wp-json\/wp\/v2\/types\/page"}],"author":[{"embeddable":true,"href":"https:\/\/zsl-erlangen.de\/fr\/wp-json\/wp\/v2\/users\/1"}],"replies":[{"embeddable":true,"href":"https:\/\/zsl-erlangen.de\/fr\/wp-json\/wp\/v2\/comments?post=1148"}],"version-history":[{"count":41,"href":"https:\/\/zsl-erlangen.de\/fr\/wp-json\/wp\/v2\/pages\/1148\/revisions"}],"predecessor-version":[{"id":4732,"href":"https:\/\/zsl-erlangen.de\/fr\/wp-json\/wp\/v2\/pages\/1148\/revisions\/4732"}],"wp:attachment":[{"href":"https:\/\/zsl-erlangen.de\/fr\/wp-json\/wp\/v2\/media?parent=1148"}],"curies":[{"name":"wp","href":"https:\/\/api.w.org\/{rel}","templated":true}]}}