{"id":1755,"date":"2025-11-27T15:16:50","date_gmt":"2025-11-27T15:16:50","guid":{"rendered":"https:\/\/zsl.webwolfdesign.eu\/?page_id=1755"},"modified":"2026-05-05T17:24:37","modified_gmt":"2026-05-05T17:24:37","slug":"mentions-legales","status":"publish","type":"page","link":"https:\/\/zsl-erlangen.de\/fr\/mentions-legales\/","title":{"rendered":"Mentions l\u00e9gales"},"content":{"rendered":"<div data-elementor-type=\"wp-page\" data-elementor-id=\"1755\" class=\"elementor elementor-1755\" data-elementor-post-type=\"page\">\n\t\t\t\t<div class=\"elementor-element elementor-element-3531bda e-con-full e-flex e-con e-child\" data-id=\"3531bda\" data-element_type=\"container\" data-e-type=\"container\">\n\t\t<div class=\"elementor-element elementor-element-3f77a37 e-flex e-con-boxed e-con e-child\" data-id=\"3f77a37\" data-element_type=\"container\" data-e-type=\"container\" data-settings=\"{&quot;background_background&quot;:&quot;classic&quot;}\">\n\t\t\t\t\t<div class=\"e-con-inner\">\n\t\t<div class=\"elementor-element elementor-element-fd0b7ae e-con-full e-flex e-con e-child\" data-id=\"fd0b7ae\" data-element_type=\"container\" data-e-type=\"container\" data-settings=\"{&quot;background_background&quot;:&quot;classic&quot;}\">\n\t\t\t\t<div class=\"elementor-element elementor-element-2c6af1d elementor-widget__width-initial elementor-widget elementor-widget-heading\" data-id=\"2c6af1d\" data-element_type=\"widget\" data-e-type=\"widget\" data-widget_type=\"heading.default\">\n\t\t\t\t\t<h1 class=\"elementor-heading-title elementor-size-default\">Mentions l\u00e9gales<\/h1>\t\t\t\t<\/div>\n\t\t\t\t<\/div>\n\t\t<div class=\"elementor-element elementor-element-c5c1d42 e-con-full e-flex e-con e-child\" data-id=\"c5c1d42\" data-element_type=\"container\" data-e-type=\"container\" data-settings=\"{&quot;background_background&quot;:&quot;classic&quot;}\">\n\t\t<div class=\"elementor-element elementor-element-6004111 e-con-full e-flex e-con e-child\" data-id=\"6004111\" data-element_type=\"container\" data-e-type=\"container\">\n\t\t\t\t<div class=\"elementor-element elementor-element-3da9374 elementor-widget elementor-widget-text-editor\" data-id=\"3da9374\" data-element_type=\"widget\" data-e-type=\"widget\" data-widget_type=\"text-editor.default\">\n\t\t\t\t\t\t\t\t\t<div class=\"row\"><p><strong>Centre pour la vie autonome des handicap\u00e9s e.V. Erlangen<\/strong><\/p><p>42\/44, rue Luitpold<br \/>91052 Erlangen<\/p><p>T\u00e9l\u00e9phone : 09131 987830<br \/>Courrier \u00e9lectronique : <a href=\"mailto:briefkasten@zsl-erlangen.de\">briefkasten@zsl-erlangen.de<\/a><\/p><p><strong>Repr\u00e9sent\u00e9 par :<\/strong><br \/>Comit\u00e9 ex\u00e9cutif - Christian Pfeuffer<br \/>Comit\u00e9s directeurs : Theresia Herden, Sylke Stricker, Marie Sieger, Josef Fleischmann, Samuel Faber<\/p><p><strong>Datenschutzbeauftragter:<br \/><\/strong><a href=\"mailto:datenschutz@zsl-erlangen.de\">datenschutz@zsl-erlangen.de<\/a><\/p><p><strong>Inscription au registre :<\/strong><br \/>Inscrit au registre des associations.<br \/>Tribunal d'enregistrement : Tribunal d'instance de F\u00fcrth<br \/>Num\u00e9ro d'enregistrement : VR 20908<\/p><p><strong>Num\u00e9ro de TVA intracommunautaire : <\/strong><br \/>Num\u00e9ro d'identification de la taxe sur le chiffre d'affaires conform\u00e9ment au \u00a727a de la loi sur la taxe sur le chiffre d'affaires :<br \/>216\/111\/70022<\/p><div class=\"col-12 col-lg-9\"><strong><span style=\"font-family: -apple-system, BlinkMacSystemFont, 'Segoe UI', Roboto, 'Helvetica Neue', Arial, 'Noto Sans', sans-serif, 'Apple Color Emoji', 'Segoe UI Emoji', 'Segoe UI Symbol', 'Noto Color Emoji';\">Conception, design et programmation :<\/span><\/strong><\/div><\/div><div class=\"row\"><div class=\"col-12 col-lg-9 unterseitenText\"><p>Webwolfdesign \u00a0|\u00a0 Freiberuflicher Webdesigner<br \/><a href=\"https:\/\/webwolfdesign.de\" target=\"_blank\" rel=\"noopener\">webwolfdesign.de<\/a><\/p><p>Ces mentions l\u00e9gales sont \u00e9galement valables pour les pages Internet suivantes :<\/p><p><a href=\"https:\/\/www.teilhabeberatung-mittelfranken.de\/\" target=\"_blank\" rel=\"noopener\">Conseil en mati\u00e8re de handicap - Mittelfranken.de<\/a><br \/>est responsable du contenu :<br \/>Roman Kollar (adresse comme ci-dessus)<\/p><p><a class=\"ext\" href=\"http:\/\/froschatmung.de\/\" target=\"_blank\" rel=\"noopener noreferrer\">respiration de la grenouille.fr<\/a><br \/>est responsable du contenu :<br \/>Rainer Ke\u00dfler (adresse comme ci-dessus)<\/p><p><strong>Clause de non-responsabilit\u00e9, limitation de responsabilit\u00e9 et informations juridiques<\/strong><\/p><p>Les informations de ce site web ont \u00e9t\u00e9 \u00e9labor\u00e9es et contr\u00f4l\u00e9es avec le plus grand soin et en toute conscience. Ind\u00e9pendamment de cela, nous n'assumons aucune responsabilit\u00e9 ni garantie quant \u00e0 l'exactitude, l'exhaustivit\u00e9 et l'actualit\u00e9. L'actualit\u00e9 et le caract\u00e8re obligatoire des informations ne peuvent pas \u00eatre garantis malgr\u00e9 des r\u00e9visions continues.<\/p><p>Il en va de m\u00eame pour toutes les autres pages web auxquelles il est fait r\u00e9f\u00e9rence par renvoi ou par lien pour l'utilisation de contenus \u00e9trangers conform\u00e9ment au \u00a7 8 de la loi allemande sur les t\u00e9l\u00e9m\u00e9dias (TMG). Nous n'assumons aucune responsabilit\u00e9 pour les contenus Internet li\u00e9s, car ceux-ci ne refl\u00e8tent aucun contenu propre sans notre obligation de surveillance et de contr\u00f4le. Lors de la premi\u00e8re connexion \u00e0 ces offres Internet, nous avons v\u00e9rifi\u00e9 que ces contenus \u00e9trangers ne pr\u00e9sentaient pas de violations du droit civil ou p\u00e9nal, \u00e0 ce moment-l\u00e0, de telles violations n'\u00e9taient pas reconnaissables.<\/p><p>Les contenus publi\u00e9s ne constituent pas un conseil contraignant ou juridique, aucun conseil juridique n'est fourni. Pour des conseils et des questions personnelles, veuillez vous adresser \u00e0\u00a0<a href=\"https:\/\/zsl-erlangen.de\/fr\/contact\/\" target=\"_blank\" rel=\"noopener\">Contact<\/a>\u00a0de prendre contact avec nous et de fixer un rendez-vous.<\/p><p>Toute autre utilisation ou reproduction de nos contenus publi\u00e9s ici n\u00e9cessite notre accord \u00e9crit. Si vous souhaitez utiliser des parties ou des contenus de nos pages, veuillez nous contacter.<\/p><p>L'utilisation par des tiers des donn\u00e9es de contact publi\u00e9es dans le cadre des mentions l\u00e9gales obligatoires pour l'envoi de publicit\u00e9 et de mat\u00e9riel d'information non express\u00e9ment demand\u00e9s est express\u00e9ment interdite. Les exploitants des pages se r\u00e9servent express\u00e9ment le droit d'engager des poursuites judiciaires en cas d'envoi non sollicit\u00e9 d'informations publicitaires, par exemple par le biais de spams.<\/p><\/div><\/div>\t\t\t\t\t\t\t\t<\/div>\n\t\t\t\t<\/div>\n\t\t\t\t<\/div>\n\t\t\t\t\t<\/div>\n\t\t\t\t<\/div>\n\t\t\t\t<\/div>\n\t\t\t\t<\/div>","protected":false},"excerpt":{"rendered":"<p>Impressum Zentrum f\u00fcr Selbstbestimmtes Leben Behinderter e.V. Erlangen Luitpoldstra\u00dfe 42\/4491052 Erlangen Telefon: 09131 987830E-Mail: briefkasten@zsl-erlangen.de Vertreten durch:Gesch\u00e4ftsf\u00fchrender Vorstand &#8211; Christian PfeufferVorst\u00e4nde: Theresia Herden, Sylke Stricker, Marie Sieger, Josef Fleischmann, Samuel Faber Datenschutzbeauftragter:datenschutz@zsl-erlangen.de Registereintrag:Eingetragen im Vereinsregister.Registergericht: Amtsgericht F\u00fcrthRegisternummer: VR 20908 Umsatzsteuer-ID: Umsatzsteuer-Identifikationsnummer nach \u00a727a Umsatzsteuergesetz:216\/111\/70022 Konzeption, Design und Programmierung: Webwolfdesign \u00a0|\u00a0 Freiberuflicher Webdesignerwebwolfdesign.de Dieses Impressum gilt [&hellip;]<\/p>\n","protected":false},"author":1,"featured_media":0,"parent":0,"menu_order":0,"comment_status":"closed","ping_status":"closed","template":"","meta":{"footnotes":""},"class_list":["post-1755","page","type-page","status-publish","hentry"],"_links":{"self":[{"href":"https:\/\/zsl-erlangen.de\/fr\/wp-json\/wp\/v2\/pages\/1755","targetHints":{"allow":["GET"]}}],"collection":[{"href":"https:\/\/zsl-erlangen.de\/fr\/wp-json\/wp\/v2\/pages"}],"about":[{"href":"https:\/\/zsl-erlangen.de\/fr\/wp-json\/wp\/v2\/types\/page"}],"author":[{"embeddable":true,"href":"https:\/\/zsl-erlangen.de\/fr\/wp-json\/wp\/v2\/users\/1"}],"replies":[{"embeddable":true,"href":"https:\/\/zsl-erlangen.de\/fr\/wp-json\/wp\/v2\/comments?post=1755"}],"version-history":[{"count":28,"href":"https:\/\/zsl-erlangen.de\/fr\/wp-json\/wp\/v2\/pages\/1755\/revisions"}],"predecessor-version":[{"id":5318,"href":"https:\/\/zsl-erlangen.de\/fr\/wp-json\/wp\/v2\/pages\/1755\/revisions\/5318"}],"wp:attachment":[{"href":"https:\/\/zsl-erlangen.de\/fr\/wp-json\/wp\/v2\/media?parent=1755"}],"curies":[{"name":"wp","href":"https:\/\/api.w.org\/{rel}","templated":true}]}}