{"id":1771,"date":"2025-11-27T15:30:37","date_gmt":"2025-11-27T15:30:37","guid":{"rendered":"https:\/\/zsl.webwolfdesign.eu\/?page_id=1771"},"modified":"2026-04-23T11:54:50","modified_gmt":"2026-04-23T11:54:50","slug":"faire-un-don","status":"publish","type":"page","link":"https:\/\/zsl-erlangen.de\/fr\/faire-un-don\/","title":{"rendered":"Spenden"},"content":{"rendered":"<div data-elementor-type=\"wp-page\" data-elementor-id=\"1771\" class=\"elementor elementor-1771\" data-elementor-post-type=\"page\">\n\t\t\t\t<div class=\"elementor-element elementor-element-c317c4e e-con-full e-flex e-con e-child\" data-id=\"c317c4e\" data-element_type=\"container\" data-e-type=\"container\">\n\t\t<div class=\"elementor-element elementor-element-1619ea3 e-flex e-con-boxed e-con e-child\" data-id=\"1619ea3\" data-element_type=\"container\" data-e-type=\"container\" data-settings=\"{&quot;background_background&quot;:&quot;classic&quot;}\">\n\t\t\t\t\t<div class=\"e-con-inner\">\n\t\t<div class=\"elementor-element elementor-element-25371ee e-con-full e-flex e-con e-child\" data-id=\"25371ee\" data-element_type=\"container\" data-e-type=\"container\" data-settings=\"{&quot;background_background&quot;:&quot;classic&quot;}\">\n\t\t<div class=\"elementor-element elementor-element-b0a602b e-con-full e-flex e-con e-child\" data-id=\"b0a602b\" data-element_type=\"container\" data-e-type=\"container\">\n\t\t<div class=\"elementor-element elementor-element-98ed0a8 e-con-full e-flex e-con e-child\" data-id=\"98ed0a8\" data-element_type=\"container\" data-e-type=\"container\" data-settings=\"{&quot;background_background&quot;:&quot;classic&quot;}\">\n\t\t<div class=\"elementor-element elementor-element-6dfe663 e-con-full e-flex e-con e-child\" data-id=\"6dfe663\" data-element_type=\"container\" data-e-type=\"container\">\n\t\t\t\t<div class=\"elementor-element elementor-element-1191ad0 elementor-widget elementor-widget-heading\" data-id=\"1191ad0\" data-element_type=\"widget\" data-e-type=\"widget\" data-widget_type=\"heading.default\">\n\t\t\t\t\t<h2 class=\"elementor-heading-title elementor-size-default\">Soutenez notre activit\u00e9 en faisant un don !<\/h2>\t\t\t\t<\/div>\n\t\t\t\t<\/div>\n\t\t<div class=\"elementor-element elementor-element-50d9e46 e-con-full e-flex e-con e-child\" data-id=\"50d9e46\" data-element_type=\"container\" data-e-type=\"container\">\n\t\t\t\t<div class=\"elementor-element elementor-element-fa0c7cc elementor-widget elementor-widget-image\" data-id=\"fa0c7cc\" data-element_type=\"widget\" data-e-type=\"widget\" data-widget_type=\"image.default\">\n\t\t\t\t\t\t\t\t\t\t\t\t\t\t\t<img fetchpriority=\"high\" decoding=\"async\" width=\"800\" height=\"336\" src=\"https:\/\/zsl-erlangen.de\/wp-content\/uploads\/2025\/11\/spenden-1024x430.jpg\" class=\"attachment-large size-large wp-image-1778\" alt=\"collecter des dons en se tenant les coudes\" srcset=\"https:\/\/zsl-erlangen.de\/wp-content\/uploads\/2025\/11\/spenden-1024x430.jpg 1024w, https:\/\/zsl-erlangen.de\/wp-content\/uploads\/2025\/11\/spenden-300x126.jpg 300w, https:\/\/zsl-erlangen.de\/wp-content\/uploads\/2025\/11\/spenden-768x323.jpg 768w, https:\/\/zsl-erlangen.de\/wp-content\/uploads\/2025\/11\/spenden.jpg 1500w\" sizes=\"(max-width: 800px) 100vw, 800px\" \/>\t\t\t\t\t\t\t\t\t\t\t\t\t\t\t<\/div>\n\t\t\t\t<\/div>\n\t\t\t\t<\/div>\n\t\t\t\t<div class=\"elementor-element elementor-element-8939c85 elementor-widget elementor-widget-text-editor\" data-id=\"8939c85\" data-element_type=\"widget\" data-e-type=\"widget\" data-widget_type=\"text-editor.default\">\n\t\t\t\t\t\t\t\t\t<p>La Convention relative aux droits des personnes handicap\u00e9es a consacr\u00e9 le droit des personnes handicap\u00e9es \u00e0 l'\u00e9galit\u00e9 des choix, \u00e0 la pleine inclusion dans la soci\u00e9t\u00e9 et \u00e0 la participation \u00e0 la communaut\u00e9.<\/p><div class=\"row\"><div class=\"col-12 col-lg-9 unterseitenText\"><p>C'est l'objectif que nous poursuivons au Zentrum f\u00fcr Selbstbestimmtes Leben Behinderter (ZSL e.V.) depuis la cr\u00e9ation de notre association en 1988, en nous engageant pour l'\u00e9galit\u00e9 des chances, l'autod\u00e9termination et la participation sociale de toutes les personnes handicap\u00e9es, par exemple par le biais de<\/p><ul><li>consultation gratuite et confidentielle<\/li><li>Conseil par des conseillers qui sont eux-m\u00eames handicap\u00e9s (peer counselor)<\/li><li>S\u00e9ances d'information du ZSL sur les projets de loi<\/li><li>des \u00e9v\u00e9nements de rencontre pour permettre et entretenir des contacts en dehors des institutions d'aide aux personnes handicap\u00e9es<\/li><\/ul><p>Les diff\u00e9rents projets du ZSL sont subventionn\u00e9s par le district de Moyenne-Franconie, le Land de Bavi\u00e8re, le minist\u00e8re f\u00e9d\u00e9ral du Travail et des Affaires sociales et l'Aktion Mensch, mais il doit assumer lui-m\u00eame une part importante des co\u00fbts.<\/p><p>Merci de soutenir notre travail en faisant un don :<\/p><\/div><\/div>\t\t\t\t\t\t\t\t<\/div>\n\t\t<div class=\"elementor-element elementor-element-2585dfe e-con-full e-flex e-con e-child\" data-id=\"2585dfe\" data-element_type=\"container\" data-e-type=\"container\">\n\t\t<div class=\"elementor-element elementor-element-5e42b4c e-con-full e-flex e-con e-child\" data-id=\"5e42b4c\" data-element_type=\"container\" data-e-type=\"container\" data-settings=\"{&quot;background_background&quot;:&quot;classic&quot;}\">\n\t\t\t\t<div class=\"elementor-element elementor-element-5e931d4 elementor-widget elementor-widget-text-editor\" data-id=\"5e931d4\" data-element_type=\"widget\" data-e-type=\"widget\" data-widget_type=\"text-editor.default\">\n\t\t\t\t\t\t\t\t\t<p>B\u00e9n\u00e9ficiaire : ZSL e.V. - Erlangen<br \/>IBAN : DE64 7635 0000 1061 0249 07<br \/>Mot-cl\u00e9 du don : don de soutien<br \/>BIC\/SWIFT : BYLADEM1ERH<br \/>Caisse d'\u00e9pargne d'Erlangen<\/p>\t\t\t\t\t\t\t\t<\/div>\n\t\t\t\t<\/div>\n\t\t<div class=\"elementor-element elementor-element-b569c4b e-con-full e-flex e-con e-child\" data-id=\"b569c4b\" data-element_type=\"container\" data-e-type=\"container\">\n\t\t\t\t<\/div>\n\t\t\t\t<\/div>\n\t\t\t\t<div class=\"elementor-element elementor-element-5fd56ca elementor-widget elementor-widget-text-editor\" data-id=\"5fd56ca\" data-element_type=\"widget\" data-e-type=\"widget\" data-widget_type=\"text-editor.default\">\n\t\t\t\t\t\t\t\t\t<p>Remarque : nous sommes habilit\u00e9s \u00e0 attribuer des amendes.<\/p>\t\t\t\t\t\t\t\t<\/div>\n\t\t\t\t<\/div>\n\t\t\t\t<\/div>\n\t\t\t\t\t<\/div>\n\t\t\t\t<\/div>\n\t\t\t\t<\/div>\n\t\t\t\t<\/div>","protected":false},"excerpt":{"rendered":"<p>Unterst\u00fctzen Sie unsere T\u00e4tigkeit durch eine Spende! Die Behindertenrechtskonvention hat das Recht von Menschen mit Behinderung auf die gleichen Wahlm\u00f6glichkeiten, auf volle Einbeziehung in die Gesellschaft und Teilhabe an der Gemeinschaft festgeschrieben. Dieses Ziel verfolgen wir im Zentrum f\u00fcr Selbstbestimmtes Leben Behinderter (ZSL e.V.) seit unserer Vereinsgr\u00fcndung 1988, indem wir uns f\u00fcr Chancengleichheit, Selbstbestimmung und [&hellip;]<\/p>\n","protected":false},"author":1,"featured_media":0,"parent":0,"menu_order":0,"comment_status":"closed","ping_status":"closed","template":"","meta":{"footnotes":""},"class_list":["post-1771","page","type-page","status-publish","hentry"],"_links":{"self":[{"href":"https:\/\/zsl-erlangen.de\/fr\/wp-json\/wp\/v2\/pages\/1771","targetHints":{"allow":["GET"]}}],"collection":[{"href":"https:\/\/zsl-erlangen.de\/fr\/wp-json\/wp\/v2\/pages"}],"about":[{"href":"https:\/\/zsl-erlangen.de\/fr\/wp-json\/wp\/v2\/types\/page"}],"author":[{"embeddable":true,"href":"https:\/\/zsl-erlangen.de\/fr\/wp-json\/wp\/v2\/users\/1"}],"replies":[{"embeddable":true,"href":"https:\/\/zsl-erlangen.de\/fr\/wp-json\/wp\/v2\/comments?post=1771"}],"version-history":[{"count":19,"href":"https:\/\/zsl-erlangen.de\/fr\/wp-json\/wp\/v2\/pages\/1771\/revisions"}],"predecessor-version":[{"id":4856,"href":"https:\/\/zsl-erlangen.de\/fr\/wp-json\/wp\/v2\/pages\/1771\/revisions\/4856"}],"wp:attachment":[{"href":"https:\/\/zsl-erlangen.de\/fr\/wp-json\/wp\/v2\/media?parent=1771"}],"curies":[{"name":"wp","href":"https:\/\/api.w.org\/{rel}","templated":true}]}}