{"id":2217,"date":"2026-01-10T13:14:59","date_gmt":"2026-01-10T13:14:59","guid":{"rendered":"https:\/\/zsl.webwolfdesign.eu\/?page_id=2217"},"modified":"2026-04-23T11:19:38","modified_gmt":"2026-04-23T11:19:38","slug":"devenir-membre","status":"publish","type":"page","link":"https:\/\/zsl-erlangen.de\/fr\/devenir-membre\/","title":{"rendered":"Devenir membre"},"content":{"rendered":"<div data-elementor-type=\"wp-page\" data-elementor-id=\"2217\" class=\"elementor elementor-2217\" data-elementor-post-type=\"page\">\n\t\t\t\t<div class=\"elementor-element elementor-element-be57fef e-con-full e-flex e-con e-child\" data-id=\"be57fef\" data-element_type=\"container\" data-e-type=\"container\" data-settings=\"{&quot;background_background&quot;:&quot;classic&quot;}\">\n\t\t<div class=\"elementor-element elementor-element-a4a3f48 e-flex e-con-boxed e-con e-child\" data-id=\"a4a3f48\" data-element_type=\"container\" data-e-type=\"container\" data-settings=\"{&quot;background_background&quot;:&quot;classic&quot;}\">\n\t\t\t\t\t<div class=\"e-con-inner\">\n\t\t<div class=\"elementor-element elementor-element-849e6f3 e-con-full e-flex e-con e-child\" data-id=\"849e6f3\" data-element_type=\"container\" data-e-type=\"container\" data-settings=\"{&quot;background_background&quot;:&quot;classic&quot;}\">\n\t\t\t\t<div class=\"elementor-element elementor-element-b49f432 elementor-widget__width-initial elementor-widget elementor-widget-heading\" data-id=\"b49f432\" data-element_type=\"widget\" data-e-type=\"widget\" data-widget_type=\"heading.default\">\n\t\t\t\t\t<h2 class=\"elementor-heading-title elementor-size-default\">Devenir membre<\/h2>\t\t\t\t<\/div>\n\t\t\t\t<\/div>\n\t\t<div class=\"elementor-element elementor-element-464432e e-con-full e-flex e-con e-child\" data-id=\"464432e\" data-element_type=\"container\" data-e-type=\"container\" data-settings=\"{&quot;background_background&quot;:&quot;classic&quot;}\">\n\t\t<div class=\"elementor-element elementor-element-81246ee e-con-full e-flex e-con e-child\" data-id=\"81246ee\" data-element_type=\"container\" data-e-type=\"container\">\n\t\t\t\t<div class=\"elementor-element elementor-element-edac9ab elementor-widget elementor-widget-text-editor\" data-id=\"edac9ab\" data-element_type=\"widget\" data-e-type=\"widget\" data-widget_type=\"text-editor.default\">\n\t\t\t\t\t\t\t\t\t<p data-start=\"0\" data-end=\"290\">Devenez membre du Zentrum f\u00fcr Selbstbestimmtes Leben Behinderter e.V. (ZSL e.V.) et soutenez ainsi notre devise \u201eRien sur nous sans nous !\u201c, qui existe depuis 1988 : autorepr\u00e9sentation, inclusion et participation \u00e9galitaire des personnes handicap\u00e9es.<\/p><p data-start=\"292\" data-end=\"550\">En devenant membre, vous renforcez notre travail d'utilit\u00e9 publique - conseil (OBA\/EUTB), offres de l'organisation d'assistance \u00e0 Erlangen ainsi que projets et actions pour l'accessibilit\u00e9 et la prise de conscience.<\/p><p data-start=\"552\" data-end=\"573\">Adh\u00e9sion :<\/p><ul><li data-start=\"574\" data-end=\"728\"><p data-start=\"576\" data-end=\"728\">Droit de vote pour les personnes handicap\u00e9es\/malades chroniques \u00e0 partir de 16 ans : participation aux d\u00e9cisions de l'assembl\u00e9e g\u00e9n\u00e9rale.<\/p><\/li><li data-start=\"731\" data-end=\"856\">Membre de soutien : soutenir, participer et faire des propositions, mais sans droit de vote.<\/li><\/ul><p data-start=\"731\" data-end=\"856\">Cotisation : 30 \u20ac par an (\u00e9tat 2026), payable avant le 30 juin ; dans des cas justifi\u00e9s, une r\u00e9duction, un report ou une remise est possible.<\/p>\t\t\t\t\t\t\t\t<\/div>\n\t\t<div class=\"elementor-element elementor-element-9f52164 e-con-full e-transform e-flex e-con e-child\" data-id=\"9f52164\" data-element_type=\"container\" data-e-type=\"container\" data-settings=\"{&quot;background_background&quot;:&quot;classic&quot;,&quot;_transform_flipX_effect&quot;:&quot;transform&quot;}\">\n\t\t<div class=\"elementor-element elementor-element-20029fa e-con-full elementor-hidden-mobile e-flex e-con e-child\" data-id=\"20029fa\" data-element_type=\"container\" data-e-type=\"container\">\n\t\t\t\t<\/div>\n\t\t<div class=\"elementor-element elementor-element-2bb0bde e-con-full e-transform e-flex e-con e-child\" data-id=\"2bb0bde\" data-element_type=\"container\" data-e-type=\"container\" data-settings=\"{&quot;background_background&quot;:&quot;classic&quot;,&quot;_transform_flipX_effect&quot;:&quot;transform&quot;}\">\n\t\t\t\t<div class=\"elementor-element elementor-element-c0c4d3d elementor-widget elementor-widget-heading\" data-id=\"c0c4d3d\" data-element_type=\"widget\" data-e-type=\"widget\" data-widget_type=\"heading.default\">\n\t\t\t\t\t<h2 class=\"elementor-heading-title elementor-size-default\">Participez - et aidez \u00e0 faire avancer concr\u00e8tement l'autod\u00e9termination et l'inclusion !<\/h2>\t\t\t\t<\/div>\n\t\t\t\t<div class=\"elementor-element elementor-element-2deb9f8 elementor-widget elementor-widget-button\" data-id=\"2deb9f8\" data-element_type=\"widget\" data-e-type=\"widget\" data-widget_type=\"button.default\">\n\t\t\t\t\t\t\t\t\t\t<a class=\"elementor-button elementor-button-link elementor-size-sm\" href=\"https:\/\/zsl-erlangen.de\/wp-content\/uploads\/2026\/01\/Antrag-auf-Mitgliedschaft.pdf\">\n\t\t\t\t\t\t<span class=\"elementor-button-content-wrapper\">\n\t\t\t\t\t\t\t\t\t<span class=\"elementor-button-text\">T\u00e9l\u00e9charger le formulaire d'adh\u00e9sion<\/span>\n\t\t\t\t\t<\/span>\n\t\t\t\t\t<\/a>\n\t\t\t\t\t\t\t\t<\/div>\n\t\t\t\t<\/div>\n\t\t\t\t<\/div>\n\t\t\t\t<\/div>\n\t\t\t\t<\/div>\n\t\t\t\t\t<\/div>\n\t\t\t\t<\/div>\n\t\t\t\t<\/div>\n\t\t\t\t<\/div>","protected":false},"excerpt":{"rendered":"<p>Mitglied werden Werden Sie Mitglied im Zentrum f\u00fcr Selbstbestimmtes Leben Behinderter e.V. (ZSL e.V.) und unterst\u00fctzen Sie damit, unser seit 1988 bestehendes Motto \u201eNichts \u00fcber uns ohne uns!\u201c: Selbstvertretung, Inklusion und gleichberechtigte Teilhabe von Menschen mit Behinderung. Mit Ihrer Mitgliedschaft st\u00e4rken Sie unsere gemeinn\u00fctzige Arbeit \u2013 Beratung (OBA\/EUTB), Angebote der AssistenzOrganisation in Erlangen sowie Projekte [&hellip;]<\/p>\n","protected":false},"author":1,"featured_media":0,"parent":0,"menu_order":0,"comment_status":"closed","ping_status":"closed","template":"","meta":{"footnotes":""},"class_list":["post-2217","page","type-page","status-publish","hentry"],"_links":{"self":[{"href":"https:\/\/zsl-erlangen.de\/fr\/wp-json\/wp\/v2\/pages\/2217","targetHints":{"allow":["GET"]}}],"collection":[{"href":"https:\/\/zsl-erlangen.de\/fr\/wp-json\/wp\/v2\/pages"}],"about":[{"href":"https:\/\/zsl-erlangen.de\/fr\/wp-json\/wp\/v2\/types\/page"}],"author":[{"embeddable":true,"href":"https:\/\/zsl-erlangen.de\/fr\/wp-json\/wp\/v2\/users\/1"}],"replies":[{"embeddable":true,"href":"https:\/\/zsl-erlangen.de\/fr\/wp-json\/wp\/v2\/comments?post=2217"}],"version-history":[{"count":28,"href":"https:\/\/zsl-erlangen.de\/fr\/wp-json\/wp\/v2\/pages\/2217\/revisions"}],"predecessor-version":[{"id":4808,"href":"https:\/\/zsl-erlangen.de\/fr\/wp-json\/wp\/v2\/pages\/2217\/revisions\/4808"}],"wp:attachment":[{"href":"https:\/\/zsl-erlangen.de\/fr\/wp-json\/wp\/v2\/media?parent=2217"}],"curies":[{"name":"wp","href":"https:\/\/api.w.org\/{rel}","templated":true}]}}