{"id":2710,"date":"2026-01-25T10:10:08","date_gmt":"2026-01-25T10:10:08","guid":{"rendered":"https:\/\/zsl.webwolfdesign.eu\/?page_id=2710"},"modified":"2026-05-04T11:48:33","modified_gmt":"2026-05-04T11:48:33","slug":"commune-inclusive","status":"publish","type":"page","link":"https:\/\/zsl-erlangen.de\/fr\/commune-inclusive\/","title":{"rendered":"Commune Inclusif"},"content":{"rendered":"<div data-elementor-type=\"wp-page\" data-elementor-id=\"2710\" class=\"elementor elementor-2710\" data-elementor-post-type=\"page\">\n\t\t\t\t<main class=\"elementor-element elementor-element-3742bb2 e-con-full e-flex e-con e-parent\" data-id=\"3742bb2\" data-element_type=\"container\" data-e-type=\"container\">\n\t\t<main class=\"elementor-element elementor-element-04e5ded e-con-full e-flex e-con e-child\" data-id=\"04e5ded\" data-element_type=\"container\" data-e-type=\"container\" data-settings=\"{&quot;background_background&quot;:&quot;classic&quot;}\">\n\t\t<div class=\"elementor-element elementor-element-6b7690c e-con-full e-flex e-con e-child\" data-id=\"6b7690c\" data-element_type=\"container\" data-e-type=\"container\">\n\t\t<div class=\"elementor-element elementor-element-331b01b e-con-full e-flex e-con e-child\" data-id=\"331b01b\" data-element_type=\"container\" data-e-type=\"container\" data-settings=\"{&quot;background_background&quot;:&quot;gradient&quot;}\">\n\t\t\t\t<div class=\"elementor-element elementor-element-fe5af18 elementor-widget elementor-widget-text-editor\" data-id=\"fe5af18\" data-element_type=\"widget\" data-e-type=\"widget\" data-widget_type=\"text-editor.default\">\n\t\t\t\t\t\t\t\t\t<p>Projet 2018 - 2023<\/p>\t\t\t\t\t\t\t\t<\/div>\n\t\t\t\t<div class=\"elementor-element elementor-element-1c00135 elementor-widget elementor-widget-heading\" data-id=\"1c00135\" data-element_type=\"widget\" data-e-type=\"widget\" data-widget_type=\"heading.default\">\n\t\t\t\t\t<h1 class=\"elementor-heading-title elementor-size-default\">Commune Inclusif<\/h1>\t\t\t\t<\/div>\n\t\t\t\t<div class=\"elementor-element elementor-element-7259806 elementor-widget elementor-widget-text-editor\" data-id=\"7259806\" data-element_type=\"widget\" data-e-type=\"widget\" data-widget_type=\"text-editor.default\">\n\t\t\t\t\t\t\t\t\t<p>L'inclusion commence par l'attitude int\u00e9rieure<\/p>\t\t\t\t\t\t\t\t<\/div>\n\t\t\t\t<\/div>\n\t\t<div class=\"elementor-element elementor-element-9a6c2d8 e-con-full e-flex e-con e-child\" data-id=\"9a6c2d8\" data-element_type=\"container\" data-e-type=\"container\">\n\t\t\t\t<div class=\"elementor-element elementor-element-8f16d34 elementor-widget elementor-widget-image\" data-id=\"8f16d34\" data-element_type=\"widget\" data-e-type=\"widget\" data-widget_type=\"image.default\">\n\t\t\t\t\t\t\t\t\t\t\t\t\t\t\t<img fetchpriority=\"high\" decoding=\"async\" width=\"1500\" height=\"630\" src=\"https:\/\/zsl-erlangen.de\/wp-content\/uploads\/2026\/01\/projekt-kommune-inklusiv.jpg\" class=\"attachment-full size-full wp-image-2549\" alt=\"Projet-Commune-Inclusive-Erlangen\" srcset=\"https:\/\/zsl-erlangen.de\/wp-content\/uploads\/2026\/01\/projekt-kommune-inklusiv.jpg 1500w, https:\/\/zsl-erlangen.de\/wp-content\/uploads\/2026\/01\/projekt-kommune-inklusiv-300x126.jpg 300w, https:\/\/zsl-erlangen.de\/wp-content\/uploads\/2026\/01\/projekt-kommune-inklusiv-1024x430.jpg 1024w, https:\/\/zsl-erlangen.de\/wp-content\/uploads\/2026\/01\/projekt-kommune-inklusiv-768x323.jpg 768w\" sizes=\"(max-width: 1500px) 100vw, 1500px\" \/>\t\t\t\t\t\t\t\t\t\t\t\t\t\t\t<\/div>\n\t\t\t\t<\/div>\n\t\t\t\t<\/div>\n\t\t<div class=\"elementor-element elementor-element-acaf4ad e-flex e-con-boxed e-con e-child\" data-id=\"acaf4ad\" data-element_type=\"container\" data-e-type=\"container\">\n\t\t\t\t\t<div class=\"e-con-inner\">\n\t\t<div class=\"elementor-element elementor-element-88e7c4b e-con-full e-flex e-con e-child\" data-id=\"88e7c4b\" data-element_type=\"container\" data-e-type=\"container\" data-settings=\"{&quot;background_background&quot;:&quot;classic&quot;}\">\n\t\t<div class=\"elementor-element elementor-element-f10393b e-con-full e-flex e-con e-child\" data-id=\"f10393b\" data-element_type=\"container\" data-e-type=\"container\" data-settings=\"{&quot;background_background&quot;:&quot;classic&quot;}\">\n\t\t<div class=\"elementor-element elementor-element-d46c1d6 e-con-full e-flex e-con e-child\" data-id=\"d46c1d6\" data-element_type=\"container\" data-e-type=\"container\">\n\t\t<div class=\"elementor-element elementor-element-930254a e-con-full e-flex e-con e-child\" data-id=\"930254a\" data-element_type=\"container\" data-e-type=\"container\" data-settings=\"{&quot;background_background&quot;:&quot;classic&quot;}\">\n\t\t<div class=\"elementor-element elementor-element-d36aa82 e-con-full e-flex e-con e-child\" data-id=\"d36aa82\" data-element_type=\"container\" data-e-type=\"container\">\n\t\t\t\t<div class=\"elementor-element elementor-element-9a011eb elementor-widget elementor-widget-heading\" data-id=\"9a011eb\" data-element_type=\"widget\" data-e-type=\"widget\" data-widget_type=\"heading.default\">\n\t\t\t\t\t<h2 class=\"elementor-heading-title elementor-size-default\">Le projet \u201eKommune Inklusiv Erlangen\u201c (commune inclusive d'Erlangen)\u201c<\/h2>\t\t\t\t<\/div>\n\t\t\t\t<div class=\"elementor-element elementor-element-f058269 elementor-widget elementor-widget-text-editor\" data-id=\"f058269\" data-element_type=\"widget\" data-e-type=\"widget\" data-widget_type=\"text-editor.default\">\n\t\t\t\t\t\t\t\t\t<p>Le projet Kommune Inklusiv poursuivait la vision d'une coexistence color\u00e9e et respectueuse \u00e0 Erlangen. Il ne s'agissait pas seulement de supprimer des barri\u00e8res concr\u00e8tes ou de pr\u00e9venir l'exclusion et la solitude. Il s'agissait en fait de faire d'Erlangen un lieu o\u00f9 chacun peut \u00eatre ce qu'il est. Un lieu o\u00f9 il est normal d'\u00eatre diff\u00e9rent. Un lieu o\u00f9 les relations se d\u00e9veloppent, o\u00f9 chacun peut s'\u00e9panouir individuellement et s'engager pour la communaut\u00e9 selon ses possibilit\u00e9s.<\/p>\t\t\t\t\t\t\t\t<\/div>\n\t\t\t\t<\/div>\n\t\t<div class=\"elementor-element elementor-element-d699f10 e-con-full e-flex e-con e-child\" data-id=\"d699f10\" data-element_type=\"container\" data-e-type=\"container\">\n\t\t\t\t<div class=\"elementor-element elementor-element-472d24d elementor-widget elementor-widget-video\" data-id=\"472d24d\" data-element_type=\"widget\" data-e-type=\"widget\" data-settings=\"{&quot;youtube_url&quot;:&quot;https:\\\/\\\/youtu.be\\\/DSE-xIkEkGU?si=DK9be7FtdmY1KQSm&quot;,&quot;video_type&quot;:&quot;youtube&quot;,&quot;controls&quot;:&quot;yes&quot;}\" data-widget_type=\"video.default\">\n\t\t\t\t\t\t\t<div class=\"elementor-wrapper elementor-open-inline\">\n\t\t\t<div class=\"elementor-video\"><\/div>\t\t<\/div>\n\t\t\t\t\t\t<\/div>\n\t\t\t\t<\/div>\n\t\t\t\t<\/div>\n\t\t\t\t<\/div>\n\t\t<div class=\"elementor-element elementor-element-6246443 e-con-full e-flex e-con e-child\" data-id=\"6246443\" data-element_type=\"container\" data-e-type=\"container\" data-settings=\"{&quot;background_background&quot;:&quot;classic&quot;}\">\n\t\t<div class=\"elementor-element elementor-element-dc731e8 e-con-full e-flex e-con e-child\" data-id=\"dc731e8\" data-element_type=\"container\" data-e-type=\"container\" data-settings=\"{&quot;background_background&quot;:&quot;classic&quot;}\">\n\t\t\t\t<div class=\"elementor-element elementor-element-de1578a elementor-widget elementor-widget-heading\" data-id=\"de1578a\" data-element_type=\"widget\" data-e-type=\"widget\" data-widget_type=\"heading.default\">\n\t\t\t\t\t<h2 class=\"elementor-heading-title elementor-size-default\">Commune Inclusif au niveau national<\/h2>\t\t\t\t<\/div>\n\t\t\t\t<div class=\"elementor-element elementor-element-7b2f070 elementor-widget elementor-widget-text-editor\" data-id=\"7b2f070\" data-element_type=\"widget\" data-e-type=\"widget\" data-widget_type=\"text-editor.default\">\n\t\t\t\t\t\t\t\t\t<p>Sur le site d\u201e\u201cAktion Mensch\", vous trouverez des informations sur toutes les communes mod\u00e8les :\u00a0<br \/><a title=\"www.aktion-mensch.de\/kommune-inklusiv\/\" href=\"https:\/\/www.aktion-mensch.de\/kommune-inklusiv\/\" target=\"_blank\" rel=\"noopener\">www.aktion-mensch.de\/kommune-inklusiv\/<\/a><\/p>\t\t\t\t\t\t\t\t<\/div>\n\t\t\t\t<div class=\"elementor-element elementor-element-28d70f2 elementor-widget__width-initial elementor-widget elementor-widget-image\" data-id=\"28d70f2\" data-element_type=\"widget\" data-e-type=\"widget\" data-widget_type=\"image.default\">\n\t\t\t\t\t\t\t\t\t\t\t\t\t\t\t<img decoding=\"async\" width=\"385\" height=\"226\" src=\"https:\/\/zsl-erlangen.de\/wp-content\/uploads\/2025\/11\/logo_am_klein.png\" class=\"attachment-large size-large wp-image-904\" alt=\"\" srcset=\"https:\/\/zsl-erlangen.de\/wp-content\/uploads\/2025\/11\/logo_am_klein.png 385w, https:\/\/zsl-erlangen.de\/wp-content\/uploads\/2025\/11\/logo_am_klein-300x176.png 300w\" sizes=\"(max-width: 385px) 100vw, 385px\" \/>\t\t\t\t\t\t\t\t\t\t\t\t\t\t\t<\/div>\n\t\t\t\t<\/div>\n\t\t<div class=\"elementor-element elementor-element-a55f9c2 e-con-full e-flex e-con e-child\" data-id=\"a55f9c2\" data-element_type=\"container\" data-e-type=\"container\" data-settings=\"{&quot;background_background&quot;:&quot;classic&quot;}\">\n\t\t\t\t<div class=\"elementor-element elementor-element-ba5ce1a elementor-widget elementor-widget-heading\" data-id=\"ba5ce1a\" data-element_type=\"widget\" data-e-type=\"widget\" data-widget_type=\"heading.default\">\n\t\t\t\t\t<h2 class=\"elementor-heading-title elementor-size-default\">Objectifs - Visions - Proc\u00e9dure<\/h2>\t\t\t\t<\/div>\n\t\t\t\t<div class=\"elementor-element elementor-element-45ab644 elementor-widget elementor-widget-text-editor\" data-id=\"45ab644\" data-element_type=\"widget\" data-e-type=\"widget\" data-widget_type=\"text-editor.default\">\n\t\t\t\t\t\t\t\t\t<p>Vous trouverez les objectifs, les visions et l'approche de la Commune Inclusive d'Erlangen dans notre document de politique g\u00e9n\u00e9rale :\u00a0<br \/><a href=\"https:\/\/zsl-erlangen.de\/fr\/fileadmin\/user_upload\/Grundsatzpapier_KI_Erlangen_bf_2021.pdf\/\">Vers le document d'orientation t\u00e9l\u00e9chargeable et accessible<\/a><\/p><p>Ou directement sur le site web d'Aktion Mensch via Kommune Inklusiv Erlangen :\u00a0<br \/><a href=\"https:\/\/www.aktion-mensch.de\/kommune-inklusiv\/infothek\/2024-2-erlangen-inklusionsarbeit-geht-weiter\" target=\"_blank\" rel=\"noopener\">https:\/\/www.aktion-mensch.de\/kommune-inklusiv\/infothek\/2024-2-erlangen-inklusionsarbeit-geht-weiter<\/a><\/p>\t\t\t\t\t\t\t\t<\/div>\n\t\t\t\t<\/div>\n\t\t\t\t<\/div>\n\t\t<div class=\"elementor-element elementor-element-b20ddc0 e-con-full e-flex e-con e-child\" data-id=\"b20ddc0\" data-element_type=\"container\" data-e-type=\"container\" data-settings=\"{&quot;background_background&quot;:&quot;classic&quot;}\">\n\t\t<div class=\"elementor-element elementor-element-1898d06 e-con-full e-flex e-con e-child\" data-id=\"1898d06\" data-element_type=\"container\" data-e-type=\"container\" data-settings=\"{&quot;background_background&quot;:&quot;classic&quot;}\">\n\t\t\t\t<div class=\"elementor-element elementor-element-04ec26e elementor-widget elementor-widget-heading\" data-id=\"04ec26e\" data-element_type=\"widget\" data-e-type=\"widget\" data-widget_type=\"heading.default\">\n\t\t\t\t\t<h2 class=\"elementor-heading-title elementor-size-default\">Points forts<\/h2>\t\t\t\t<\/div>\n\t\t\t\t<div class=\"elementor-element elementor-element-cab2263 elementor-widget elementor-widget-text-editor\" data-id=\"cab2263\" data-element_type=\"widget\" data-e-type=\"widget\" data-widget_type=\"text-editor.default\">\n\t\t\t\t\t\t\t\t\t<p>L'un de nos points forts a \u00e9t\u00e9 le podcast vid\u00e9o \u201eLe livre malin de la diversit\u00e9\u201c, r\u00e9alis\u00e9 avec les autres communes mod\u00e8les. Il y a un \u00e9pisode sur chacun des th\u00e8mes suivants :\u00a0<\/p><ul><li><a href=\"https:\/\/www.youtube.com\/watch?v=Wi0sG-sE_Js\" target=\"_blank\" rel=\"noopener\">Diversit\u00e9 dans le tourisme<\/a><\/li><li><a href=\"https:\/\/www.youtube.com\/watch?v=7EQT5kU_Ju0\" target=\"_blank\" rel=\"noopener\">Les normes DIN d'accessibilit\u00e9 - mal\u00e9diction ou b\u00e9n\u00e9diction ?<\/a><\/li><li><a href=\"https:\/\/www.youtube.com\/watch?v=lOLc6gHTsKw\" target=\"_blank\" rel=\"noopener\">La diversit\u00e9 dans la publicit\u00e9<\/a><\/li><li><a href=\"https:\/\/www.youtube.com\/watch?v=0TUjO-S1Efo\" target=\"_blank\" rel=\"noopener\">La diversit\u00e9 dans le monde du travail<\/a><\/li><li><a href=\"https:\/\/www.youtube.com\/watch?v=TDX-ZCs4QG4\" target=\"_blank\" rel=\"noopener\">Handicaps visibles et invisibles<\/a><\/li><li><a href=\"https:\/\/www.youtube.com\/watch?v=h1E5ndOdIZ8\" target=\"_blank\" rel=\"noopener\">La diversit\u00e9 devant la cam\u00e9ra<\/a><\/li><li><a href=\"https:\/\/www.youtube.com\/watch?v=VgB3SeM-2gY\" target=\"_blank\" rel=\"noopener\">La diversit\u00e9 derri\u00e8re la cam\u00e9ra<\/a><\/li><li><a href=\"https:\/\/www.youtube.com\/watch?v=Oq4CzKlgLiE\" target=\"_blank\" rel=\"noopener\">La diversit\u00e9 en politique<\/a><\/li><li><a href=\"https:\/\/www.youtube.com\/watch?v=fQQEbhizU1Q\" target=\"_blank\" rel=\"noopener\">Diversit\u00e9 dans le secteur de la sant\u00e9<\/a><\/li><li><a href=\"https:\/\/www.youtube.com\/watch?v=ODS_j5qCrPM\" target=\"_blank\" rel=\"noopener\">La diversit\u00e9 dans les m\u00e9dias<\/a><\/li><li><a href=\"https:\/\/www.youtube.com\/watch?v=PYuDlto7lI8\" target=\"_blank\" rel=\"noopener\">\u201eJe peux en rire ?\u201c<\/a><\/li><li><a href=\"https:\/\/www.youtube.com\/watch?v=6sMCgytYVI8\" target=\"_blank\" rel=\"noopener\">La diversit\u00e9 dans la science<\/a><\/li><li><a href=\"https:\/\/www.youtube.com\/watch?v=HSUeJkv2WUY\" target=\"_blank\" rel=\"noopener\">Diversit\u00e9 et inclusion<\/a><\/li><\/ul><p><br \/>Un deuxi\u00e8me temps fort a \u00e9t\u00e9 le contr\u00f4le des installations d'induction dans la ville d'Erlangen et le district d'Erlangen-H\u00f6chstadt :\u00a0<\/p><p>Vous trouverez ici la liste des installations \u00e0 induction dont nous avons connaissance dans la ville d'Erlangen et dans le district d'Erlangen\/H\u00f6chstadt, que vous pourrez t\u00e9l\u00e9charger :\u00a0<a href=\"https:\/\/inklusiv.zsl-erlangen.de\/fileadmin\/user_upload\/Liste_der_Induktionsanlagen_Stand_Mai_2023.xlsx\" target=\"_blank\" rel=\"noopener\">https:\/\/inklusiv.zsl-erlangen.de\/fileadmin\/user_upload\/Liste_der_Induktionsanlagen_Stand_Mai_2023.xlsx<\/a><\/p>\t\t\t\t\t\t\t\t<\/div>\n\t\t\t\t<\/div>\n\t\t<div class=\"elementor-element elementor-element-dd7f05b e-con-full e-flex e-con e-child\" data-id=\"dd7f05b\" data-element_type=\"container\" data-e-type=\"container\" data-settings=\"{&quot;background_background&quot;:&quot;classic&quot;}\">\n\t\t\t\t<div class=\"elementor-element elementor-element-0b38a59 elementor-widget elementor-widget-heading\" data-id=\"0b38a59\" data-element_type=\"widget\" data-e-type=\"widget\" data-widget_type=\"heading.default\">\n\t\t\t\t\t<h2 class=\"elementor-heading-title elementor-size-default\">Contact<\/h2>\t\t\t\t<\/div>\n\t\t\t\t<div class=\"elementor-element elementor-element-6a4bbf7 elementor-widget elementor-widget-text-editor\" data-id=\"6a4bbf7\" data-element_type=\"widget\" data-e-type=\"widget\" data-widget_type=\"text-editor.default\">\n\t\t\t\t\t\t\t\t\t<p>Si vous avez des questions sur le projet, n'h\u00e9sitez pas \u00e0 contacter Ina Fischer, ancienne responsable du projet, par e-mail ou par t\u00e9l\u00e9phone :\u00a0<\/p><p><strong>Courrier \u00e9lectronique :\u00a0<\/strong><a href=\"mailto:ina.fischer@zsl-erlangen.de\">ina.fischer@zsl-erlangen.de<\/a><\/p><p><strong>Num\u00e9ro de t\u00e9l\u00e9phone :<\/strong>\u00a009131 - 9878350<\/p>\t\t\t\t\t\t\t\t<\/div>\n\t\t\t\t<\/div>\n\t\t\t\t<\/div>\n\t\t\t\t<\/div>\n\t\t\t\t<\/div>\n\t\t\t\t\t<\/div>\n\t\t\t\t<\/div>\n\t\t\t\t<\/main>\n\t\t\t\t<\/main>\n\t\t\t\t<\/div>","protected":false},"excerpt":{"rendered":"<p>Projekt 2018 &#8211; 2023 Kommune Inklusiv Inklusion beginnt bei der inneren Haltung Das Projekt \u201eKommune Inklusiv Erlangen\u201c Das Projekt Kommune Inklusiv verfolgte die Vision eines bunten und wertsch\u00e4tzenden Miteinanders in Erlangen. Dabei ging es nicht nur um den Abbau konkreter Barrieren oder die Pr\u00e4vention von Ausgrenzung und Einsamkeit. Es ging im Kern darum, Erlangen zu [&hellip;]<\/p>\n","protected":false},"author":1,"featured_media":0,"parent":0,"menu_order":0,"comment_status":"closed","ping_status":"closed","template":"","meta":{"footnotes":""},"class_list":["post-2710","page","type-page","status-publish","hentry"],"_links":{"self":[{"href":"https:\/\/zsl-erlangen.de\/fr\/wp-json\/wp\/v2\/pages\/2710","targetHints":{"allow":["GET"]}}],"collection":[{"href":"https:\/\/zsl-erlangen.de\/fr\/wp-json\/wp\/v2\/pages"}],"about":[{"href":"https:\/\/zsl-erlangen.de\/fr\/wp-json\/wp\/v2\/types\/page"}],"author":[{"embeddable":true,"href":"https:\/\/zsl-erlangen.de\/fr\/wp-json\/wp\/v2\/users\/1"}],"replies":[{"embeddable":true,"href":"https:\/\/zsl-erlangen.de\/fr\/wp-json\/wp\/v2\/comments?post=2710"}],"version-history":[{"count":17,"href":"https:\/\/zsl-erlangen.de\/fr\/wp-json\/wp\/v2\/pages\/2710\/revisions"}],"predecessor-version":[{"id":5158,"href":"https:\/\/zsl-erlangen.de\/fr\/wp-json\/wp\/v2\/pages\/2710\/revisions\/5158"}],"wp:attachment":[{"href":"https:\/\/zsl-erlangen.de\/fr\/wp-json\/wp\/v2\/media?parent=2710"}],"curies":[{"name":"wp","href":"https:\/\/api.w.org\/{rel}","templated":true}]}}