{"id":2732,"date":"2026-01-25T10:19:47","date_gmt":"2026-01-25T10:19:47","guid":{"rendered":"https:\/\/zsl.webwolfdesign.eu\/?page_id=2732"},"modified":"2026-03-16T10:27:15","modified_gmt":"2026-03-16T10:27:15","slug":"declaration-de-protection-des-donnees-en-langage-simple","status":"publish","type":"page","link":"https:\/\/zsl-erlangen.de\/fr\/declaration-de-protection-des-donnees-en-langage-simple\/","title":{"rendered":"Datenschutzerkl\u00e4rung-leichte-sprache"},"content":{"rendered":"<div data-elementor-type=\"wp-page\" data-elementor-id=\"2732\" class=\"elementor elementor-2732\" data-elementor-post-type=\"page\">\n\t\t\t\t<div class=\"elementor-element elementor-element-69cb297 e-con-full e-flex e-con e-child\" data-id=\"69cb297\" data-element_type=\"container\" data-e-type=\"container\">\n\t\t\t\t<div class=\"elementor-element elementor-element-ad43895 elementor-widget elementor-widget-heading\" data-id=\"ad43895\" data-element_type=\"widget\" data-e-type=\"widget\" data-widget_type=\"heading.default\">\n\t\t\t\t\t<h2 class=\"elementor-heading-title elementor-size-default\">Page en langage simple<\/h2>\t\t\t\t<\/div>\n\t\t<div class=\"elementor-element elementor-element-b74631f e-flex e-con-boxed e-con e-child\" data-id=\"b74631f\" data-element_type=\"container\" data-e-type=\"container\" data-settings=\"{&quot;background_background&quot;:&quot;classic&quot;}\">\n\t\t\t\t\t<div class=\"e-con-inner\">\n\t\t<div class=\"elementor-element elementor-element-b97cce5 e-con-full e-flex e-con e-child\" data-id=\"b97cce5\" data-element_type=\"container\" data-e-type=\"container\" data-settings=\"{&quot;background_background&quot;:&quot;classic&quot;}\">\n\t\t\t\t<div class=\"elementor-element elementor-element-ce250d8 elementor-widget__width-initial elementor-widget elementor-widget-heading\" data-id=\"ce250d8\" data-element_type=\"widget\" data-e-type=\"widget\" data-widget_type=\"heading.default\">\n\t\t\t\t\t<h2 class=\"elementor-heading-title elementor-size-default\">D\u00e9claration de confidentialit\u00e9<\/h2>\t\t\t\t<\/div>\n\t\t\t\t<\/div>\n\t\t<div class=\"elementor-element elementor-element-beee77e e-con-full e-flex e-con e-child\" data-id=\"beee77e\" data-element_type=\"container\" data-e-type=\"container\" data-settings=\"{&quot;background_background&quot;:&quot;classic&quot;}\">\n\t\t<div class=\"elementor-element elementor-element-f4cd5ec e-con-full e-flex e-con e-child\" data-id=\"f4cd5ec\" data-element_type=\"container\" data-e-type=\"container\">\n\t\t\t\t<div class=\"elementor-element elementor-element-2eb5d52 elementor-widget elementor-widget-text-editor\" data-id=\"2eb5d52\" data-element_type=\"widget\" data-e-type=\"widget\" data-widget_type=\"text-editor.default\">\n\t\t\t\t\t\t\t\t\t<h2 data-start=\"85\" data-end=\"119\">Protection des donn\u00e9es en langage simple<\/h2><p data-start=\"121\" data-end=\"353\">La protection de vos donn\u00e9es personnelles est tr\u00e8s importante pour nous.<br data-start=\"178\" data-end=\"181\" \/>Nous traitons vos donn\u00e9es <strong data-start=\"207\" data-end=\"221\">prudent<\/strong> pour.<br data-start=\"225\" data-end=\"228\" \/>Nous traitons vos donn\u00e9es <strong data-start=\"253\" data-end=\"268\">confidentiel<\/strong>.<br data-start=\"269\" data-end=\"272\" \/>Nous respectons les <strong data-start=\"294\" data-end=\"317\">Lois sur la protection des donn\u00e9es<\/strong> et \u00e0 la pr\u00e9sente d\u00e9claration de confidentialit\u00e9.<\/p><h3 data-start=\"355\" data-end=\"405\">De quoi s'agit-il dans cette d\u00e9claration de confidentialit\u00e9 ?<\/h3><p data-start=\"406\" data-end=\"425\">Nous vous expliquons<\/p><ul data-start=\"426\" data-end=\"557\"><li data-start=\"426\" data-end=\"457\"><p data-start=\"428\" data-end=\"457\"><strong data-start=\"428\" data-end=\"444\">Quelles donn\u00e9es<\/strong> nous collectons,<\/p><\/li><li data-start=\"458\" data-end=\"488\"><p data-start=\"460\" data-end=\"488\"><strong data-start=\"460\" data-end=\"469\">pourquoi<\/strong> nous collectons des donn\u00e9es,<\/p><\/li><li data-start=\"489\" data-end=\"516\"><p data-start=\"491\" data-end=\"516\"><strong data-start=\"491\" data-end=\"498\">comme<\/strong> nous utilisons des donn\u00e9es,<\/p><\/li><li data-start=\"517\" data-end=\"557\"><p data-start=\"519\" data-end=\"557\">et <strong data-start=\"523\" data-end=\"536\">combien de temps<\/strong> nous enregistrons des donn\u00e9es.<\/p><\/li><\/ul><p data-start=\"559\" data-end=\"626\">Cela s'applique \u00e0 notre site web et \u00e0 toutes les pages qui en font partie.<\/p><h3 data-start=\"628\" data-end=\"655\">Qui est responsable ?<\/h3><p data-start=\"656\" data-end=\"789\">Pour les donn\u00e9es figurant sur ce site web, le <strong data-start=\"698\" data-end=\"724\">Exploitant du site web<\/strong> responsable.<br data-start=\"740\" data-end=\"743\" \/>Vous trouverez les donn\u00e9es de contact dans le <strong data-start=\"775\" data-end=\"788\">Mentions l\u00e9gales<\/strong>.<\/p><h3 data-start=\"791\" data-end=\"832\">Quelles donn\u00e9es peuvent \u00eatre collect\u00e9es ?<\/h3><p data-start=\"833\" data-end=\"846\">Par exemple<\/p><ul data-start=\"847\" data-end=\"1054\"><li data-start=\"847\" data-end=\"867\"><p data-start=\"849\" data-end=\"867\">Nom et adresse<\/p><\/li><li data-start=\"868\" data-end=\"905\"><p data-start=\"870\" data-end=\"905\">Adresse e-mail et num\u00e9ro de t\u00e9l\u00e9phone<\/p><\/li><li data-start=\"906\" data-end=\"960\"><p data-start=\"908\" data-end=\"960\">les textes que vous saisissez (par ex. dans le formulaire de contact)<\/p><\/li><li data-start=\"961\" data-end=\"1000\"><p data-start=\"963\" data-end=\"1000\">quelles pages vous visitez et quand<\/p><\/li><li data-start=\"1001\" data-end=\"1054\"><p data-start=\"1003\" data-end=\"1054\">donn\u00e9es techniques (par ex. infos sur l'appareil et adresse IP)<\/p><\/li><\/ul><h3 data-start=\"1056\" data-end=\"1083\">Dois-je fournir des donn\u00e9es ?<\/h3><p data-start=\"1084\" data-end=\"1295\">Vous pouvez g\u00e9n\u00e9ralement consulter notre site web <strong data-start=\"1117\" data-end=\"1143\">sans donn\u00e9es personnelles<\/strong> utiliser.<br data-start=\"1151\" data-end=\"1154\" \/>Lorsque nous demandons des informations personnelles, c'est g\u00e9n\u00e9ralement <strong data-start=\"1208\" data-end=\"1222\">volontaire<\/strong>.<br data-start=\"1223\" data-end=\"1226\" \/>Nous transmettons vos donn\u00e9es <strong data-start=\"1247\" data-end=\"1277\">pas sans votre consentement<\/strong> \u00e0 d'autres.<\/p><h3 data-start=\"1297\" data-end=\"1339\">Journaux du serveur (fichiers journaux du serveur)<\/h3><p data-start=\"1340\" data-end=\"1423\">Lorsque vous visitez notre site web, le serveur enregistre certaines informations, par exemple<\/p><ul data-start=\"1424\" data-end=\"1614\"><li data-start=\"1424\" data-end=\"1438\"><p data-start=\"1426\" data-end=\"1438\">Adresse IP<\/p><\/li><li data-start=\"1439\" data-end=\"1460\"><p data-start=\"1441\" data-end=\"1460\">Date et heure<\/p><\/li><li data-start=\"1461\" data-end=\"1505\"><p data-start=\"1463\" data-end=\"1505\">quelle page ou quel fichier a \u00e9t\u00e9 consult\u00e9<\/p><\/li><li data-start=\"1506\" data-end=\"1536\"><p data-start=\"1508\" data-end=\"1536\">si l'appel a fonctionn\u00e9<\/p><\/li><li data-start=\"1537\" data-end=\"1576\"><p data-start=\"1539\" data-end=\"1576\">de quel site vous venez<\/p><\/li><li data-start=\"1577\" data-end=\"1614\"><p data-start=\"1579\" data-end=\"1614\">Mots-cl\u00e9s (si vous cherchez quelque chose)<\/p><\/li><\/ul><p data-start=\"1616\" data-end=\"1773\">Ces donn\u00e9es nous aident \u00e0 <strong data-start=\"1643\" data-end=\"1657\">S\u00e9curit\u00e9<\/strong> et pour le <strong data-start=\"1670\" data-end=\"1693\">fonctionnement technique<\/strong>.<br data-start=\"1694\" data-end=\"1697\" \/>Ces donn\u00e9es peuvent le plus souvent <strong data-start=\"1725\" data-end=\"1765\">ne sont pas directement attribu\u00e9es \u00e0 une personne<\/strong> \u00eatre.<\/p><h3 data-start=\"1775\" data-end=\"1802\">Dans quel but utilisons-nous les donn\u00e9es ?<\/h3><p data-start=\"1803\" data-end=\"1820\">Par exemple pour :<\/p><ul data-start=\"1821\" data-end=\"1981\"><li data-start=\"1821\" data-end=\"1849\"><p data-start=\"1823\" data-end=\"1849\">l'exploitation du site web<\/p><\/li><li data-start=\"1850\" data-end=\"1880\"><p data-start=\"1852\" data-end=\"1880\">la r\u00e9ponse aux questions<\/p><\/li><li data-start=\"1881\" data-end=\"1912\"><p data-start=\"1883\" data-end=\"1912\">la s\u00e9curit\u00e9 du site web<\/p><\/li><li data-start=\"1913\" data-end=\"1955\"><p data-start=\"1915\" data-end=\"1955\">Statistiques (combien de fois quelque chose est utilis\u00e9)<\/p><\/li><li data-start=\"1956\" data-end=\"1981\"><p data-start=\"1958\" data-end=\"1981\">parfois aussi du marketing<\/p><\/li><\/ul><h3 data-start=\"1983\" data-end=\"2014\">S\u00e9curit\u00e9 : cryptage<\/h3><p data-start=\"2015\" data-end=\"2195\">Notre site utilise une <strong data-start=\"2039\" data-end=\"2061\">connexion s\u00e9curis\u00e9e<\/strong> (SSL\/TLS).<br data-start=\"2072\" data-end=\"2075\" \/>Vos donn\u00e9es seront alors mieux prot\u00e9g\u00e9es lors de l'envoi.<br data-start=\"2125\" data-end=\"2128\" \/>Vous le reconnaissez <strong data-start=\"2148\" data-end=\"2157\">https<\/strong> et le <strong data-start=\"2165\" data-end=\"2183\">Ic\u00f4ne du cadenas<\/strong> dans le navigateur.<\/p><h3 data-start=\"2197\" data-end=\"2217\">Formulaire de contact<\/h3><p data-start=\"2218\" data-end=\"2282\">Si vous nous \u00e9crivez via un formulaire de contact, nous enregistrons :<\/p><ul data-start=\"2283\" data-end=\"2322\"><li data-start=\"2283\" data-end=\"2297\"><p data-start=\"2285\" data-end=\"2297\">Vos coordonn\u00e9es<\/p><\/li><li data-start=\"2298\" data-end=\"2322\"><p data-start=\"2300\" data-end=\"2322\">et vos coordonn\u00e9es<\/p><\/li><\/ul><p data-start=\"2324\" data-end=\"2538\">Nous utilisons ces donn\u00e9es pour traiter votre demande.<br data-start=\"2376\" data-end=\"2379\" \/>Nous transmettons ces donn\u00e9es <strong data-start=\"2401\" data-end=\"2430\">pas sans votre permission<\/strong> continue.<br data-start=\"2438\" data-end=\"2441\" \/>Vous pouvez donner votre autorisation <strong data-start=\"2467\" data-end=\"2491\">r\u00e9voquer \u00e0 tout moment<\/strong>.<br data-start=\"2492\" data-end=\"2495\" \/>Alors, envoyez-nous un e-mail.<\/p><p data-start=\"2540\" data-end=\"2689\">Nous ne conservons les donn\u00e9es que le temps n\u00e9cessaire.<br data-start=\"2595\" data-end=\"2598\" \/>Parfois, il y a des d\u00e9lais de conservation l\u00e9gaux. Nous devons alors conserver les donn\u00e9es plus longtemps.<\/p><h3 data-start=\"2691\" data-end=\"2721\">Administration et comptabilit\u00e9<\/h3><p data-start=\"2722\" data-end=\"2754\">Parfois, nous avons besoin de donn\u00e9es pour :<\/p><ul data-start=\"2755\" data-end=\"2832\"><li data-start=\"2755\" data-end=\"2778\"><p data-start=\"2757\" data-end=\"2778\">Bureau et administration<\/p><\/li><li data-start=\"2779\" data-end=\"2794\"><p data-start=\"2781\" data-end=\"2794\">Comptabilit\u00e9<\/p><\/li><li data-start=\"2795\" data-end=\"2832\"><p data-start=\"2797\" data-end=\"2832\">obligations l\u00e9gales (par ex. archives)<\/p><\/li><\/ul><p data-start=\"2834\" data-end=\"2913\">En revanche, les donn\u00e9es peuvent \u00e9galement \u00eatre transmises \u00e0 des organismes tels que l'administration fiscale ou des conseillers fiscaux.<\/p><h3 data-start=\"2915\" data-end=\"2948\">Services d'autres fournisseurs<\/h3><p data-start=\"2949\" data-end=\"3035\">Des contenus d'autres entreprises peuvent \u00eatre int\u00e9gr\u00e9s \u00e0 notre site web, par exemple<\/p><ul data-start=\"3036\" data-end=\"3208\"><li data-start=\"3036\" data-end=\"3054\"><p data-start=\"3038\" data-end=\"3054\">Vid\u00e9os YouTube<\/p><\/li><li data-start=\"3055\" data-end=\"3086\"><p data-start=\"3057\" data-end=\"3086\">Google Fonts (polices de caract\u00e8res)<\/p><\/li><li data-start=\"3087\" data-end=\"3125\"><p data-start=\"3089\" data-end=\"3125\">Google reCAPTCHA (protection contre le spam)<\/p><\/li><li data-start=\"3126\" data-end=\"3150\"><p data-start=\"3128\" data-end=\"3150\">Google Maps (cartes)<\/p><\/li><li data-start=\"3151\" data-end=\"3183\"><p data-start=\"3153\" data-end=\"3183\">Google Analytics (statistiques)<\/p><\/li><li data-start=\"3184\" data-end=\"3208\"><p data-start=\"3186\" data-end=\"3208\">VGN (renseignements sur les horaires)<\/p><\/li><\/ul><p data-start=\"3210\" data-end=\"3361\">Il se peut que ces fournisseurs n'utilisent pas vos <strong data-start=\"3255\" data-end=\"3269\">Adresse IP<\/strong> de l'argent.<br data-start=\"3279\" data-end=\"3282\" \/>Si vous \u00eates li\u00e9 \u00e0 d'autres sites web, c'est leur r\u00e8glement sur la protection des donn\u00e9es qui s'applique.<\/p><h3 data-start=\"3363\" data-end=\"3374\">Cookies<\/h3><p data-start=\"3375\" data-end=\"3512\">Notre site web utilise parfois <strong data-start=\"3406\" data-end=\"3417\">Cookies<\/strong>.<br data-start=\"3418\" data-end=\"3421\" \/>Les cookies sont de petits fichiers dans le navigateur.<br data-start=\"3460\" data-end=\"3463\" \/>Ils rendent souvent le site web <strong data-start=\"3491\" data-end=\"3511\">plus facile \u00e0 utiliser<\/strong>.<\/p><p data-start=\"3514\" data-end=\"3643\">Vous pouvez autoriser ou refuser les cookies dans votre navigateur.<br data-start=\"3567\" data-end=\"3570\" \/>Si vous d\u00e9sactivez les cookies, le site web risque de moins bien fonctionner.<\/p><h3 data-start=\"3645\" data-end=\"3660\">Vos droits<\/h3><p data-start=\"3661\" data-end=\"3681\">Vous avez le droit<\/p><ul data-start=\"3682\" data-end=\"3922\"><li data-start=\"3682\" data-end=\"3734\"><p data-start=\"3684\" data-end=\"3734\">de savoir quelles donn\u00e9es nous d\u00e9tenons \u00e0 votre sujet<\/p><\/li><li data-start=\"3735\" data-end=\"3769\"><p data-start=\"3737\" data-end=\"3769\">faire modifier des donn\u00e9es erron\u00e9es<\/p><\/li><li data-start=\"3770\" data-end=\"3797\"><p data-start=\"3772\" data-end=\"3797\">faire supprimer des donn\u00e9es<\/p><\/li><li data-start=\"3798\" data-end=\"3840\"><p data-start=\"3800\" data-end=\"3840\">limiter l'utilisation de vos donn\u00e9es<\/p><\/li><li data-start=\"3841\" data-end=\"3873\"><p data-start=\"3843\" data-end=\"3873\">de s'opposer \u00e0 l'utilisation<\/p><\/li><li data-start=\"3874\" data-end=\"3922\"><p data-start=\"3876\" data-end=\"3922\">d'emporter vos donn\u00e9es (portabilit\u00e9 des donn\u00e9es)<\/p><\/li><\/ul><p data-start=\"3924\" data-end=\"3967\">Si vous le souhaitez, contactez-nous.<\/p>\t\t\t\t\t\t\t\t<\/div>\n\t\t\t\t<\/div>\n\t\t\t\t<\/div>\n\t\t\t\t\t<\/div>\n\t\t\t\t<\/div>\n\t\t\t\t<\/div>\n\t\t\t\t<\/div>","protected":false},"excerpt":{"rendered":"<p>Seite in einfacher Sprache Datenschutzerkl\u00e4rung Datenschutz in Leichter Sprache Der Schutz Ihrer pers\u00f6nlichen Daten ist uns sehr wichtig.Wir gehen mit Ihren Daten vorsichtig um.Wir behandeln Ihre Daten vertraulich.Wir halten uns an die Datenschutz-Gesetze und an diese Datenschutz-Erkl\u00e4rung. Worum geht es in dieser Datenschutz-Erkl\u00e4rung? Wir erkl\u00e4ren Ihnen: Welche Daten wir sammeln, warum wir Daten sammeln, wie [&hellip;]<\/p>\n","protected":false},"author":1,"featured_media":0,"parent":0,"menu_order":0,"comment_status":"closed","ping_status":"closed","template":"","meta":{"footnotes":""},"class_list":["post-2732","page","type-page","status-publish","hentry"],"_links":{"self":[{"href":"https:\/\/zsl-erlangen.de\/fr\/wp-json\/wp\/v2\/pages\/2732","targetHints":{"allow":["GET"]}}],"collection":[{"href":"https:\/\/zsl-erlangen.de\/fr\/wp-json\/wp\/v2\/pages"}],"about":[{"href":"https:\/\/zsl-erlangen.de\/fr\/wp-json\/wp\/v2\/types\/page"}],"author":[{"embeddable":true,"href":"https:\/\/zsl-erlangen.de\/fr\/wp-json\/wp\/v2\/users\/1"}],"replies":[{"embeddable":true,"href":"https:\/\/zsl-erlangen.de\/fr\/wp-json\/wp\/v2\/comments?post=2732"}],"version-history":[{"count":10,"href":"https:\/\/zsl-erlangen.de\/fr\/wp-json\/wp\/v2\/pages\/2732\/revisions"}],"predecessor-version":[{"id":3608,"href":"https:\/\/zsl-erlangen.de\/fr\/wp-json\/wp\/v2\/pages\/2732\/revisions\/3608"}],"wp:attachment":[{"href":"https:\/\/zsl-erlangen.de\/fr\/wp-json\/wp\/v2\/media?parent=2732"}],"curies":[{"name":"wp","href":"https:\/\/api.w.org\/{rel}","templated":true}]}}