{"id":2767,"date":"2026-01-25T11:31:31","date_gmt":"2026-01-25T11:31:31","guid":{"rendered":"https:\/\/zsl.webwolfdesign.eu\/?page_id=2767"},"modified":"2026-04-23T11:53:33","modified_gmt":"2026-04-23T11:53:33","slug":"selebe","status":"publish","type":"page","link":"https:\/\/zsl-erlangen.de\/fr\/selebe\/","title":{"rendered":"SeLeBe"},"content":{"rendered":"<div data-elementor-type=\"wp-page\" data-elementor-id=\"2767\" class=\"elementor elementor-2767\" data-elementor-post-type=\"page\">\n\t\t\t\t<main class=\"elementor-element elementor-element-4b1e20d e-con-full e-flex e-con e-parent\" data-id=\"4b1e20d\" data-element_type=\"container\" data-e-type=\"container\">\n\t\t<main class=\"elementor-element elementor-element-972cc32 e-con-full e-flex e-con e-child\" data-id=\"972cc32\" data-element_type=\"container\" data-e-type=\"container\" data-settings=\"{&quot;background_background&quot;:&quot;classic&quot;}\">\n\t\t<div class=\"elementor-element elementor-element-fa27d62 e-con-full e-flex e-con e-child\" data-id=\"fa27d62\" data-element_type=\"container\" data-e-type=\"container\">\n\t\t<div class=\"elementor-element elementor-element-b088417 e-con-full e-flex e-con e-child\" data-id=\"b088417\" data-element_type=\"container\" data-e-type=\"container\" data-settings=\"{&quot;background_background&quot;:&quot;gradient&quot;}\">\n\t\t\t\t<div class=\"elementor-element elementor-element-613c536 elementor-widget elementor-widget-text-editor\" data-id=\"613c536\" data-element_type=\"widget\" data-e-type=\"widget\" data-widget_type=\"text-editor.default\">\n\t\t\t\t\t\t\t\t\t<p>Projet 2001 - 2005<\/p>\t\t\t\t\t\t\t\t<\/div>\n\t\t\t\t<div class=\"elementor-element elementor-element-fefd9f5 elementor-widget elementor-widget-heading\" data-id=\"fefd9f5\" data-element_type=\"widget\" data-e-type=\"widget\" data-widget_type=\"heading.default\">\n\t\t\t\t\t<h2 class=\"elementor-heading-title elementor-size-default\">SeLeBe<\/h2>\t\t\t\t<\/div>\n\t\t\t\t<div class=\"elementor-element elementor-element-8b224a2 elementor-widget elementor-widget-text-editor\" data-id=\"8b224a2\" data-element_type=\"widget\" data-e-type=\"widget\" data-widget_type=\"text-editor.default\">\n\t\t\t\t\t\t\t\t\t<p><strong>Vivre de mani\u00e8re autonome sous respiration artificielle<\/strong><\/p>\t\t\t\t\t\t\t\t<\/div>\n\t\t\t\t<\/div>\n\t\t<div class=\"elementor-element elementor-element-5eb4ea2 e-con-full e-flex e-con e-child\" data-id=\"5eb4ea2\" data-element_type=\"container\" data-e-type=\"container\">\n\t\t\t\t<div class=\"elementor-element elementor-element-999af67 elementor-widget elementor-widget-image\" data-id=\"999af67\" data-element_type=\"widget\" data-e-type=\"widget\" data-widget_type=\"image.default\">\n\t\t\t\t\t\t\t\t\t\t\t\t\t\t\t<img fetchpriority=\"high\" decoding=\"async\" width=\"1500\" height=\"630\" src=\"https:\/\/zsl-erlangen.de\/wp-content\/uploads\/2026\/01\/projekt-selebe.jpg\" class=\"attachment-full size-full wp-image-2770\" alt=\"Projet-autod\u00e9termination-vie-avec-respiration\" srcset=\"https:\/\/zsl-erlangen.de\/wp-content\/uploads\/2026\/01\/projekt-selebe.jpg 1500w, https:\/\/zsl-erlangen.de\/wp-content\/uploads\/2026\/01\/projekt-selebe-300x126.jpg 300w, https:\/\/zsl-erlangen.de\/wp-content\/uploads\/2026\/01\/projekt-selebe-1024x430.jpg 1024w, https:\/\/zsl-erlangen.de\/wp-content\/uploads\/2026\/01\/projekt-selebe-768x323.jpg 768w\" sizes=\"(max-width: 1500px) 100vw, 1500px\" \/>\t\t\t\t\t\t\t\t\t\t\t\t\t\t\t<\/div>\n\t\t\t\t<\/div>\n\t\t\t\t<\/div>\n\t\t<div class=\"elementor-element elementor-element-7081f62 e-flex e-con-boxed e-con e-child\" data-id=\"7081f62\" data-element_type=\"container\" data-e-type=\"container\">\n\t\t\t\t\t<div class=\"e-con-inner\">\n\t\t<div class=\"elementor-element elementor-element-4bdf94c e-con-full e-flex e-con e-child\" data-id=\"4bdf94c\" data-element_type=\"container\" data-e-type=\"container\" data-settings=\"{&quot;background_background&quot;:&quot;classic&quot;}\">\n\t\t<div class=\"elementor-element elementor-element-5c87614 e-con-full e-flex e-con e-child\" data-id=\"5c87614\" data-element_type=\"container\" data-e-type=\"container\" data-settings=\"{&quot;background_background&quot;:&quot;classic&quot;}\">\n\t\t\t\t<div class=\"elementor-element elementor-element-046f3a2 elementor-widget elementor-widget-heading\" data-id=\"046f3a2\" data-element_type=\"widget\" data-e-type=\"widget\" data-widget_type=\"heading.default\">\n\t\t\t\t\t<h2 class=\"elementor-heading-title elementor-size-default\">Le projet \"SeLeBe - Vivre de mani\u00e8re autonome sous respiration artificielle\"<\/h2>\t\t\t\t<\/div>\n\t\t\t\t<div class=\"elementor-element elementor-element-da48079 elementor-widget elementor-widget-text-editor\" data-id=\"da48079\" data-element_type=\"widget\" data-e-type=\"widget\" data-widget_type=\"text-editor.default\">\n\t\t\t\t\t\t\t\t\t<p>\u201eIl ne fait aucun doute que l'utilisation de ces respirateurs n\u00e9cessite une certaine accoutumance... Vous ne devez pas croire maintenant que j'\u00e9tais heureux quand on m'a apport\u00e9 l'appareil. Au contraire, je n'ai fait que me plaindre. Je pensais que la fin \u00e9tait proche ! Mais en r\u00e9alit\u00e9, l'appareil \u00e9tait pour moi le d\u00e9but d'une nouvelle vie ! Pour la premi\u00e8re fois depuis de nombreuses ann\u00e9es, je dormais toute la nuit, je n'avais pas de maux de t\u00eate le matin, j'avais des \u00e9nergies renouvel\u00e9es et je ne m'endormais pas soudainement pendant la journ\u00e9e... La ventilation nocturne n'est absolument pas le d\u00e9but de la fin, c'est un nouveau commencement !\u201c<br \/>June Price (Living SMArt, Vol. 2, Issue 5 ; Oct.\/Nov. 1995)<\/p><p>Au ZSL e. V., vous conseillez des personnes handicap\u00e9es en tant qu'experts dans leur propre domaine (peer counselling). Nous donnons des conseils complets et comp\u00e9tents sur toutes les questions et probl\u00e8mes li\u00e9s au handicap. Bien entendu, les proches, les services de soins et les institutions peuvent \u00e9galement s'adresser \u00e0 nous.<br \/>Nous travaillons en \u00e9troite collaboration avec des m\u00e9decins et des organisations sp\u00e9cialis\u00e9es. Il en r\u00e9sulte un \u00e9change \u00e9gal de connaissances m\u00e9dicales sp\u00e9cialis\u00e9es et de savoir-faire issu de l'exp\u00e9rience personnelle.<\/p>\t\t\t\t\t\t\t\t<\/div>\n\t\t\t\t<\/div>\n\t\t\t\t<\/div>\n\t\t\t\t\t<\/div>\n\t\t\t\t<\/div>\n\t\t\t\t<\/main>\n\t\t\t\t<\/main>\n\t\t\t\t<\/div>","protected":false},"excerpt":{"rendered":"<p>Projekt 2001 &#8211; 2005 SeLeBe Selbstbestimmt Leben mit Beatmung Das Projekt &#8222;SeLeBe &#8211; Selbstbestimmt Leben mit Beatmung&#8220; &#8222;Es ist keine Frage, da\u00df die Benutzung dieser Beatmungsger\u00e4te einer gewissen Gew\u00f6hnung bedarf&#8230; Sie m\u00fcssen jetzt nicht glauben, da\u00df ich gl\u00fccklich war, als mir das Ger\u00e4t gebracht wurde. Im Gegenteil, ich habe nur gejammert. Ich glaubte, das Ende [&hellip;]<\/p>\n","protected":false},"author":1,"featured_media":0,"parent":0,"menu_order":0,"comment_status":"closed","ping_status":"closed","template":"","meta":{"footnotes":""},"class_list":["post-2767","page","type-page","status-publish","hentry"],"_links":{"self":[{"href":"https:\/\/zsl-erlangen.de\/fr\/wp-json\/wp\/v2\/pages\/2767","targetHints":{"allow":["GET"]}}],"collection":[{"href":"https:\/\/zsl-erlangen.de\/fr\/wp-json\/wp\/v2\/pages"}],"about":[{"href":"https:\/\/zsl-erlangen.de\/fr\/wp-json\/wp\/v2\/types\/page"}],"author":[{"embeddable":true,"href":"https:\/\/zsl-erlangen.de\/fr\/wp-json\/wp\/v2\/users\/1"}],"replies":[{"embeddable":true,"href":"https:\/\/zsl-erlangen.de\/fr\/wp-json\/wp\/v2\/comments?post=2767"}],"version-history":[{"count":13,"href":"https:\/\/zsl-erlangen.de\/fr\/wp-json\/wp\/v2\/pages\/2767\/revisions"}],"predecessor-version":[{"id":4850,"href":"https:\/\/zsl-erlangen.de\/fr\/wp-json\/wp\/v2\/pages\/2767\/revisions\/4850"}],"wp:attachment":[{"href":"https:\/\/zsl-erlangen.de\/fr\/wp-json\/wp\/v2\/media?parent=2767"}],"curies":[{"name":"wp","href":"https:\/\/api.w.org\/{rel}","templated":true}]}}